{"id":13717,"date":"2021-07-26T13:59:49","date_gmt":"2021-07-26T13:59:49","guid":{"rendered":"https:\/\/leisurepools.be\/swimmingpool-anlegen\/"},"modified":"2021-11-19T14:06:31","modified_gmt":"2021-11-19T14:06:31","slug":"swimmingpool-anlegen","status":"publish","type":"page","link":"https:\/\/leisurepools.be\/de\/swimmingpool-anlegen\/","title":{"rendered":"Swimmingpool anlegen"},"content":{"rendered":"\t\t<div data-elementor-type=\"wp-page\" data-elementor-id=\"13717\" class=\"elementor elementor-13717 elementor-54\" data-elementor-post-type=\"page\">\n\t\t\t\t\t\t<section class=\"elementor-section elementor-top-section elementor-element elementor-element-45684ec9 elementor-section-full_width elementor-section-height-default elementor-section-height-default\" data-id=\"45684ec9\" data-element_type=\"section\">\n\t\t\t\t\t\t<div class=\"elementor-container elementor-column-gap-default\">\n\t\t\t\t\t<div class=\"elementor-column elementor-col-100 elementor-top-column elementor-element elementor-element-166e99b2\" data-id=\"166e99b2\" data-element_type=\"column\">\n\t\t\t<div class=\"elementor-widget-wrap elementor-element-populated\">\n\t\t\t\t\t\t<div class=\"elementor-element elementor-element-98353cb elementor-widget elementor-widget-breadcrumbs\" data-id=\"98353cb\" data-element_type=\"widget\" data-widget_type=\"breadcrumbs.default\">\n\t\t\t\t<div class=\"elementor-widget-container\">\n\t\t\t\t\t<p id=\"breadcrumbs\"><span><span><a href=\"https:\/\/leisurepools.be\/de\/\">Home<\/a><\/span><\/span><\/p>\t\t\t\t<\/div>\n\t\t\t\t<\/div>\n\t\t\t\t<div class=\"elementor-element elementor-element-bedb20 elementor-widget elementor-widget-heading\" data-id=\"bedb20\" data-element_type=\"widget\" data-widget_type=\"heading.default\">\n\t\t\t\t<div class=\"elementor-widget-container\">\n\t\t\t\t\t<h2 class=\"elementor-heading-title elementor-size-default\">Swimmingpool anlegen<\/h2>\t\t\t\t<\/div>\n\t\t\t\t<\/div>\n\t\t\t\t<div class=\"elementor-element elementor-element-42412355 elementor-widget__width-initial elementor-widget-tablet__width-inherit elementor-widget elementor-widget-heading\" data-id=\"42412355\" data-element_type=\"widget\" data-widget_type=\"heading.default\">\n\t\t\t\t<div class=\"elementor-widget-container\">\n\t\t\t\t\t<p class=\"elementor-heading-title elementor-size-default\">Bevor Sie sich in Ihrem Swimmingpool von LEISURE POOLS entspannen k\u00f6nnen, haben Sie wahrscheinlich noch einige Fragen. Logisch, denn wenn man einen Swimmingpool anlegen m\u00f6chte, ist einiges zu beachten. So machen Sie sich am besten schon vorher Gedanken dar\u00fcber, welche Art von Pool Sie w\u00fcnschen, wo der Pool im Garten seinen Platz finden wird, \u00fcber die Poolheizung, Poolabdeckung, Poolpflege usw. Auf diesen Seiten beantworten wir ausf\u00fchrlich die meistgestellten Fragen zum Thema Swimmingpool.<\/p>\t\t\t\t<\/div>\n\t\t\t\t<\/div>\n\t\t\t\t<div class=\"elementor-element elementor-element-95ac578 elementor-widget elementor-widget-heading\" data-id=\"95ac578\" data-element_type=\"widget\" data-widget_type=\"heading.default\">\n\t\t\t\t<div class=\"elementor-widget-container\">\n\t\t\t\t\t<h2 class=\"elementor-heading-title elementor-size-default\">SECHS DINGE, DIE SIE \u00dcBER IHREN TRAUMPOOL WISSEN SOLLTEN:\n<\/h2>\t\t\t\t<\/div>\n\t\t\t\t<\/div>\n\t\t\t\t\t<\/div>\n\t\t<\/div>\n\t\t\t\t\t<\/div>\n\t\t<\/section>\n\t\t\t\t<section class=\"elementor-section elementor-top-section elementor-element elementor-element-0e82dd6 elementor-section-full_width elementor-section-height-default elementor-section-height-default\" data-id=\"0e82dd6\" data-element_type=\"section\">\n\t\t\t\t\t\t<div class=\"elementor-container elementor-column-gap-no\">\n\t\t\t\t\t<div class=\"make-column-clickable-elementor mighty-wrapper-link elementor-column elementor-col-50 elementor-top-column elementor-element elementor-element-edf81c0\" style=\"cursor: pointer;\" data-column-clickable=\"https:\/\/leisurepools.be\/de\/swimmingpool-anlegen\/swimmingpool-im-garten\/\" data-column-clickable-blank=\"_self\" data-mt-wrapperlink=\"http:\/\/leisurepools.be\/zwembad-aanleggen\/cms-een-zwembad-voor-het-leven\/\" data-mt-wrapperlink-external=\"\" data-dce-background-image-url=\"https:\/\/ml7cdi2sipnn.i.optimole.com\/lpLzaX0-AbeyNrbW\/w:auto\/h:auto\/q:auto\/http:\/\/leisurepools.be\/wp-content\/uploads\/2021\/05\/vrhetleven.jpg\" data-id=\"edf81c0\" data-element_type=\"column\" id=\"zwembadvoorhetleven\" data-settings=\"{&quot;background_background&quot;:&quot;classic&quot;}\">\n\t\t\t<div class=\"elementor-widget-wrap elementor-element-populated\">\n\t\t\t\t\t\t<div data-dce-advanced-background-color=\"#FFFFFFD9\" class=\"elementor-element elementor-element-84442ff banner elementor-widget elementor-widget-heading\" data-id=\"84442ff\" data-element_type=\"widget\" data-widget_type=\"heading.default\">\n\t\t\t\t<div class=\"elementor-widget-container\">\n\t\t\t\t\t<h2 class=\"elementor-heading-title elementor-size-default\">Ein Swimmingpool f\u00fcrs Leben<\/h2>\t\t\t\t<\/div>\n\t\t\t\t<\/div>\n\t\t\t\t\t<\/div>\n\t\t<\/div>\n\t\t\t\t<div class=\"make-column-clickable-elementor elementor-column elementor-col-50 elementor-top-column elementor-element elementor-element-c8d09f8\" style=\"cursor: pointer;\" data-column-clickable=\"https:\/\/leisurepools.be\/de\/swimmingpool-anlegen\/preis-fur-einen-swimmingpool\/\" data-column-clickable-blank=\"_self\" data-dce-background-image-url=\"https:\/\/ml7cdi2sipnn.i.optimole.com\/lpLzaX0-gxYZtuus\/w:auto\/h:auto\/q:auto\/http:\/\/leisurepools.be\/wp-content\/uploads\/2021\/05\/prijszw.jpg\" data-id=\"c8d09f8\" data-element_type=\"column\" id=\"prijsvaneenzwembad\" data-settings=\"{&quot;background_background&quot;:&quot;classic&quot;}\">\n\t\t\t<div class=\"elementor-widget-wrap elementor-element-populated\">\n\t\t\t\t\t\t<div data-dce-advanced-background-color=\"#FFFFFFD9\" class=\"elementor-element elementor-element-4cd2b95 banner elementor-widget elementor-widget-heading\" data-id=\"4cd2b95\" data-element_type=\"widget\" data-widget_type=\"heading.default\">\n\t\t\t\t<div class=\"elementor-widget-container\">\n\t\t\t\t\t<h2 class=\"elementor-heading-title elementor-size-default\">Preis f\u00fcr einen Swimmingpool<\/h2>\t\t\t\t<\/div>\n\t\t\t\t<\/div>\n\t\t\t\t\t<\/div>\n\t\t<\/div>\n\t\t\t\t\t<\/div>\n\t\t<\/section>\n\t\t\t\t<section class=\"elementor-section elementor-top-section elementor-element elementor-element-e215d1a elementor-section-full_width elementor-section-height-default elementor-section-height-default\" data-id=\"e215d1a\" data-element_type=\"section\">\n\t\t\t\t\t\t<div class=\"elementor-container elementor-column-gap-no\">\n\t\t\t\t\t<div class=\"make-column-clickable-elementor elementor-column elementor-col-50 elementor-top-column elementor-element elementor-element-661205f\" style=\"cursor: pointer;\" data-column-clickable=\"https:\/\/leisurepools.be\/de\/swimmingpool-anlegen\/swimmingpool-im-garten\/\" data-column-clickable-blank=\"_self\" data-dce-background-image-url=\"https:\/\/ml7cdi2sipnn.i.optimole.com\/lpLzaX0-0nYXdAvR\/w:auto\/h:auto\/q:auto\/http:\/\/leisurepools.be\/wp-content\/uploads\/2021\/05\/tuin.jpg\" data-id=\"661205f\" data-element_type=\"column\" id=\"zwembadintuin\" data-settings=\"{&quot;background_background&quot;:&quot;classic&quot;}\">\n\t\t\t<div class=\"elementor-widget-wrap elementor-element-populated\">\n\t\t\t\t\t\t<div data-dce-advanced-background-color=\"#FFFFFFD9\" class=\"elementor-element elementor-element-f738aee banner elementor-widget elementor-widget-heading\" data-id=\"f738aee\" data-element_type=\"widget\" data-widget_type=\"heading.default\">\n\t\t\t\t<div class=\"elementor-widget-container\">\n\t\t\t\t\t<h2 class=\"elementor-heading-title elementor-size-default\">Swimmingpool im Garten<\/h2>\t\t\t\t<\/div>\n\t\t\t\t<\/div>\n\t\t\t\t\t<\/div>\n\t\t<\/div>\n\t\t\t\t<div class=\"make-column-clickable-elementor elementor-column elementor-col-50 elementor-top-column elementor-element elementor-element-fcf19c9\" style=\"cursor: pointer;\" data-column-clickable=\"https:\/\/leisurepools.be\/de\/swimmingpool-anlegen\/luxus-eines-monoblock-pools\/\" data-column-clickable-blank=\"_self\" data-dce-background-image-url=\"https:\/\/ml7cdi2sipnn.i.optimole.com\/lpLzaX0-t6-9qh4t\/w:auto\/h:auto\/q:auto\/http:\/\/leisurepools.be\/wp-content\/uploads\/2021\/05\/monoblok.jpg\" data-id=\"fcf19c9\" data-element_type=\"column\" id=\"monoblok\" data-settings=\"{&quot;background_background&quot;:&quot;classic&quot;}\">\n\t\t\t<div class=\"elementor-widget-wrap elementor-element-populated\">\n\t\t\t\t\t\t<div data-dce-advanced-background-color=\"#FFFFFFD9\" class=\"elementor-element elementor-element-c190e10 banner elementor-widget elementor-widget-heading\" data-id=\"c190e10\" data-element_type=\"widget\" data-widget_type=\"heading.default\">\n\t\t\t\t<div class=\"elementor-widget-container\">\n\t\t\t\t\t<h2 class=\"elementor-heading-title elementor-size-default\">Luxus eines Monoblock-Pools<\/h2>\t\t\t\t<\/div>\n\t\t\t\t<\/div>\n\t\t\t\t\t<\/div>\n\t\t<\/div>\n\t\t\t\t\t<\/div>\n\t\t<\/section>\n\t\t\t\t<section class=\"elementor-section elementor-top-section elementor-element elementor-element-46beb28 elementor-section-full_width elementor-section-height-default elementor-section-height-default\" data-id=\"46beb28\" data-element_type=\"section\">\n\t\t\t\t\t\t<div class=\"elementor-container elementor-column-gap-no\">\n\t\t\t\t\t<div class=\"make-column-clickable-elementor elementor-column elementor-col-50 elementor-top-column elementor-element elementor-element-fcd484f\" style=\"cursor: pointer;\" data-column-clickable=\"https:\/\/leisurepools.be\/de\/poolheizung\/\" data-column-clickable-blank=\"_self\" data-dce-background-image-url=\"https:\/\/ml7cdi2sipnn.i.optimole.com\/lpLzaX0-vrRqBOeB\/w:auto\/h:auto\/q:auto\/http:\/\/leisurepools.be\/wp-content\/uploads\/2021\/04\/4-1.jpg\" data-id=\"fcd484f\" data-element_type=\"column\" id=\"zwembadverwarming\" data-settings=\"{&quot;background_background&quot;:&quot;classic&quot;}\">\n\t\t\t<div class=\"elementor-widget-wrap elementor-element-populated\">\n\t\t\t\t\t\t<div data-dce-advanced-background-color=\"#FFFFFFD9\" class=\"elementor-element elementor-element-7b1b818 banner elementor-widget elementor-widget-heading\" data-id=\"7b1b818\" data-element_type=\"widget\" data-widget_type=\"heading.default\">\n\t\t\t\t<div class=\"elementor-widget-container\">\n\t\t\t\t\t<h2 class=\"elementor-heading-title elementor-size-default\">Poolheizung<\/h2>\t\t\t\t<\/div>\n\t\t\t\t<\/div>\n\t\t\t\t\t<\/div>\n\t\t<\/div>\n\t\t\t\t<div class=\"make-column-clickable-elementor elementor-column elementor-col-50 elementor-top-column elementor-element elementor-element-2c60d75\" style=\"cursor: pointer;\" data-column-clickable=\"https:\/\/leisurepools.be\/de\/poolabdeckung\/\" data-column-clickable-blank=\"_self\" data-dce-background-image-url=\"https:\/\/ml7cdi2sipnn.i.optimole.com\/lpLzaX0-PZYhGCsu\/w:auto\/h:auto\/q:auto\/http:\/\/leisurepools.be\/wp-content\/uploads\/2021\/05\/afdekking.jpg\" data-id=\"2c60d75\" data-element_type=\"column\" id=\"zwembadafdekking\" data-settings=\"{&quot;background_background&quot;:&quot;classic&quot;}\">\n\t\t\t<div class=\"elementor-widget-wrap elementor-element-populated\">\n\t\t\t\t\t\t<div data-dce-advanced-background-color=\"#FFFFFFD9\" class=\"elementor-element elementor-element-61fd846 banner elementor-widget elementor-widget-heading\" data-id=\"61fd846\" data-element_type=\"widget\" data-widget_type=\"heading.default\">\n\t\t\t\t<div class=\"elementor-widget-container\">\n\t\t\t\t\t<h2 class=\"elementor-heading-title elementor-size-default\">Poolabdeckung<\/h2>\t\t\t\t<\/div>\n\t\t\t\t<\/div>\n\t\t\t\t\t<\/div>\n\t\t<\/div>\n\t\t\t\t\t<\/div>\n\t\t<\/section>\n\t\t\t\t<section class=\"elementor-section elementor-top-section elementor-element elementor-element-17f76c99 elementor-section-boxed elementor-section-height-default elementor-section-height-default\" data-id=\"17f76c99\" data-element_type=\"section\">\n\t\t\t\t\t\t<div class=\"elementor-container elementor-column-gap-default\">\n\t\t\t\t\t<div class=\"elementor-column elementor-col-100 elementor-top-column elementor-element elementor-element-1131a8e0\" data-id=\"1131a8e0\" data-element_type=\"column\">\n\t\t\t<div class=\"elementor-widget-wrap elementor-element-populated\">\n\t\t\t\t\t\t<div class=\"elementor-element elementor-element-6b8e5149 elementor-widget elementor-widget-slider_revolution\" data-id=\"6b8e5149\" data-element_type=\"widget\" data-widget_type=\"slider_revolution.default\">\n\t\t\t\t<div class=\"elementor-widget-container\">\n\t\t\t\t\t\n\t\t<div class=\"wp-block-themepunch-revslider\">\t\t\t<script src=\"\/\/leisurepools.be\/wp-content\/plugins\/revslider\/sr6\/assets\/js\/rbtools.min.js?rev=6.7.25\"><\/script>\n\t\t\t<script src=\"\/\/leisurepools.be\/wp-content\/plugins\/revslider\/sr6\/assets\/js\/rs6.min.js?rev=6.7.25\"><\/script>\n\n\t\t\t<!-- START Slider 1 1 REVOLUTION SLIDER 6.7.25 --><p class=\"rs-p-wp-fix\"><\/p>\n\t\t\t<rs-module-wrap id=\"rev_slider_9_1_wrapper\" data-source=\"gallery\" style=\"visibility:hidden;background:transparent;padding:0;margin:0px auto;margin-top:0;margin-bottom:0;\">\n\t\t\t\t<rs-module id=\"rev_slider_9_1\" style=\"\" data-version=\"6.7.25\">\n\t\t\t\t\t<rs-slides style=\"overflow: hidden; position: absolute;\">\n\t\t\t\t\t\t<rs-slide style=\"position: absolute;\" data-key=\"rs-14\" data-title=\"Slide\" data-anim=\"adpr:false;\" data-in=\"o:0;\" data-out=\"a:false;\" data-beforeafter='{\"bgColor\":\"#e7e7e7\",\"bgType\":\"image\",\"bgImage\":\"https:\\\/\\\/leisurepools.be\\\/wp-content\\\/uploads\\\/2021\\\/04\\\/slidernewnodrawing-e1618390084849.jpg\",\"bgFit\":\"cover\",\"bgPos\":\"center bottom\",\"moveto\":\"80%|50%|50%|50%\",\"bgRepeat\":\"no-repeat\",\"direction\":\"horizontal\",\"easing\":\"elastic.inOut\",\"delay\":500,\"time\":\"5000ms\",\"out\":\"fade\",\"carousel\":false,\"bounceArrows\":\"infinite\",\"bounceType\":\"attract\",\"bounceAmount\":5,\"bounceSpeed\":\"5000ms\",\"bounceEasing\":\"ease-in-out\",\"bounceDelay\":0,\"shiftOffset\":\"5px\",\"shiftTiming\":300,\"shiftEasing\":\"ease\",\"shiftDelay\":0}'>\n\t\t\t\t\t\t\t<img fetchpriority=\"high\" decoding=\"async\" src=\"\/\/leisurepools.be\/wp-content\/plugins\/revslider\/sr6\/assets\/assets\/dummy.png\" alt=\"\" title=\"slidernewdrawing\" width=\"1920\" height=\"888\" class=\"rev-slidebg tp-rs-img rs-lazyload\" data-lazyload=\"\/\/leisurepools.be\/wp-content\/uploads\/2021\/04\/slidernewdrawing.jpg\" data-bg=\"p:center bottom;\" data-no-retina>\n<!---->\t\t\t\t\t<\/rs-slide>\n\t\t\t\t\t<\/rs-slides>\n\t\t\t\t<\/rs-module>\n\t\t\t\t<script>\n\t\t\t\t\tsetREVStartSize({c: 'rev_slider_9_1',rl:[1240,1024,778,480],el:[888,768,960,720],gw:[1920,1024,778,480],gh:[888,768,960,720],type:'standard',justify:'',layout:'fullwidth',mh:\"0\"});if (window.RS_MODULES!==undefined && window.RS_MODULES.modules!==undefined && window.RS_MODULES.modules[\"revslider91\"]!==undefined) {window.RS_MODULES.modules[\"revslider91\"].once = false;window.revapi9 = undefined;if (window.RS_MODULES.checkMinimal!==undefined) window.RS_MODULES.checkMinimal()}\n\t\t\t\t<\/script>\n\t\t\t<\/rs-module-wrap>\n\t\t\t<!-- END REVOLUTION SLIDER -->\n<\/div>\n\n\t\t\t\t\t\t<\/div>\n\t\t\t\t<\/div>\n\t\t\t\t\t<\/div>\n\t\t<\/div>\n\t\t\t\t\t<\/div>\n\t\t<\/section>\n\t\t\t\t<section data-dce-background-color=\"#FFFFFF\" class=\"elementor-section elementor-top-section elementor-element elementor-element-1595d090 elementor-section-full_width elementor-section-height-default elementor-section-height-default\" data-id=\"1595d090\" data-element_type=\"section\" data-settings=\"{&quot;background_background&quot;:&quot;classic&quot;}\">\n\t\t\t\t\t\t<div class=\"elementor-container elementor-column-gap-default\">\n\t\t\t\t\t<div class=\"elementor-column elementor-col-25 elementor-top-column elementor-element elementor-element-108f15ea\" data-id=\"108f15ea\" data-element_type=\"column\">\n\t\t\t<div class=\"elementor-widget-wrap\">\n\t\t\t\t\t\t\t<\/div>\n\t\t<\/div>\n\t\t\t\t<div class=\"make-column-clickable-elementor elementor-column elementor-col-50 elementor-top-column elementor-element elementor-element-675b0dd6\" style=\"cursor: pointer;\" data-column-clickable=\"http:\/\/monoblokzwembad.be\/?lang=de\" data-column-clickable-blank=\"_blank\" data-id=\"675b0dd6\" data-element_type=\"column\">\n\t\t\t<div class=\"elementor-widget-wrap elementor-element-populated\">\n\t\t\t\t\t\t<div class=\"elementor-element elementor-element-4dfd7398 elementor-widget__width-initial elementor-widget elementor-widget-heading\" data-id=\"4dfd7398\" data-element_type=\"widget\" data-widget_type=\"heading.default\">\n\t\t\t\t<div class=\"elementor-widget-container\">\n\t\t\t\t\t<h2 class=\"elementor-heading-title elementor-size-default\">M\u00f6chten Sie wissen, was Ihr Traumpool eigentlich kostet?<br> Finden Sie es mit unserem Pool-Konfigurator heraus!<\/h2>\t\t\t\t<\/div>\n\t\t\t\t<\/div>\n\t\t\t\t<section class=\"elementor-section elementor-inner-section elementor-element elementor-element-1b4619d0 elementor-section-full_width elementor-section-height-default elementor-section-height-default\" data-id=\"1b4619d0\" data-element_type=\"section\">\n\t\t\t\t\t\t<div class=\"elementor-container elementor-column-gap-default\">\n\t\t\t\t\t<div class=\"elementor-column elementor-col-100 elementor-inner-column elementor-element elementor-element-11953a3b\" data-id=\"11953a3b\" data-element_type=\"column\">\n\t\t\t<div class=\"elementor-widget-wrap elementor-element-populated\">\n\t\t\t\t\t\t<div class=\"elementor-element elementor-element-61e94c38 elementor-align-center elementor-widget elementor-widget-button\" data-id=\"61e94c38\" data-element_type=\"widget\" data-widget_type=\"button.default\">\n\t\t\t\t<div class=\"elementor-widget-container\">\n\t\t\t\t\t\t\t\t\t<div class=\"elementor-button-wrapper\">\n\t\t\t\t\t<a class=\"elementor-button elementor-button-link elementor-size-sm\" href=\"https:\/\/monoblokzwembad.be\/de\/\" target=\"_blank\">\n\t\t\t\t\t\t<span class=\"elementor-button-content-wrapper\">\n\t\t\t\t\t\t<span class=\"elementor-button-icon\">\n\t\t\t\t<svg xmlns=\"http:\/\/www.w3.org\/2000\/svg\" width=\"21.002\" height=\"20.47\" viewBox=\"0 0 21.002 20.47\"><defs><style>.a{fill:#fff;}<\/style><\/defs><path class=\"a\" d=\"M8.93,3.136,9.97,2.1a1.12,1.12,0,0,1,1.589,0L20.672,11.2a1.12,1.12,0,0,1,0,1.589L11.559,21.9a1.12,1.12,0,0,1-1.589,0L8.93,20.864a1.126,1.126,0,0,1,.019-1.608L14.6,13.875H1.125A1.122,1.122,0,0,1,0,12.75v-1.5a1.122,1.122,0,0,1,1.125-1.125H14.6L8.948,4.744A1.118,1.118,0,0,1,8.93,3.136Z\" transform=\"translate(0 -1.765)\"><\/path><\/svg>\t\t\t<\/span>\n\t\t\t\t\t\t\t\t\t<span class=\"elementor-button-text\">Starten Sie unseren Swimmingpool-Konfigurator<\/span>\n\t\t\t\t\t<\/span>\n\t\t\t\t\t<\/a>\n\t\t\t\t<\/div>\n\t\t\t\t\t\t\t\t<\/div>\n\t\t\t\t<\/div>\n\t\t\t\t\t<\/div>\n\t\t<\/div>\n\t\t\t\t\t<\/div>\n\t\t<\/section>\n\t\t\t\t\t<\/div>\n\t\t<\/div>\n\t\t\t\t<div class=\"elementor-column elementor-col-25 elementor-top-column elementor-element elementor-element-419eb99\" data-id=\"419eb99\" data-element_type=\"column\">\n\t\t\t<div class=\"elementor-widget-wrap\">\n\t\t\t\t\t\t\t<\/div>\n\t\t<\/div>\n\t\t\t\t\t<\/div>\n\t\t<\/section>\n\t\t\t\t<\/div>\n\t\t","protected":false},"excerpt":{"rendered":"<p>Swimmingpool anlegen Bevor Sie sich in Ihrem Swimmingpool von LEISURE POOLS entspannen k\u00f6nnen, haben Sie wahrscheinlich noch einige Fragen. Logisch, denn wenn man einen Swimmingpool anlegen m\u00f6chte, ist einiges zu beachten. So machen Sie sich am besten schon vorher Gedanken dar\u00fcber, welche Art von Pool Sie w\u00fcnschen, wo der Pool im Garten seinen Platz finden [&hellip;]<\/p>\n","protected":false},"author":1,"featured_media":0,"parent":0,"menu_order":0,"comment_status":"closed","ping_status":"closed","template":"","meta":{"_monsterinsights_skip_tracking":false,"_monsterinsights_sitenote_active":false,"_monsterinsights_sitenote_note":"","_monsterinsights_sitenote_category":0,"footnotes":""},"class_list":["post-13717","page","type-page","status-publish","hentry"],"aioseo_notices":[],"yoast_head":"<!-- This site is optimized with the Yoast SEO plugin v24.1 - https:\/\/yoast.com\/wordpress\/plugins\/seo\/ -->\n<title>Swimmingpool anlegen - Leisure Pools<\/title>\n<meta name=\"robots\" content=\"index, follow, max-snippet:-1, max-image-preview:large, max-video-preview:-1\" \/>\n<link rel=\"canonical\" href=\"https:\/\/leisurepools.be\/de\/swimmingpool-anlegen\/\" \/>\n<meta property=\"og:locale\" content=\"de_DE\" \/>\n<meta property=\"og:type\" content=\"article\" \/>\n<meta property=\"og:title\" content=\"Swimmingpool anlegen - Leisure Pools\" \/>\n<meta property=\"og:description\" content=\"Swimmingpool anlegen Bevor Sie sich in Ihrem Swimmingpool von LEISURE POOLS entspannen k\u00f6nnen, haben Sie wahrscheinlich noch einige Fragen. Logisch, denn wenn man einen Swimmingpool anlegen m\u00f6chte, ist einiges zu beachten. So machen Sie sich am besten schon vorher Gedanken dar\u00fcber, welche Art von Pool Sie w\u00fcnschen, wo der Pool im Garten seinen Platz finden [&hellip;]\" \/>\n<meta property=\"og:url\" content=\"https:\/\/leisurepools.be\/de\/swimmingpool-anlegen\/\" \/>\n<meta property=\"og:site_name\" content=\"Leisure Pools\" \/>\n<meta property=\"article:modified_time\" content=\"2021-11-19T14:06:31+00:00\" \/>\n<meta name=\"twitter:card\" content=\"summary_large_image\" \/>\n<meta name=\"twitter:label1\" content=\"Gesch\u00e4tzte Lesezeit\" \/>\n\t<meta name=\"twitter:data1\" content=\"3\u00a0Minuten\" \/>\n<script type=\"application\/ld+json\" class=\"yoast-schema-graph\">{\"@context\":\"https:\/\/schema.org\",\"@graph\":[{\"@type\":\"WebPage\",\"@id\":\"https:\/\/leisurepools.be\/de\/swimmingpool-anlegen\/\",\"url\":\"https:\/\/leisurepools.be\/de\/swimmingpool-anlegen\/\",\"name\":\"Swimmingpool anlegen - Leisure Pools\",\"isPartOf\":{\"@id\":\"https:\/\/leisurepools.be\/de\/#website\"},\"datePublished\":\"2021-07-26T13:59:49+00:00\",\"dateModified\":\"2021-11-19T14:06:31+00:00\",\"breadcrumb\":{\"@id\":\"https:\/\/leisurepools.be\/de\/swimmingpool-anlegen\/#breadcrumb\"},\"inLanguage\":\"de\",\"potentialAction\":[{\"@type\":\"ReadAction\",\"target\":[\"https:\/\/leisurepools.be\/de\/swimmingpool-anlegen\/\"]}]},{\"@type\":\"BreadcrumbList\",\"@id\":\"https:\/\/leisurepools.be\/de\/swimmingpool-anlegen\/#breadcrumb\",\"itemListElement\":[{\"@type\":\"ListItem\",\"position\":1,\"name\":\"Home\",\"item\":\"https:\/\/leisurepools.be\/de\/\"},{\"@type\":\"ListItem\",\"position\":2,\"name\":\"Swimmingpool anlegen\"}]},{\"@type\":\"WebSite\",\"@id\":\"https:\/\/leisurepools.be\/de\/#website\",\"url\":\"https:\/\/leisurepools.be\/de\/\",\"name\":\"Leisure Pools\",\"description\":\"Op vakantie in je eigen tuin\",\"publisher\":{\"@id\":\"https:\/\/leisurepools.be\/de\/#organization\"},\"potentialAction\":[{\"@type\":\"SearchAction\",\"target\":{\"@type\":\"EntryPoint\",\"urlTemplate\":\"https:\/\/leisurepools.be\/de\/?s={search_term_string}\"},\"query-input\":{\"@type\":\"PropertyValueSpecification\",\"valueRequired\":true,\"valueName\":\"search_term_string\"}}],\"inLanguage\":\"de\"},{\"@type\":\"Organization\",\"@id\":\"https:\/\/leisurepools.be\/de\/#organization\",\"name\":\"Leisure Pools\",\"url\":\"https:\/\/leisurepools.be\/de\/\",\"logo\":{\"@type\":\"ImageObject\",\"inLanguage\":\"de\",\"@id\":\"https:\/\/leisurepools.be\/de\/#\/schema\/logo\/image\/\",\"url\":\"https:\/\/leisurepools.be\/wp-content\/uploads\/2021\/03\/leisure-pools-blue.svg\",\"contentUrl\":\"https:\/\/leisurepools.be\/wp-content\/uploads\/2021\/03\/leisure-pools-blue.svg\",\"width\":247,\"height\":97,\"caption\":\"Leisure Pools\"},\"image\":{\"@id\":\"https:\/\/leisurepools.be\/de\/#\/schema\/logo\/image\/\"}}]}<\/script>\n<!-- \/ Yoast SEO plugin. -->","yoast_head_json":{"title":"Swimmingpool anlegen - Leisure Pools","robots":{"index":"index","follow":"follow","max-snippet":"max-snippet:-1","max-image-preview":"max-image-preview:large","max-video-preview":"max-video-preview:-1"},"canonical":"https:\/\/leisurepools.be\/de\/swimmingpool-anlegen\/","og_locale":"de_DE","og_type":"article","og_title":"Swimmingpool anlegen - Leisure Pools","og_description":"Swimmingpool anlegen Bevor Sie sich in Ihrem Swimmingpool von LEISURE POOLS entspannen k\u00f6nnen, haben Sie wahrscheinlich noch einige Fragen. Logisch, denn wenn man einen Swimmingpool anlegen m\u00f6chte, ist einiges zu beachten. So machen Sie sich am besten schon vorher Gedanken dar\u00fcber, welche Art von Pool Sie w\u00fcnschen, wo der Pool im Garten seinen Platz finden [&hellip;]","og_url":"https:\/\/leisurepools.be\/de\/swimmingpool-anlegen\/","og_site_name":"Leisure Pools","article_modified_time":"2021-11-19T14:06:31+00:00","twitter_card":"summary_large_image","twitter_misc":{"Gesch\u00e4tzte Lesezeit":"3\u00a0Minuten"},"schema":{"@context":"https:\/\/schema.org","@graph":[{"@type":"WebPage","@id":"https:\/\/leisurepools.be\/de\/swimmingpool-anlegen\/","url":"https:\/\/leisurepools.be\/de\/swimmingpool-anlegen\/","name":"Swimmingpool anlegen - Leisure Pools","isPartOf":{"@id":"https:\/\/leisurepools.be\/de\/#website"},"datePublished":"2021-07-26T13:59:49+00:00","dateModified":"2021-11-19T14:06:31+00:00","breadcrumb":{"@id":"https:\/\/leisurepools.be\/de\/swimmingpool-anlegen\/#breadcrumb"},"inLanguage":"de","potentialAction":[{"@type":"ReadAction","target":["https:\/\/leisurepools.be\/de\/swimmingpool-anlegen\/"]}]},{"@type":"BreadcrumbList","@id":"https:\/\/leisurepools.be\/de\/swimmingpool-anlegen\/#breadcrumb","itemListElement":[{"@type":"ListItem","position":1,"name":"Home","item":"https:\/\/leisurepools.be\/de\/"},{"@type":"ListItem","position":2,"name":"Swimmingpool anlegen"}]},{"@type":"WebSite","@id":"https:\/\/leisurepools.be\/de\/#website","url":"https:\/\/leisurepools.be\/de\/","name":"Leisure Pools","description":"Op vakantie in je eigen tuin","publisher":{"@id":"https:\/\/leisurepools.be\/de\/#organization"},"potentialAction":[{"@type":"SearchAction","target":{"@type":"EntryPoint","urlTemplate":"https:\/\/leisurepools.be\/de\/?s={search_term_string}"},"query-input":{"@type":"PropertyValueSpecification","valueRequired":true,"valueName":"search_term_string"}}],"inLanguage":"de"},{"@type":"Organization","@id":"https:\/\/leisurepools.be\/de\/#organization","name":"Leisure Pools","url":"https:\/\/leisurepools.be\/de\/","logo":{"@type":"ImageObject","inLanguage":"de","@id":"https:\/\/leisurepools.be\/de\/#\/schema\/logo\/image\/","url":"https:\/\/leisurepools.be\/wp-content\/uploads\/2021\/03\/leisure-pools-blue.svg","contentUrl":"https:\/\/leisurepools.be\/wp-content\/uploads\/2021\/03\/leisure-pools-blue.svg","width":247,"height":97,"caption":"Leisure Pools"},"image":{"@id":"https:\/\/leisurepools.be\/de\/#\/schema\/logo\/image\/"}}]}},"_links":{"self":[{"href":"https:\/\/leisurepools.be\/de\/wp-json\/wp\/v2\/pages\/13717","targetHints":{"allow":["GET"]}}],"collection":[{"href":"https:\/\/leisurepools.be\/de\/wp-json\/wp\/v2\/pages"}],"about":[{"href":"https:\/\/leisurepools.be\/de\/wp-json\/wp\/v2\/types\/page"}],"author":[{"embeddable":true,"href":"https:\/\/leisurepools.be\/de\/wp-json\/wp\/v2\/users\/1"}],"replies":[{"embeddable":true,"href":"https:\/\/leisurepools.be\/de\/wp-json\/wp\/v2\/comments?post=13717"}],"version-history":[{"count":13,"href":"https:\/\/leisurepools.be\/de\/wp-json\/wp\/v2\/pages\/13717\/revisions"}],"predecessor-version":[{"id":16460,"href":"https:\/\/leisurepools.be\/de\/wp-json\/wp\/v2\/pages\/13717\/revisions\/16460"}],"wp:attachment":[{"href":"https:\/\/leisurepools.be\/de\/wp-json\/wp\/v2\/media?parent=13717"}],"curies":[{"name":"wp","href":"https:\/\/api.w.org\/{rel}","templated":true}]}}