{"id":15909,"date":"2021-09-27T12:19:20","date_gmt":"2021-09-27T12:19:20","guid":{"rendered":"https:\/\/leisurepools.be\/winterwartung\/"},"modified":"2021-09-27T12:43:09","modified_gmt":"2021-09-27T12:43:09","slug":"winterwartung","status":"publish","type":"page","link":"https:\/\/leisurepools.be\/de\/winterwartung\/","title":{"rendered":"Winterwartung"},"content":{"rendered":"\t\t<div data-elementor-type=\"wp-page\" data-elementor-id=\"15909\" class=\"elementor elementor-15909 elementor-15751\" data-elementor-post-type=\"page\">\n\t\t\t\t\t\t<section class=\"elementor-section elementor-top-section elementor-element elementor-element-cae7802 elementor-section-boxed elementor-section-height-default elementor-section-height-default\" data-id=\"cae7802\" data-element_type=\"section\">\n\t\t\t\t\t\t<div class=\"elementor-container elementor-column-gap-default\">\n\t\t\t\t\t<div class=\"elementor-column elementor-col-33 elementor-top-column elementor-element elementor-element-2ea71f2\" data-id=\"2ea71f2\" data-element_type=\"column\">\n\t\t\t<div class=\"elementor-widget-wrap\">\n\t\t\t\t\t\t\t<\/div>\n\t\t<\/div>\n\t\t\t\t<div class=\"elementor-column elementor-col-33 elementor-top-column elementor-element elementor-element-dabffbc\" data-id=\"dabffbc\" data-element_type=\"column\">\n\t\t\t<div class=\"elementor-widget-wrap elementor-element-populated\">\n\t\t\t\t\t\t<div class=\"elementor-element elementor-element-74941ec elementor-button-align-stretch elementor-widget elementor-widget-form\" data-id=\"74941ec\" data-element_type=\"widget\" data-settings=\"{&quot;step_next_label&quot;:&quot;Weiter&quot;,&quot;step_previous_label&quot;:&quot;Zur\\u00fcck&quot;,&quot;button_width&quot;:&quot;100&quot;,&quot;dce_confirm_dialog_enabled&quot;:&quot;no&quot;,&quot;step_type&quot;:&quot;number_text&quot;,&quot;step_icon_shape&quot;:&quot;circle&quot;,&quot;label_icon_size&quot;:{&quot;unit&quot;:&quot;px&quot;,&quot;size&quot;:&quot;&quot;,&quot;sizes&quot;:[]},&quot;field_icon_size&quot;:{&quot;unit&quot;:&quot;px&quot;,&quot;size&quot;:&quot;&quot;,&quot;sizes&quot;:[]}}\" data-widget_type=\"form.default\">\n\t\t\t\t<div class=\"elementor-widget-container\">\n\t\t\t\t\t\t\t<form class=\"elementor-form\" method=\"post\" name=\"Winterwartung\" aria-label=\"Winterwartung\">\n\t\t\t<input type=\"hidden\" name=\"post_id\" value=\"15909\"\/>\n\t\t\t<input type=\"hidden\" name=\"form_id\" value=\"74941ec\"\/>\n\t\t\t<input type=\"hidden\" name=\"referer_title\" value=\"Winterwartung - Leisure Pools\" \/>\n\n\t\t\t\t\t\t\t<input type=\"hidden\" name=\"queried_id\" value=\"15909\"\/>\n\t\t\t\n\t\t\t<div class=\"elementor-form-fields-wrapper elementor-labels-above\">\n\t\t\t\t\t\t\t\t<div class=\"elementor-field-type-html elementor-field-group elementor-column elementor-field-group-field_599b0dd elementor-col-100\">\n\t\t\t\t\t<h3 id=\"winter\" style=\"font-family: \" jura=\"\" sans-serif=\"\" font-size:=\"\" font-weight:=\"\" margin-bottom:=\"\"> Ihre Daten <\/h3>\t\t\t\t<\/div>\n\t\t\t\t\t\t\t\t<div class=\"elementor-field-type-text elementor-field-group elementor-column elementor-field-group-name elementor-col-100 elementor-field-required elementor-mark-required\">\n\t\t\t\t\t\t\t\t\t\t\t\t<label for=\"form-field-name\" class=\"elementor-field-label\">\n\t\t\t\t\t\t\t\tName\t\t\t\t\t\t\t<\/label>\n\t\t\t\t\t\t\t\t\t\t\t\t\t\t<input size=\"1\" type=\"text\" name=\"form_fields[name]\" id=\"form-field-name\" class=\"elementor-field elementor-size-sm  elementor-field-textual\" required=\"required\">\n\t\t\t\t\t\t\t\t\t\t\t<\/div>\n\t\t\t\t\t\t\t\t<div class=\"elementor-field-type-text elementor-field-group elementor-column elementor-field-group-field_7777f9c elementor-col-100 elementor-field-required elementor-mark-required\">\n\t\t\t\t\t\t\t\t\t\t\t\t<label for=\"form-field-field_7777f9c\" class=\"elementor-field-label\">\n\t\t\t\t\t\t\t\tStra\u00dfe und Hausnummer\t\t\t\t\t\t\t<\/label>\n\t\t\t\t\t\t\t\t\t\t\t\t\t\t<input size=\"1\" type=\"text\" name=\"form_fields[field_7777f9c]\" id=\"form-field-field_7777f9c\" class=\"elementor-field elementor-size-sm  elementor-field-textual\" required=\"required\">\n\t\t\t\t\t\t\t\t\t\t\t<\/div>\n\t\t\t\t\t\t\t\t<div class=\"elementor-field-type-text elementor-field-group elementor-column elementor-field-group-field_8ad579d elementor-col-100 elementor-field-required elementor-mark-required\">\n\t\t\t\t\t\t\t\t\t\t\t\t<label for=\"form-field-field_8ad579d\" class=\"elementor-field-label\">\n\t\t\t\t\t\t\t\tPostleitzahl und Ort\t\t\t\t\t\t\t<\/label>\n\t\t\t\t\t\t\t\t\t\t\t\t\t\t<input size=\"1\" type=\"text\" name=\"form_fields[field_8ad579d]\" id=\"form-field-field_8ad579d\" class=\"elementor-field elementor-size-sm  elementor-field-textual\" required=\"required\">\n\t\t\t\t\t\t\t\t\t\t\t<\/div>\n\t\t\t\t\t\t\t\t<div class=\"elementor-field-type-email elementor-field-group elementor-column elementor-field-group-field_606e353 elementor-col-100 elementor-field-required elementor-mark-required\">\n\t\t\t\t\t\t\t\t\t\t\t\t<label for=\"form-field-field_606e353\" class=\"elementor-field-label\">\n\t\t\t\t\t\t\t\tE-Mail-Adresse\t\t\t\t\t\t\t<\/label>\n\t\t\t\t\t\t\t\t\t\t\t\t\t\t<input size=\"1\" type=\"email\" name=\"form_fields[field_606e353]\" id=\"form-field-field_606e353\" class=\"elementor-field elementor-size-sm  elementor-field-textual\" required=\"required\">\n\t\t\t\t\t\t\t\t\t\t\t<\/div>\n\t\t\t\t\t\t\t\t<div class=\"elementor-field-type-tel elementor-field-group elementor-column elementor-field-group-field_d1dbd47 elementor-col-100 elementor-field-required elementor-mark-required\">\n\t\t\t\t\t\t\t\t\t\t\t\t<label for=\"form-field-field_d1dbd47\" class=\"elementor-field-label\">\n\t\t\t\t\t\t\t\tTelefonnummer\t\t\t\t\t\t\t<\/label>\n\t\t\t\t\t\t\t\t<input size=\"1\" type=\"tel\" name=\"form_fields[field_d1dbd47]\" id=\"form-field-field_d1dbd47\" class=\"elementor-field elementor-size-sm  elementor-field-textual\" required=\"required\" pattern=\"[0-9()#&amp;+*-=.]+\" title=\"Nur Nummern oder Telefon-Zeichen (#, -, *, etc) werden akzeptiert.\">\n\n\t\t\t\t\t\t<\/div>\n\t\t\t\t\t\t\t\t<div class=\"elementor-field-type-html elementor-field-group elementor-column elementor-field-group-field_10778fb elementor-col-100\">\n\t\t\t\t\t<h3 id=\"winter\" style=\"\" sans-serif=\"\" font-family:=\"\" font-size:=\"\" font-weight:=\"\" margin-bottom:5px=\"\"> Winterwartung <\/h3>\t\t\t\t<\/div>\n\t\t\t\t\t\t\t\t<div class=\"elementor-field-type-html elementor-field-group elementor-column elementor-field-group-field_0240b7c elementor-col-100\">\n\t\t\t\t\t<p style=\"margin-top:5px;\">In der Winterwartung ist Folgendes enthalten: <\/p>\n\n<ol type=\"1\">\n    <\/ol><ul type=\"disc\">\n    <li>Anfahrtskosten<\/li>\n    <li>Wasserqualit\u00e4t pr\u00fcfen und gegebenenfalls optimieren<\/li>\n    <li>Installation \u00fcberpr\u00fcfen<\/li>\n    <li>Zeitschaltuhr inkl. Einstellung auf Winterbetrieb \u00fcberpr\u00fcfen<\/li>\n    <li>Leitungen, Kugelh\u00e4hne, Anschl\u00fcsse und Dichtungen \u00fcberpr\u00fcfen<\/li>\n    <li>Umw\u00e4lzpumpe \u00fcberpr\u00fcfen<\/li>\n    <li>\u00dcberlaufrinne oder Skimmer \u00fcberpr\u00fcfen<\/li>\n    <li>Granulatfilter inkl. R\u00fccksp\u00fclung \u00fcberpr\u00fcfen<\/li>\n    <li>Automatisches Sicherheitsrollo inkl. Fernsteuerung \u00fcberpr\u00fcfen<\/li>\n    <li>Beleuchtung inkl. Fernsteuerung \u00fcberpr\u00fcfen<\/li>\n <li>W\u00e4rmepumpe abkoppeln<\/li>\n    <\/ul>\n<!-- wpml:html_fragment <\/LI> -->\n\n\n<p style=\"font-weight:bold;\"> Preis: 269 Euro inkl. Mehrwertsteuer. <\/p>\n\n<p style=\"margin-top:5px;\">Zus\u00e4tzliche Optionen zu 71,5 \u20ac pro Stunde inkl. Mehrwertsteuer: <\/p>\n\n<ol style=\"margin-bottom:30px;\" type=\"1\">\n    <\/ol><ul type=\"disc\">\n    <li>Winterplane anbringen<\/li>\n    <li>Rolloabdeckung reinigen<\/li>\n    <li>Kasten f\u00fcr Rolloabdeckung reinigen\n<\/li>\n    <li>Schwimmbad reinigen<\/li>\n\n   \n    <\/ul>\n<!-- wpml:html_fragment <\/LI> -->\n\n\n\t\t\t\t<\/div>\n\t\t\t\t\t\t\t\t<div class=\"elementor-field-type-html elementor-field-group elementor-column elementor-field-group-field_735574a elementor-col-100\">\n\t\t\t\t\t<h3 id=\"winter\" style=\"\" sans-serif=\"\" font-family:=\"\" font-size:=\"\" font-weight:=\"\" margin-bottom:0px=\"\"> Weitere Anmerkungen oder Fragen? <\/h3>\n<p>Haben Sie noch Fragen oder m\u00f6chten Sie weitere Optionen f\u00fcr die Winterwartung hinzuf\u00fcgen? Teilen Sie uns Ihre Nachricht hier mit. Bitte geben Sie hier 3 Wunschtermine f\u00fcr einen Termin an.<\/p>\t\t\t\t<\/div>\n\t\t\t\t\t\t\t\t<div class=\"elementor-field-type-textarea elementor-field-group elementor-column elementor-field-group-field_893599f elementor-col-100\">\n\t\t\t\t\t\t\t\t\t\t\t\t<label for=\"form-field-field_893599f\" class=\"elementor-field-label\">\n\t\t\t\t\t\t\t\tAnmerkungen\t\t\t\t\t\t\t<\/label>\n\t\t\t\t\t\t<textarea class=\"elementor-field-textual elementor-field  elementor-size-sm\" name=\"form_fields[field_893599f]\" id=\"form-field-field_893599f\" rows=\"4\"><\/textarea>\t\t\t\t<\/div>\n\t\t\t\t\t\t\t\t<div class=\"elementor-field-type-html elementor-field-group elementor-column elementor-field-group-field_298cc08 elementor-col-100\">\n\t\t\t\t\t<h3 id=\"winter\" style=\"\" sans-serif=\"\" font-family:=\"\" font-size:=\"\" font-weight:=\"\" margin-bottom:5px=\"\">Pool-Produkte\n <\/h3>\t\t\t\t<\/div>\n\t\t\t\t\t\t\t\t<div class=\"elementor-field-type-html elementor-field-group elementor-column elementor-field-group-field_29f0c4d elementor-col-100\">\n\t\t\t\t\t<p style=\"margin-top:5px;\">Brauchen Sie noch etwas f\u00fcr Ihren Pool? Bestellen Sie alles bequem online \u00fcber unseren <a href=\"https:\/\/www.zwembadproductenkopen.be\/\" style=\"display: inline;clear:none;\"> Webshop.<\/a> Wir liefern innerhalb von 36 Stunden zu Ihnen nach Hause.\n<\/p>\n\n\t\t\t\t<\/div>\n\t\t\t\t\t\t\t\t<div class=\"elementor-field-type-recaptcha elementor-field-group elementor-column elementor-field-group-field_7b7121c elementor-col-100\">\n\t\t\t\t\t<div class=\"elementor-field\" id=\"form-field-field_7b7121c\"><div class=\"elementor-g-recaptcha\" data-sitekey=\"6LeLdvobAAAAACIGiMWica2FqMokmkFnPkvp140s\" data-type=\"v2_checkbox\" data-theme=\"light\" data-size=\"normal\"><\/div><\/div>\t\t\t\t<\/div>\n\t\t\t\t\t\t\t\t<div class=\"elementor-field-group elementor-column elementor-field-type-submit elementor-col-100 e-form__buttons\">\n\t\t\t\t\t<button class=\"elementor-button elementor-size-sm\" type=\"submit\" id=\"winteronderhoud\">\n\t\t\t\t\t\t<span class=\"elementor-button-content-wrapper\">\n\t\t\t\t\t\t\t\t\t\t\t\t\t\t\t\t\t\t\t\t\t\t<span class=\"elementor-button-text\">Versenden<\/span>\n\t\t\t\t\t\t\t\t\t\t\t\t\t<\/span>\n\t\t\t\t\t<\/button>\n\t\t\t\t<\/div>\n\t\t\t<\/div>\n\t\t<\/form>\n\t\t\t\t\t\t<\/div>\n\t\t\t\t<\/div>\n\t\t\t\t\t<\/div>\n\t\t<\/div>\n\t\t\t\t<div class=\"elementor-column elementor-col-33 elementor-top-column elementor-element elementor-element-881a828\" data-id=\"881a828\" data-element_type=\"column\">\n\t\t\t<div class=\"elementor-widget-wrap\">\n\t\t\t\t\t\t\t<\/div>\n\t\t<\/div>\n\t\t\t\t\t<\/div>\n\t\t<\/section>\n\t\t\t\t<\/div>\n\t\t","protected":false},"excerpt":{"rendered":"","protected":false},"author":1,"featured_media":0,"parent":0,"menu_order":0,"comment_status":"closed","ping_status":"closed","template":"","meta":{"_monsterinsights_skip_tracking":false,"_monsterinsights_sitenote_active":false,"_monsterinsights_sitenote_note":"","_monsterinsights_sitenote_category":0,"footnotes":""},"class_list":["post-15909","page","type-page","status-publish","hentry"],"aioseo_notices":[],"yoast_head":"<!-- This site is optimized with the Yoast SEO plugin v24.1 - https:\/\/yoast.com\/wordpress\/plugins\/seo\/ -->\n<title>Winterwartung - Leisure Pools<\/title>\n<meta name=\"robots\" content=\"index, follow, max-snippet:-1, max-image-preview:large, max-video-preview:-1\" \/>\n<link rel=\"canonical\" href=\"https:\/\/leisurepools.be\/de\/winterwartung\/\" \/>\n<meta property=\"og:locale\" content=\"de_DE\" \/>\n<meta property=\"og:type\" content=\"article\" \/>\n<meta property=\"og:title\" content=\"Winterwartung - Leisure Pools\" \/>\n<meta property=\"og:url\" content=\"https:\/\/leisurepools.be\/de\/winterwartung\/\" \/>\n<meta property=\"og:site_name\" content=\"Leisure Pools\" \/>\n<meta property=\"article:modified_time\" content=\"2021-09-27T12:43:09+00:00\" \/>\n<meta name=\"twitter:card\" content=\"summary_large_image\" \/>\n<meta name=\"twitter:label1\" content=\"Gesch\u00e4tzte Lesezeit\" \/>\n\t<meta name=\"twitter:data1\" content=\"1\u00a0Minute\" \/>\n<script type=\"application\/ld+json\" class=\"yoast-schema-graph\">{\"@context\":\"https:\/\/schema.org\",\"@graph\":[{\"@type\":\"WebPage\",\"@id\":\"https:\/\/leisurepools.be\/de\/winterwartung\/\",\"url\":\"https:\/\/leisurepools.be\/de\/winterwartung\/\",\"name\":\"Winterwartung - Leisure Pools\",\"isPartOf\":{\"@id\":\"https:\/\/leisurepools.be\/de\/#website\"},\"datePublished\":\"2021-09-27T12:19:20+00:00\",\"dateModified\":\"2021-09-27T12:43:09+00:00\",\"breadcrumb\":{\"@id\":\"https:\/\/leisurepools.be\/de\/winterwartung\/#breadcrumb\"},\"inLanguage\":\"de\",\"potentialAction\":[{\"@type\":\"ReadAction\",\"target\":[\"https:\/\/leisurepools.be\/de\/winterwartung\/\"]}]},{\"@type\":\"BreadcrumbList\",\"@id\":\"https:\/\/leisurepools.be\/de\/winterwartung\/#breadcrumb\",\"itemListElement\":[{\"@type\":\"ListItem\",\"position\":1,\"name\":\"Home\",\"item\":\"https:\/\/leisurepools.be\/de\/\"},{\"@type\":\"ListItem\",\"position\":2,\"name\":\"Winterwartung\"}]},{\"@type\":\"WebSite\",\"@id\":\"https:\/\/leisurepools.be\/de\/#website\",\"url\":\"https:\/\/leisurepools.be\/de\/\",\"name\":\"Leisure Pools\",\"description\":\"Op vakantie in je eigen tuin\",\"publisher\":{\"@id\":\"https:\/\/leisurepools.be\/de\/#organization\"},\"potentialAction\":[{\"@type\":\"SearchAction\",\"target\":{\"@type\":\"EntryPoint\",\"urlTemplate\":\"https:\/\/leisurepools.be\/de\/?s={search_term_string}\"},\"query-input\":{\"@type\":\"PropertyValueSpecification\",\"valueRequired\":true,\"valueName\":\"search_term_string\"}}],\"inLanguage\":\"de\"},{\"@type\":\"Organization\",\"@id\":\"https:\/\/leisurepools.be\/de\/#organization\",\"name\":\"Leisure Pools\",\"url\":\"https:\/\/leisurepools.be\/de\/\",\"logo\":{\"@type\":\"ImageObject\",\"inLanguage\":\"de\",\"@id\":\"https:\/\/leisurepools.be\/de\/#\/schema\/logo\/image\/\",\"url\":\"https:\/\/leisurepools.be\/wp-content\/uploads\/2021\/03\/leisure-pools-blue.svg\",\"contentUrl\":\"https:\/\/leisurepools.be\/wp-content\/uploads\/2021\/03\/leisure-pools-blue.svg\",\"width\":247,\"height\":97,\"caption\":\"Leisure Pools\"},\"image\":{\"@id\":\"https:\/\/leisurepools.be\/de\/#\/schema\/logo\/image\/\"}}]}<\/script>\n<!-- \/ Yoast SEO plugin. -->","yoast_head_json":{"title":"Winterwartung - Leisure Pools","robots":{"index":"index","follow":"follow","max-snippet":"max-snippet:-1","max-image-preview":"max-image-preview:large","max-video-preview":"max-video-preview:-1"},"canonical":"https:\/\/leisurepools.be\/de\/winterwartung\/","og_locale":"de_DE","og_type":"article","og_title":"Winterwartung - Leisure Pools","og_url":"https:\/\/leisurepools.be\/de\/winterwartung\/","og_site_name":"Leisure Pools","article_modified_time":"2021-09-27T12:43:09+00:00","twitter_card":"summary_large_image","twitter_misc":{"Gesch\u00e4tzte Lesezeit":"1\u00a0Minute"},"schema":{"@context":"https:\/\/schema.org","@graph":[{"@type":"WebPage","@id":"https:\/\/leisurepools.be\/de\/winterwartung\/","url":"https:\/\/leisurepools.be\/de\/winterwartung\/","name":"Winterwartung - Leisure Pools","isPartOf":{"@id":"https:\/\/leisurepools.be\/de\/#website"},"datePublished":"2021-09-27T12:19:20+00:00","dateModified":"2021-09-27T12:43:09+00:00","breadcrumb":{"@id":"https:\/\/leisurepools.be\/de\/winterwartung\/#breadcrumb"},"inLanguage":"de","potentialAction":[{"@type":"ReadAction","target":["https:\/\/leisurepools.be\/de\/winterwartung\/"]}]},{"@type":"BreadcrumbList","@id":"https:\/\/leisurepools.be\/de\/winterwartung\/#breadcrumb","itemListElement":[{"@type":"ListItem","position":1,"name":"Home","item":"https:\/\/leisurepools.be\/de\/"},{"@type":"ListItem","position":2,"name":"Winterwartung"}]},{"@type":"WebSite","@id":"https:\/\/leisurepools.be\/de\/#website","url":"https:\/\/leisurepools.be\/de\/","name":"Leisure Pools","description":"Op vakantie in je eigen tuin","publisher":{"@id":"https:\/\/leisurepools.be\/de\/#organization"},"potentialAction":[{"@type":"SearchAction","target":{"@type":"EntryPoint","urlTemplate":"https:\/\/leisurepools.be\/de\/?s={search_term_string}"},"query-input":{"@type":"PropertyValueSpecification","valueRequired":true,"valueName":"search_term_string"}}],"inLanguage":"de"},{"@type":"Organization","@id":"https:\/\/leisurepools.be\/de\/#organization","name":"Leisure Pools","url":"https:\/\/leisurepools.be\/de\/","logo":{"@type":"ImageObject","inLanguage":"de","@id":"https:\/\/leisurepools.be\/de\/#\/schema\/logo\/image\/","url":"https:\/\/leisurepools.be\/wp-content\/uploads\/2021\/03\/leisure-pools-blue.svg","contentUrl":"https:\/\/leisurepools.be\/wp-content\/uploads\/2021\/03\/leisure-pools-blue.svg","width":247,"height":97,"caption":"Leisure Pools"},"image":{"@id":"https:\/\/leisurepools.be\/de\/#\/schema\/logo\/image\/"}}]}},"_links":{"self":[{"href":"https:\/\/leisurepools.be\/de\/wp-json\/wp\/v2\/pages\/15909","targetHints":{"allow":["GET"]}}],"collection":[{"href":"https:\/\/leisurepools.be\/de\/wp-json\/wp\/v2\/pages"}],"about":[{"href":"https:\/\/leisurepools.be\/de\/wp-json\/wp\/v2\/types\/page"}],"author":[{"embeddable":true,"href":"https:\/\/leisurepools.be\/de\/wp-json\/wp\/v2\/users\/1"}],"replies":[{"embeddable":true,"href":"https:\/\/leisurepools.be\/de\/wp-json\/wp\/v2\/comments?post=15909"}],"version-history":[{"count":4,"href":"https:\/\/leisurepools.be\/de\/wp-json\/wp\/v2\/pages\/15909\/revisions"}],"predecessor-version":[{"id":15923,"href":"https:\/\/leisurepools.be\/de\/wp-json\/wp\/v2\/pages\/15909\/revisions\/15923"}],"wp:attachment":[{"href":"https:\/\/leisurepools.be\/de\/wp-json\/wp\/v2\/media?parent=15909"}],"curies":[{"name":"wp","href":"https:\/\/api.w.org\/{rel}","templated":true}]}}