{"id":18102,"date":"2022-08-12T10:06:12","date_gmt":"2022-08-12T10:06:12","guid":{"rendered":"https:\/\/leisurepools.be\/?page_id=18102"},"modified":"2022-09-02T12:37:53","modified_gmt":"2022-09-02T12:37:53","slug":"privacy-policy","status":"publish","type":"page","link":"https:\/\/leisurepools.be\/de\/privacy-policy\/","title":{"rendered":"Datenschutzbestimmungen Leisure Pools nv"},"content":{"rendered":"\n<h2 class=\"mt-4 wp-block-heading\" style=\"font-size:28px\">1. Allgemeines<\/h2>\n\n\n\n<ol class=\"wp-block-list\"><li>Diese Datenschutzerkl\u00e4rung (\u201e<strong>Datenschutzerkl\u00e4rung<\/strong>\u201c) regelt die Verarbeitung Ihrer pers\u00f6nlichen Daten als Teil der Nutzung unserer Website (die \u201e<strong>Website<\/strong>\u201c) und der damit verbundenen Dienstleistungen (zusammen als \u201e<strong>Dienstleistungen<\/strong>\u201c bezeichnet). Diese Verarbeitung erfolgt durch Leisure Pools nv als f\u00fcr die Verarbeitung verantwortliches Unternehmen mit Sitz in Nieuwlandlaan 57, 3200 Aarschot (\u201e<strong>wir<\/strong>\u201c, \u201e<strong>uns<\/strong>\u201d), unter der Nummer 0526.828.477 im ZDU eingetragen, in \u00dcbereinstimmung mit den Bestimmungen des anwendbaren Datenschutzrechts.&nbsp;<\/li><li>Indem Sie das Kontrollk\u00e4stchen anklicken, bei dem angegeben ist, dass Sie die Datenschutzerkl\u00e4rung vollst\u00e4ndig gelesen und verstanden haben und dieser ohne Vorbehalt zustimmen, stimmen Sie der Verarbeitung Ihrer personenbezogenen Daten, wie in dieser Datenschutzerkl\u00e4rung beschrieben, zu und erkl\u00e4ren, dass Sie diese Datenschutzerkl\u00e4rung tats\u00e4chlich gelesen haben und dieser ohne Vorbehalt zustimmen. Sie erkl\u00e4ren, dass Sie verstanden haben, zu welchen Zwecken Ihre personenbezogenen Daten verarbeitet werden. Sie stimmen ebenfalls zu, dass Ihre fortgesetzte Nutzung als fortgesetzte Zustimmung verstanden wird. Sie k\u00f6nnen Ihre Zustimmung jederzeit \u00fcber info@leisurepools.be widerrufen.&nbsp;<\/li><li><strong>Beachten Sie, dass wir sogenannten \u201eCookies\u201c oder \u00e4hnliche Technologien als Teil der Website und\/oder der Dienstleistungen einsetzen k\u00f6nnen. Cookies sind kleine Textdateien, die auf der Festplatte eines Ger\u00e4ts abgelegt werden und bestimmte Informationen enthalten, darunter manchmal auch personenbezogene Daten. F\u00fcr weitere Informationen zu unserer Verwendung von Cookies, lesen Sie bitte unsere Cookie-Richtlinie (LINK).&nbsp;<\/strong><\/li><li>Wir behalten uns das Recht vor, diese Datenschutzerkl\u00e4rung regelm\u00e4\u00dfig nach unserem eigenen Ermessen anzupassen. Derartige Anpassungen werden \u00fcber die Website mitgeteilt.&nbsp;&nbsp;<\/li><li>Diese Datenschutzerkl\u00e4rung wurde zuletzt am 13\/04\/2022 aktualisiert.<\/li><\/ol>\n\n\n\n<p><\/p>\n\n\n\n<h2 class=\"wp-block-heading\" style=\"font-size:28px\">2. Welche Daten wir verarbeiten und warum?<\/h2>\n\n\n\n<ol class=\"wp-block-list\"><li>Wenn Sie die Website und\/oder die Dienste nutzen, verarbeiten wir personenbezogene Daten, die sich auf Sie beziehen. Ihre personenbezogenen Daten werden f\u00fcr die folgenden Zwecke (jeweils unter Angabe der Rechtsgrundlage) verarbeitet, einschlie\u00dflich:<\/li><\/ol>\n\n\n\n<div class=\"wp-block-group ms-5 is-layout-flow wp-block-group-is-layout-flow\">\n<p class=\"has-medium-font-size\">Wann und auf welcher Basis?&nbsp;<\/p>\n\n\n\n<ul class=\"wp-block-list\"><li>Nutzung der Website (Einwilligung und ggf. berechtigtes Interesse)&nbsp;<\/li><li>Kontaktieren Sie uns (Einwilligung und ggf. berechtigtes Interesse)&nbsp;<\/li><li>Bewerbung auf Stellenangebote (Einwilligung)&nbsp;<\/li><\/ul>\n\n\n\n<p class=\"has-medium-font-size\">Welcher?<\/p>\n\n\n\n<ul class=\"wp-block-list\"><li>Identifikationsinformationen (Name, Adresse, E-Mail, Telefon, etc.)<\/li><li>Kontaktdaten&nbsp;<\/li><li><strong>..<\/strong><\/li><\/ul>\n\n\n\n<p class=\"has-medium-font-size\">Warum?&nbsp;<\/p>\n\n\n\n<ul class=\"wp-block-list\"><li>Verbesserung der Benutzererfahrung des Besuchers der Website<\/li><li>Beantwortung von Kontaktanfragen<\/li><li>Erm\u00f6glichung des Bewerbungsprozesses<\/li><\/ul>\n<\/div>\n\n\n\n<p><\/p>\n\n\n\n<ol class=\"wp-block-list\" start=\"2\"><li>Im Prinzip erhalten wir die oben genannten personenbezogene Daten direkt von Ihnen. Wenn Sie sich jedoch entscheiden, sich \u00fcber ein Social-Media-Konto (zum Beispiel Facebook, LinkedIn oder Google) zu registrieren, werden diese Daten \u00fcber Ihr Social-Media-Profil gesammelt. Wir empfehlen Ihnen die Datenschutzerkl\u00e4rung Ihres Social-Media-Anbieters zu lesen, um zu erfahren, welche Daten von Ihren Social-Media-Anbieter verarbeitet werden, wenn Sie die Anmeldefunktion \u00fcber Social Media verwenden.&nbsp;<\/li><li>Wir leiten ohne Ihre Zustimmung keinerlei pers\u00f6nliche Daten, die Sie uns \u00fcber die Website mitteilen, an Social-Media-Anbieter weiter.&nbsp;<\/li><li>Neben den oben genannten Zwecken k\u00f6nnen wir Ihre pers\u00f6nlichen Daten auch verarbeiten:<\/li><\/ol>\n\n\n\n<div class=\"wp-block-group ms-5 is-layout-flow wp-block-group-is-layout-flow\">\n<ol class=\"wp-block-list\"><li>Um Ihnen auf personalisierte und effiziente Weise Informationen zu Produkten oder Dienstleistungen, die Sie \u00fcber die Website, per E-Mail, telefonisch oder \u00fcber Social-Media-Kan\u00e4le anfordern, zur Verf\u00fcgung zu stellen.<\/li><li>Um Ihre personenbezogenen Daten zu verarbeiten, damit wir Ihnen die Dienstleistungen zur Verf\u00fcgung stellen k\u00f6nnen.<\/li><li>Zu Direktmarketingzwecken, d. h. um Sie mit gezielter Kommunikation, Werbung, gezielten Angeboten und sonstigen Werbema\u00dfnahme von uns oder unseren ausgew\u00e4hlten Partnern anzusprechen. Hierzu werden wir Sie im Voraus um Ihre Zustimmung bitten.&nbsp;<\/li><li>Zur Durchf\u00fchrung statistischer Analysen, um unsere Website und\/oder Dienstleistungen zu verbessern oder neue Produkte oder Dienstleistungen zu entwickeln.<\/li><li>Um diese an ein Finanzinstitut oder einen Zahlungsanbieter zu \u00fcbermitteln, um es Ihrem Finanzinstitut und den Zahlungsanbieter zu erm\u00f6glichen seinen gesetzlichen Verpflichtungen nachzukommen.&nbsp;&nbsp;<\/li><li>Um diese an die Polizei oder Strafverfolgungsbeh\u00f6rden zu \u00fcbermitteln als Beweis f\u00fcr m\u00f6gliche Straftaten oder wenn der begr\u00fcndete Verdacht einer widerrechtlichen Handlung besteht oder wenn Sie durch Ihre Registrierung oder Nutzung der Website oder der Dienstleistungen eine Straftat begehen.<\/li><li>Im Rahmen einer eventuellen Fusion mit, \u00dcbernahme von\/durch oder Aufspaltung durch eine dritte Partei, auch wenn sich diese dritte Partei au\u00dferhalb des EWR befindet.<\/li><\/ol>\n<\/div>\n\n\n\n<h2 class=\"wp-block-heading\" style=\"font-size:28px\">3. Mit wem wir Daten austauschen<\/h2>\n\n\n\n<ol class=\"wp-block-list\"><li>Wir \u00fcbermitteln Ihre personenbezogenen Daten nicht ohne Ihre ausdr\u00fcckliche Zustimmung auf eine identifizierbare Art an Dritte, insofern dies nicht f\u00fcr die Erbringung der Dienstleistungen erforderlich ist.&nbsp;<\/li><li>Wir k\u00f6nnen dabei auf externe Verarbeiter zur\u00fcckgreifen, um die Website und\/oder Dienstleistungen anzubieten. Wir achten dabei darauf, dass mit der Datenverarbeitung beauftragte Dritte Ihre personenbezogenen Daten nur in unserem Namen und nur nach schriftlicher Anweisung von uns verarbeiten d\u00fcrfen. Wir garantieren, dass alle externen Datenverarbeitungsdienstleister mit der notwendigen Sorgfalt ausgew\u00e4hlt werden, damit wir uns auf die Sicherheit und Integrit\u00e4t Ihrer personenbezogenen Daten verlassen k\u00f6nnen.&nbsp;<\/li><li>Wir k\u00f6nnen anonymisierte und\/oder aggregierte Daten an andere Unternehmen \u00fcbermitteln, die diese Daten dazu verwenden k\u00f6nnen, um Produkte und Dienstleistungen zu verbessern und das Marketing, die Pr\u00e4sentation und den Verkauf von Produkten und Dienstleistungen nach Ma\u00df anzupassen.<\/li><\/ol>\n\n\n\n<p><\/p>\n\n\n\n<h2 class=\"wp-block-heading\" style=\"font-size:28px\">4. Wo wir Daten verarbeiten<\/h2>\n\n\n\n<ol class=\"wp-block-list\"><li>Wir und unsere externen Verarbeitungsdienstleister werden Ihre identifizierbaren, personenbezogenen Daten ausschlie\u00dflich innerhalb des EWR verarbeiten.<\/li><li>Wir k\u00f6nnen Ihre anonymisierten und\/oder aggregierten Daten an Unternehmen au\u00dferhalb des EWR \u00fcbertragen. Wenn eine solche \u00dcbertragung erfolgt, werden wir daf\u00fcr sorgen, dass entsprechende Garantien vorliegen, um die Sicherheit und Integrit\u00e4t Ihrer pers\u00f6nlichen Daten zu gew\u00e4hrleisten und dass alle Rechte in Bezug auf personenbezogene Daten, die in Ihrem Fall nach anzuwendendem, zwingendem Recht gelten, gew\u00e4hrleistet werden.<\/li><li>&nbsp;(WENN GELTEND) Durch die folgende Organisation findet ein Transfer au\u00dferhalb des EWR statt:&nbsp;<\/li><\/ol>\n\n\n\n<ul class=\"wp-block-list\"><li>Google Analytics &#8211; USA (Standard contractual clauses)<\/li><li>Hubspot &#8211; USA&nbsp; (EU data center)<\/li><\/ul>\n\n\n\n<p><\/p>\n\n\n\n<h2 class=\"wp-block-heading\" style=\"font-size:28px\">5. Wie wir Daten verarbeiten<\/h2>\n\n\n\n<ol class=\"wp-block-list\"><li>Wir setzen alles daran nur die personenbezogenen Daten zu verarbeiten, die zur Erf\u00fcllung der in dieser Datenschutzerkl\u00e4rung genannten Zwecke notwendig sind. Wir werden Ihre personenbezogenen auf eine gesetzeskonforme, ehrliche und transparente Art und Weise verarbeiten. Wir tun unser Bestes, um die personenbezogenen Daten genau und aktuell zu halten.<\/li><li>Ihre personenbezogenen Daten werden nur solange verarbeitet wie dies erforderlich ist, um die in dieser Datenschutzerkl\u00e4rung genannten Ziele zu erreichen oder bis zu dem Zeitpunkt, in dem Sie Ihre Zustimmung zur Datenverarbeitung widerrufen. Beachten Sie, dass ein Widerruf Ihrer Zustimmung bedeuten kann, dass Sie nicht l\u00e4nger in der Lage sein werden, die Website und\/oder Dienstleistungen vollst\u00e4ndig oder teilweise zu nutzen. Wenn Sie sich auf unserer Website registriert haben, werden wir Ihre personenbezogenen Daten l\u00f6schen, wenn Sie Ihr Profil l\u00f6schen, es sei denn gesetzliche oder vorschriftsm\u00e4\u00dfige Verpflichtungen oder ein Gerichts- oder Verwaltungsbeschluss hindert uns daran.<\/li><li>Wir werden entsprechende technische und organisatorische Ma\u00dfnahmen ergreifen, um Ihre personenbezogenen Daten vor unerlaubtem Zugriff oder Diebstahl sowie fahrl\u00e4ssigem Verlust, fahrl\u00e4ssiger Manipulation oder Zerst\u00f6rung zu sch\u00fctzen. Der Zugriff durch unser Personal oder Personal unserer externen Verarbeitungsdienstleister erfolgt ausschlie\u00dflich nach dem Need-to-know-Prinzip und unterliegt strengen Geheimhaltungsverpflichtungen. Sie verstehen jedoch, dass die Bem\u00fchungen um Sicherheit und Schutz lediglich Verpflichtungen nach besten Kr\u00e4ften sind, die niemals garantiert werden k\u00f6nnen.&nbsp;<\/li><li>Wenn Ihre Registrierung auf dieser Website oder die Nutzung der Website oder der Dienstleistungen betrachtet werden kann als (a) eine Verletzung der Gesch\u00e4ftsbedingungen oder des Urheberrechts oder irgend eines anderen Rechts einer dritten Partei, (b) eine Bedrohung der Sicherheit oder Integrit\u00e4t unserer Dienstleistungen, (c) eine Gefahr f\u00fcr die Website, Dienstleistungen oder unserer Systeme oder die unserer Auftragnehmer, infolge von Viren, Trojanern, Spyware, Malware oder irgendeiner anderen Form von schadhaftem Code oder (d) auf irgendeine Art illegal oder unrechtm\u00e4\u00dfig, diskriminierend oder beleidigend ist, d\u00fcrfen wir Ihre Daten in unserem eigenen Interesse sowie im Interesse unserer Partner oder Dritten verarbeiten.<\/li><\/ol>\n\n\n\n<h2 class=\"wp-block-heading\" style=\"font-size:28px\">6. Ihre Rechte<\/h2>\n\n\n\n<ol class=\"wp-block-list\"><li>Sie haben das Recht auf Einsichtnahme in alle personenbezogenen Daten, die wir \u00fcber Sie verarbeiten. Anfragen zur Einsichtnahme, die offensichtlich zu unserer \u00dcberlastung oder Sch\u00e4digung f\u00fchren sollen, werden nicht bearbeitet.<\/li><li>Sie haben das Recht, dass alle personenbezogenen Daten von Ihnen, die fehlerhaft oder ungenau sind, kostenlos korrigiert werden. Wenn Sie sich auf unserer Website registriert haben, k\u00f6nnen Sie in Ihrem Profil viele dieser Daten selbst korrigieren. Wenn eine solche Anfrage gestellt wird, m\u00fcssen Sie einen Nachweis beilegen, aus dem hervorgeht, dass die Daten, die sie korrigieren lassen m\u00f6chten, tats\u00e4chlich fehlerhaft sind.<\/li><li>Sie haben das Recht, Ihre zuvor erteilte Zustimmung zur Verarbeitung Ihrer personenbezogenen Daten zu widerrufen. Sie k\u00f6nnen Ihre Zustimmung jederzeit widerrufen, indem Sie eine E-Mail an <a href=\"mailto:info@leisurepools.be\">info@leisurepools.be<\/a> senden oder indem Sie Ihr Profil l\u00f6schen.&nbsp;<\/li><li>Sie haben das Recht die L\u00f6schung Ihrer personenbezogenen Daten zu fordern, wenn diese f\u00fcr die in dieser Datenschutzerkl\u00e4rung dargelegten Zwecke nicht l\u00e4nger notwendig sind oder Sie Ihre Zustimmung zu deren Verarbeitung widerrufen. Sie m\u00fcssen jedoch beachten, dass eine Anfrage zur L\u00f6schung durch uns vor dem Hintergrund gesetzlicher und rechtlicher Verpflichtungen oder von Verwaltungs- oder Gerichtsbeschl\u00fcssen beurteilt werden, die uns daran hindern entsprechende personenbezogene Daten zu l\u00f6schen.&nbsp;<\/li><li>Anstelle einer L\u00f6schung k\u00f6nnen Sie auch fordern, dass wir die Verarbeitung Ihrer Daten beschr\u00e4nken, wenn (a) Sie die Richtigkeit der Daten bezweifeln, (b) die Verarbeitung gesetzeswidrig ist oder (c) die Daten nicht l\u00e4nger f\u00fcr die beschriebenen Zwecke notwendig sind, aber Sie diese ben\u00f6tigen, um sich selbst in Gerichtsverfahren zu verteidigen.<\/li><li>Sie haben das Recht der Verarbeitung personenbezogener Daten zu widersprechen, wenn Sie nachweisen k\u00f6nnen, dass ernsthafte und gerechtfertigte Gr\u00fcnde vorliegen, die einen Zusammenhang zu besonderen Umst\u00e4nden haben und die einen solchen Widerspruch rechtfertigen. Wenn bei der beabsichtigten Verarbeitung jedoch Direktmarketing angegeben ist, haben Sie das Recht, kostenlos und ohne Angabe von Gr\u00fcnden einer solchen Nutzung zu widersprechen.<\/li><li>Wenn Ihre personenbezogenen Daten auf Grundlage einer Zustimmung oder eines Vertrages verarbeitet werden und die Verarbeitung automatisiert erfolgt, haben Sie das Recht, Ihre an uns \u00fcbermittelten personenbezogenen Daten in einem strukturierten, allgemein genutzten und maschinell lesbaren Format zu erhalten und, insofern technisch m\u00f6glich, haben Sie das Recht diese Daten direkt an einen anderen Dienstleister weiterzugeben. Die technische Machbarkeit hiervon wird ausschlie\u00dflich von uns beurteilt.<\/li><li>Wenn Sie eine Anfrage stellen wollen, um eines oder mehrere der oben genannten Rechte auszu\u00fcben, k\u00f6nnen Sie eine E-Mail an die Adresse <a href=\"mailto:info@leisurepools.be\">info@leisurepools.be<\/a> senden. In dieser Anfrage muss deutlich angegeben sein, welches Recht Sie aus welchen Gr\u00fcnden aus\u00fcben m\u00f6chten. Die Anfrage muss datiert und unterschrieben sein. Ebenfalls muss eine gescannte Kopie Ihres g\u00fcltigen Ausweisdokuments beigelegt sein aus der Ihre Identit\u00e4t hervorgeht. Wir werden Sie unverz\u00fcglich \u00fcber den Eingang einer solchen Anfrage informieren. Wenn Ihre Anfrage begr\u00fcndet ist, werden wir dieser schnellstm\u00f6glich jedoch sp\u00e4testens innerhalb von drei\u00dfig (30) Tagen nach Eingang Ihrer Anfrage zustimmen.<\/li><\/ol>\n\n\n\n<p>Wenn Sie sich \u00fcber die Verarbeitung Ihrer pers\u00f6nlichen Daten durch uns beschweren m\u00f6chten, k\u00f6nnen Sie mit uns unter folgender E-Mail-Adresse in Verbindung setzen: info@leisurepools.be. Sind Sie mit unserer Antwort nicht zufrieden? Dann haben Sie die M\u00f6glichkeit sich bei der zust\u00e4ndigen Datenschutzbeh\u00f6rde, der belgischen Datenschutzbeh\u00f6rde, zu beschweren. Weitere Informationen erhalten Sie unter https:\/\/www.dataprotectionauthority.be\/.<\/p>\n\n\n\n<p><\/p>\n\n\n\n<p><\/p>\n\n\n\n<p><\/p>\n\n\n\n<p><\/p>\n","protected":false},"excerpt":{"rendered":"<p>1. Allgemeines Diese Datenschutzerkl\u00e4rung (\u201eDatenschutzerkl\u00e4rung\u201c) regelt die Verarbeitung Ihrer pers\u00f6nlichen Daten als Teil der Nutzung unserer Website (die \u201eWebsite\u201c) und der damit verbundenen Dienstleistungen (zusammen als \u201eDienstleistungen\u201c bezeichnet). Diese Verarbeitung erfolgt durch Leisure Pools nv als f\u00fcr die Verarbeitung verantwortliches Unternehmen mit Sitz in Nieuwlandlaan 57, 3200 Aarschot (\u201ewir\u201c, \u201euns\u201d), unter der Nummer 0526.828.477 im [&hellip;]<\/p>\n","protected":false},"author":8,"featured_media":0,"parent":0,"menu_order":0,"comment_status":"closed","ping_status":"closed","template":"","meta":{"_monsterinsights_skip_tracking":false,"_monsterinsights_sitenote_active":false,"_monsterinsights_sitenote_note":"","_monsterinsights_sitenote_category":0,"footnotes":""},"class_list":["post-18102","page","type-page","status-publish","hentry"],"aioseo_notices":[],"yoast_head":"<!-- This site is optimized with the Yoast SEO plugin v24.1 - https:\/\/yoast.com\/wordpress\/plugins\/seo\/ -->\n<title>Datenschutzbestimmungen Leisure Pools nv - Leisure Pools<\/title>\n<meta name=\"robots\" content=\"index, follow, max-snippet:-1, max-image-preview:large, max-video-preview:-1\" \/>\n<link rel=\"canonical\" href=\"https:\/\/leisurepools.be\/de\/privacy-policy\/\" \/>\n<meta property=\"og:locale\" content=\"de_DE\" \/>\n<meta property=\"og:type\" content=\"article\" \/>\n<meta property=\"og:title\" content=\"Datenschutzbestimmungen Leisure Pools nv - Leisure Pools\" \/>\n<meta property=\"og:description\" content=\"1. Allgemeines Diese Datenschutzerkl\u00e4rung (\u201eDatenschutzerkl\u00e4rung\u201c) regelt die Verarbeitung Ihrer pers\u00f6nlichen Daten als Teil der Nutzung unserer Website (die \u201eWebsite\u201c) und der damit verbundenen Dienstleistungen (zusammen als \u201eDienstleistungen\u201c bezeichnet). Diese Verarbeitung erfolgt durch Leisure Pools nv als f\u00fcr die Verarbeitung verantwortliches Unternehmen mit Sitz in Nieuwlandlaan 57, 3200 Aarschot (\u201ewir\u201c, \u201euns\u201d), unter der Nummer 0526.828.477 im [&hellip;]\" \/>\n<meta property=\"og:url\" content=\"https:\/\/leisurepools.be\/de\/privacy-policy\/\" \/>\n<meta property=\"og:site_name\" content=\"Leisure Pools\" \/>\n<meta property=\"article:modified_time\" content=\"2022-09-02T12:37:53+00:00\" \/>\n<meta name=\"twitter:card\" content=\"summary_large_image\" \/>\n<meta name=\"twitter:label1\" content=\"Gesch\u00e4tzte Lesezeit\" \/>\n\t<meta name=\"twitter:data1\" content=\"8\u00a0Minuten\" \/>\n<script type=\"application\/ld+json\" class=\"yoast-schema-graph\">{\"@context\":\"https:\/\/schema.org\",\"@graph\":[{\"@type\":\"WebPage\",\"@id\":\"https:\/\/leisurepools.be\/de\/privacy-policy\/\",\"url\":\"https:\/\/leisurepools.be\/de\/privacy-policy\/\",\"name\":\"Datenschutzbestimmungen Leisure Pools nv - Leisure Pools\",\"isPartOf\":{\"@id\":\"https:\/\/leisurepools.be\/de\/#website\"},\"datePublished\":\"2022-08-12T10:06:12+00:00\",\"dateModified\":\"2022-09-02T12:37:53+00:00\",\"breadcrumb\":{\"@id\":\"https:\/\/leisurepools.be\/de\/privacy-policy\/#breadcrumb\"},\"inLanguage\":\"de\",\"potentialAction\":[{\"@type\":\"ReadAction\",\"target\":[\"https:\/\/leisurepools.be\/de\/privacy-policy\/\"]}]},{\"@type\":\"BreadcrumbList\",\"@id\":\"https:\/\/leisurepools.be\/de\/privacy-policy\/#breadcrumb\",\"itemListElement\":[{\"@type\":\"ListItem\",\"position\":1,\"name\":\"Home\",\"item\":\"https:\/\/leisurepools.be\/de\/\"},{\"@type\":\"ListItem\",\"position\":2,\"name\":\"Datenschutzbestimmungen Leisure Pools nv\"}]},{\"@type\":\"WebSite\",\"@id\":\"https:\/\/leisurepools.be\/de\/#website\",\"url\":\"https:\/\/leisurepools.be\/de\/\",\"name\":\"Leisure Pools\",\"description\":\"Op vakantie in je eigen tuin\",\"publisher\":{\"@id\":\"https:\/\/leisurepools.be\/de\/#organization\"},\"potentialAction\":[{\"@type\":\"SearchAction\",\"target\":{\"@type\":\"EntryPoint\",\"urlTemplate\":\"https:\/\/leisurepools.be\/de\/?s={search_term_string}\"},\"query-input\":{\"@type\":\"PropertyValueSpecification\",\"valueRequired\":true,\"valueName\":\"search_term_string\"}}],\"inLanguage\":\"de\"},{\"@type\":\"Organization\",\"@id\":\"https:\/\/leisurepools.be\/de\/#organization\",\"name\":\"Leisure Pools\",\"url\":\"https:\/\/leisurepools.be\/de\/\",\"logo\":{\"@type\":\"ImageObject\",\"inLanguage\":\"de\",\"@id\":\"https:\/\/leisurepools.be\/de\/#\/schema\/logo\/image\/\",\"url\":\"https:\/\/leisurepools.be\/wp-content\/uploads\/2021\/03\/leisure-pools-blue.svg\",\"contentUrl\":\"https:\/\/leisurepools.be\/wp-content\/uploads\/2021\/03\/leisure-pools-blue.svg\",\"width\":247,\"height\":97,\"caption\":\"Leisure Pools\"},\"image\":{\"@id\":\"https:\/\/leisurepools.be\/de\/#\/schema\/logo\/image\/\"}}]}<\/script>\n<!-- \/ Yoast SEO plugin. -->","yoast_head_json":{"title":"Datenschutzbestimmungen Leisure Pools nv - Leisure Pools","robots":{"index":"index","follow":"follow","max-snippet":"max-snippet:-1","max-image-preview":"max-image-preview:large","max-video-preview":"max-video-preview:-1"},"canonical":"https:\/\/leisurepools.be\/de\/privacy-policy\/","og_locale":"de_DE","og_type":"article","og_title":"Datenschutzbestimmungen Leisure Pools nv - Leisure Pools","og_description":"1. Allgemeines Diese Datenschutzerkl\u00e4rung (\u201eDatenschutzerkl\u00e4rung\u201c) regelt die Verarbeitung Ihrer pers\u00f6nlichen Daten als Teil der Nutzung unserer Website (die \u201eWebsite\u201c) und der damit verbundenen Dienstleistungen (zusammen als \u201eDienstleistungen\u201c bezeichnet). Diese Verarbeitung erfolgt durch Leisure Pools nv als f\u00fcr die Verarbeitung verantwortliches Unternehmen mit Sitz in Nieuwlandlaan 57, 3200 Aarschot (\u201ewir\u201c, \u201euns\u201d), unter der Nummer 0526.828.477 im [&hellip;]","og_url":"https:\/\/leisurepools.be\/de\/privacy-policy\/","og_site_name":"Leisure Pools","article_modified_time":"2022-09-02T12:37:53+00:00","twitter_card":"summary_large_image","twitter_misc":{"Gesch\u00e4tzte Lesezeit":"8\u00a0Minuten"},"schema":{"@context":"https:\/\/schema.org","@graph":[{"@type":"WebPage","@id":"https:\/\/leisurepools.be\/de\/privacy-policy\/","url":"https:\/\/leisurepools.be\/de\/privacy-policy\/","name":"Datenschutzbestimmungen Leisure Pools nv - Leisure Pools","isPartOf":{"@id":"https:\/\/leisurepools.be\/de\/#website"},"datePublished":"2022-08-12T10:06:12+00:00","dateModified":"2022-09-02T12:37:53+00:00","breadcrumb":{"@id":"https:\/\/leisurepools.be\/de\/privacy-policy\/#breadcrumb"},"inLanguage":"de","potentialAction":[{"@type":"ReadAction","target":["https:\/\/leisurepools.be\/de\/privacy-policy\/"]}]},{"@type":"BreadcrumbList","@id":"https:\/\/leisurepools.be\/de\/privacy-policy\/#breadcrumb","itemListElement":[{"@type":"ListItem","position":1,"name":"Home","item":"https:\/\/leisurepools.be\/de\/"},{"@type":"ListItem","position":2,"name":"Datenschutzbestimmungen Leisure Pools nv"}]},{"@type":"WebSite","@id":"https:\/\/leisurepools.be\/de\/#website","url":"https:\/\/leisurepools.be\/de\/","name":"Leisure Pools","description":"Op vakantie in je eigen tuin","publisher":{"@id":"https:\/\/leisurepools.be\/de\/#organization"},"potentialAction":[{"@type":"SearchAction","target":{"@type":"EntryPoint","urlTemplate":"https:\/\/leisurepools.be\/de\/?s={search_term_string}"},"query-input":{"@type":"PropertyValueSpecification","valueRequired":true,"valueName":"search_term_string"}}],"inLanguage":"de"},{"@type":"Organization","@id":"https:\/\/leisurepools.be\/de\/#organization","name":"Leisure Pools","url":"https:\/\/leisurepools.be\/de\/","logo":{"@type":"ImageObject","inLanguage":"de","@id":"https:\/\/leisurepools.be\/de\/#\/schema\/logo\/image\/","url":"https:\/\/leisurepools.be\/wp-content\/uploads\/2021\/03\/leisure-pools-blue.svg","contentUrl":"https:\/\/leisurepools.be\/wp-content\/uploads\/2021\/03\/leisure-pools-blue.svg","width":247,"height":97,"caption":"Leisure Pools"},"image":{"@id":"https:\/\/leisurepools.be\/de\/#\/schema\/logo\/image\/"}}]}},"_links":{"self":[{"href":"https:\/\/leisurepools.be\/de\/wp-json\/wp\/v2\/pages\/18102","targetHints":{"allow":["GET"]}}],"collection":[{"href":"https:\/\/leisurepools.be\/de\/wp-json\/wp\/v2\/pages"}],"about":[{"href":"https:\/\/leisurepools.be\/de\/wp-json\/wp\/v2\/types\/page"}],"author":[{"embeddable":true,"href":"https:\/\/leisurepools.be\/de\/wp-json\/wp\/v2\/users\/8"}],"replies":[{"embeddable":true,"href":"https:\/\/leisurepools.be\/de\/wp-json\/wp\/v2\/comments?post=18102"}],"version-history":[{"count":16,"href":"https:\/\/leisurepools.be\/de\/wp-json\/wp\/v2\/pages\/18102\/revisions"}],"predecessor-version":[{"id":18382,"href":"https:\/\/leisurepools.be\/de\/wp-json\/wp\/v2\/pages\/18102\/revisions\/18382"}],"wp:attachment":[{"href":"https:\/\/leisurepools.be\/de\/wp-json\/wp\/v2\/media?parent=18102"}],"curies":[{"name":"wp","href":"https:\/\/api.w.org\/{rel}","templated":true}]}}