{"id":18150,"date":"2022-08-12T10:13:50","date_gmt":"2022-08-12T10:13:50","guid":{"rendered":"https:\/\/leisurepools.be\/cookie-policy-nl\/"},"modified":"2022-08-23T20:00:11","modified_gmt":"2022-08-23T20:00:11","slug":"cookie-policy","status":"publish","type":"page","link":"https:\/\/leisurepools.be\/de\/cookie-policy\/","title":{"rendered":"Cookie-Richtlinie Leisure Pools nv"},"content":{"rendered":"\n<h2 class=\"mt-4 wp-block-heading\" style=\"font-size:28px\">1 Allgemeines<\/h2>\n\n\n\n<ol class=\"wp-block-list\"><li>Diese Cookie-Richtlinie (\u201e<strong>Cookie-Richtlinie<\/strong>\u201c) regelt den Einsatz von Cookies und \u00e4hnlichen Technologien als Teil Ihrer Nutzung unserer Website (der \u201e<strong>Website<\/strong>\u201c). Diese Verarbeitung erfolgt durch Leisure Pools nv als f\u00fcr die Verarbeitung verantwortliches Unternehmen mit Sitz in Nieuwlandlaan 57, 3200 Aarschot (\u201e<strong>wir<\/strong>\u201c, \u201e<strong>uns<\/strong>\u201c), unter der Nummer 0526.828.477 im ZDU registriert, in \u00dcbereinstimmung mit den Bestimmungen des anwendbaren Datenschutzrechts.&nbsp;<\/li><li>Cookies sind kleine Textdateien, die auf der Festplatte eines Ger\u00e4ts gespeichert werden und bestimmte Informationen enthalten, darunter manchmal auch personenbezogene Daten. Wenn Sie unsere Website und\/oder unsere Dienstleistungen nutzen, sammeln und verarbeiten wir auch sonstige pers\u00f6nliche Informationen mit Hilfe von Cookies und \u00e4hnlichen Technologien. Wenn Sie mehr dar\u00fcber erfahren m\u00f6chten, lesen Sie unsere Datenschutzerkl\u00e4rung. <strong>Wie in dieser Cookie-Richtlinie dargelegt, k\u00f6nnen Sie Ihre Cookie-Einstellungen jederzeit \u00e4nder<\/strong><\/li><li>Wir behalten uns vor, diese Cookie-Richtlinie von Zeit zu Zeit zu \u00e4ndern, zu erg\u00e4nzen oder zu ersetzen. Derartige \u00c4nderungen, Erg\u00e4nzungen oder Ersetzungen werden Ihnen \u00fcber unsere Website mitgeteilt und falls erforderlich, wird Ihre erneute Zustimmung eingeholt.<\/li><\/ol>\n\n\n\n<p><\/p>\n\n\n\n<h2 class=\"wp-block-heading\" style=\"font-size:28px\">2 Welche Cookies und warum? <\/h2>\n\n\n\n<p>Wenn Sie unsere Website besuchen und\/oder nutzen, setzen wir Cookies oder verwenden \u00e4hnliche Technologien, mit denen wir personenbezogene Daten erheben und verarbeiten. Zu diesen Cookies und \u00e4hnlichen Technologien geh\u00f6ren:<\/p>\n\n\n\n<div class=\"cookiehub-declaration\"><\/div>\n\n\n\n<p>Cookies auf der Grundlage eines Scans mit dem Cookiebot (siehe https:\/\/www.cookiebot.com\/en\/) auflisten (f\u00fcr die Auflistung der funktionalen Cookies und Session-Cookies im Prinzip nicht notwendig) ODER vom Cookie Consent Tool automatisch generierte Liste<\/p>\n\n\n\n<p>Sie k\u00f6nnen das Setzen von Cookies auch verhindern oder bereits gespeicherte Cookies l\u00f6schen, indem Sie die Einstellungen in Ihrem Browser anpassen. Hilfe beim Anpassen dieser Einstellungen finden Sie auf der Website des von Ihnen genutzten Browsers. Bitte beachten Sie, dass die Ablehnung von Cookies beim Besuch der Website dazu f\u00fchren kann, dass bestimmte oder alle Funktionen der Website nicht mehr richtig funktionieren.<\/p>\n\n\n\n<p><strong>Internet Explorer<\/strong>:&nbsp;<a href=\"https:\/\/support.microsoft.com\/en-gb\/help\/17442\/windows-internet-explorer-delete-manage-cookies\">https:\/\/support.microsoft.com\/en-gb\/help\/17442\/windows-internet-explorer-delete-manage-cookies<\/a><\/p>\n\n\n\n<p><strong>Microsoft Edge<\/strong>:&nbsp;<a href=\"http:\/\/windows.microsoft.com\/en-gb\/windows-10\/edge-privacy-faq\">http:\/\/windows.microsoft.com\/en-gb\/windows-10\/edge-privacy-faq<\/a><\/p>\n\n\n\n<p><strong>Chrome<\/strong>:&nbsp;<a href=\"https:\/\/support.google.com\/chrome\/answer\/95647?hl=en\">https:\/\/support.google.com\/chrome\/answer\/95647?hl=en<\/a><\/p>\n\n\n\n<p><strong>Firefox<\/strong>:&nbsp;<a href=\"https:\/\/support.mozilla.org\/en-US\/kb\/block-websites-storing-cookies-site-data-firefox\">https:\/\/support.mozilla.org\/en-US\/kb\/block-websites-storing-cookies-site-data-firefox<\/a><\/p>\n\n\n\n<p><strong>Safari<\/strong>:&nbsp;<a href=\"https:\/\/support.apple.com\/nl-be\/guide\/safari\/sfri11471\/mac\">https:\/\/support.apple.com\/nl-be\/guide\/safari\/sfri11471\/mac<\/a>.<\/p>\n\n\n\n<p><\/p>\n\n\n\n<p>Wenn Sie Beschwerden zur Verarbeitung personenbezogener Daten durch uns haben, k\u00f6nnen Sie uns jederzeit \u00fcber die E-Mail-Adresse info@astrasweets.com kontaktieren. Wenn Sie mit unserer Antwort nicht zufrieden sind, steht es Ihnen frei, Beschwerde bei der zust\u00e4ndigen Datenschutzbeh\u00f6rde, der belgischen Datenschutzbeh\u00f6rde APD, Drukpersstraat 35, 1000 Br\u00fcssel, einzureichen. Weitere Informationen finden Sie unter <a href=\"https:\/\/www.datenschutzbehoerde.be\/\">https:\/\/www.datenschutzbehoerde.be<\/a>.<\/p>\n\n\n\n<p><\/p>\n","protected":false},"excerpt":{"rendered":"<p>1 Allgemeines Diese Cookie-Richtlinie (\u201eCookie-Richtlinie\u201c) regelt den Einsatz von Cookies und \u00e4hnlichen Technologien als Teil Ihrer Nutzung unserer Website (der \u201eWebsite\u201c). Diese Verarbeitung erfolgt durch Leisure Pools nv als f\u00fcr die Verarbeitung verantwortliches Unternehmen mit Sitz in Nieuwlandlaan 57, 3200 Aarschot (\u201ewir\u201c, \u201euns\u201c), unter der Nummer 0526.828.477 im ZDU registriert, in \u00dcbereinstimmung mit den Bestimmungen [&hellip;]<\/p>\n","protected":false},"author":8,"featured_media":0,"parent":0,"menu_order":0,"comment_status":"closed","ping_status":"closed","template":"","meta":{"_monsterinsights_skip_tracking":false,"_monsterinsights_sitenote_active":false,"_monsterinsights_sitenote_note":"","_monsterinsights_sitenote_category":0,"footnotes":""},"class_list":["post-18150","page","type-page","status-publish","hentry"],"aioseo_notices":[],"yoast_head":"<!-- This site is optimized with the Yoast SEO plugin v24.1 - https:\/\/yoast.com\/wordpress\/plugins\/seo\/ -->\n<title>Cookie-Richtlinie Leisure Pools nv - Leisure Pools<\/title>\n<meta name=\"robots\" content=\"index, follow, max-snippet:-1, max-image-preview:large, max-video-preview:-1\" \/>\n<link rel=\"canonical\" href=\"https:\/\/leisurepools.be\/de\/cookie-policy\/\" \/>\n<meta property=\"og:locale\" content=\"de_DE\" \/>\n<meta property=\"og:type\" content=\"article\" \/>\n<meta property=\"og:title\" content=\"Cookie-Richtlinie Leisure Pools nv - Leisure Pools\" \/>\n<meta property=\"og:description\" content=\"1 Allgemeines Diese Cookie-Richtlinie (\u201eCookie-Richtlinie\u201c) regelt den Einsatz von Cookies und \u00e4hnlichen Technologien als Teil Ihrer Nutzung unserer Website (der \u201eWebsite\u201c). Diese Verarbeitung erfolgt durch Leisure Pools nv als f\u00fcr die Verarbeitung verantwortliches Unternehmen mit Sitz in Nieuwlandlaan 57, 3200 Aarschot (\u201ewir\u201c, \u201euns\u201c), unter der Nummer 0526.828.477 im ZDU registriert, in \u00dcbereinstimmung mit den Bestimmungen [&hellip;]\" \/>\n<meta property=\"og:url\" content=\"https:\/\/leisurepools.be\/de\/cookie-policy\/\" \/>\n<meta property=\"og:site_name\" content=\"Leisure Pools\" \/>\n<meta property=\"article:modified_time\" content=\"2022-08-23T20:00:11+00:00\" \/>\n<meta name=\"twitter:card\" content=\"summary_large_image\" \/>\n<meta name=\"twitter:label1\" content=\"Gesch\u00e4tzte Lesezeit\" \/>\n\t<meta name=\"twitter:data1\" content=\"2\u00a0Minuten\" \/>\n<script type=\"application\/ld+json\" class=\"yoast-schema-graph\">{\"@context\":\"https:\/\/schema.org\",\"@graph\":[{\"@type\":\"WebPage\",\"@id\":\"https:\/\/leisurepools.be\/de\/cookie-policy\/\",\"url\":\"https:\/\/leisurepools.be\/de\/cookie-policy\/\",\"name\":\"Cookie-Richtlinie Leisure Pools nv - Leisure Pools\",\"isPartOf\":{\"@id\":\"https:\/\/leisurepools.be\/de\/#website\"},\"datePublished\":\"2022-08-12T10:13:50+00:00\",\"dateModified\":\"2022-08-23T20:00:11+00:00\",\"breadcrumb\":{\"@id\":\"https:\/\/leisurepools.be\/de\/cookie-policy\/#breadcrumb\"},\"inLanguage\":\"de\",\"potentialAction\":[{\"@type\":\"ReadAction\",\"target\":[\"https:\/\/leisurepools.be\/de\/cookie-policy\/\"]}]},{\"@type\":\"BreadcrumbList\",\"@id\":\"https:\/\/leisurepools.be\/de\/cookie-policy\/#breadcrumb\",\"itemListElement\":[{\"@type\":\"ListItem\",\"position\":1,\"name\":\"Home\",\"item\":\"https:\/\/leisurepools.be\/de\/\"},{\"@type\":\"ListItem\",\"position\":2,\"name\":\"Cookie-Richtlinie Leisure Pools nv\"}]},{\"@type\":\"WebSite\",\"@id\":\"https:\/\/leisurepools.be\/de\/#website\",\"url\":\"https:\/\/leisurepools.be\/de\/\",\"name\":\"Leisure Pools\",\"description\":\"Op vakantie in je eigen tuin\",\"publisher\":{\"@id\":\"https:\/\/leisurepools.be\/de\/#organization\"},\"potentialAction\":[{\"@type\":\"SearchAction\",\"target\":{\"@type\":\"EntryPoint\",\"urlTemplate\":\"https:\/\/leisurepools.be\/de\/?s={search_term_string}\"},\"query-input\":{\"@type\":\"PropertyValueSpecification\",\"valueRequired\":true,\"valueName\":\"search_term_string\"}}],\"inLanguage\":\"de\"},{\"@type\":\"Organization\",\"@id\":\"https:\/\/leisurepools.be\/de\/#organization\",\"name\":\"Leisure Pools\",\"url\":\"https:\/\/leisurepools.be\/de\/\",\"logo\":{\"@type\":\"ImageObject\",\"inLanguage\":\"de\",\"@id\":\"https:\/\/leisurepools.be\/de\/#\/schema\/logo\/image\/\",\"url\":\"https:\/\/leisurepools.be\/wp-content\/uploads\/2021\/03\/leisure-pools-blue.svg\",\"contentUrl\":\"https:\/\/leisurepools.be\/wp-content\/uploads\/2021\/03\/leisure-pools-blue.svg\",\"width\":247,\"height\":97,\"caption\":\"Leisure Pools\"},\"image\":{\"@id\":\"https:\/\/leisurepools.be\/de\/#\/schema\/logo\/image\/\"}}]}<\/script>\n<!-- \/ Yoast SEO plugin. -->","yoast_head_json":{"title":"Cookie-Richtlinie Leisure Pools nv - Leisure Pools","robots":{"index":"index","follow":"follow","max-snippet":"max-snippet:-1","max-image-preview":"max-image-preview:large","max-video-preview":"max-video-preview:-1"},"canonical":"https:\/\/leisurepools.be\/de\/cookie-policy\/","og_locale":"de_DE","og_type":"article","og_title":"Cookie-Richtlinie Leisure Pools nv - Leisure Pools","og_description":"1 Allgemeines Diese Cookie-Richtlinie (\u201eCookie-Richtlinie\u201c) regelt den Einsatz von Cookies und \u00e4hnlichen Technologien als Teil Ihrer Nutzung unserer Website (der \u201eWebsite\u201c). Diese Verarbeitung erfolgt durch Leisure Pools nv als f\u00fcr die Verarbeitung verantwortliches Unternehmen mit Sitz in Nieuwlandlaan 57, 3200 Aarschot (\u201ewir\u201c, \u201euns\u201c), unter der Nummer 0526.828.477 im ZDU registriert, in \u00dcbereinstimmung mit den Bestimmungen [&hellip;]","og_url":"https:\/\/leisurepools.be\/de\/cookie-policy\/","og_site_name":"Leisure Pools","article_modified_time":"2022-08-23T20:00:11+00:00","twitter_card":"summary_large_image","twitter_misc":{"Gesch\u00e4tzte Lesezeit":"2\u00a0Minuten"},"schema":{"@context":"https:\/\/schema.org","@graph":[{"@type":"WebPage","@id":"https:\/\/leisurepools.be\/de\/cookie-policy\/","url":"https:\/\/leisurepools.be\/de\/cookie-policy\/","name":"Cookie-Richtlinie Leisure Pools nv - Leisure Pools","isPartOf":{"@id":"https:\/\/leisurepools.be\/de\/#website"},"datePublished":"2022-08-12T10:13:50+00:00","dateModified":"2022-08-23T20:00:11+00:00","breadcrumb":{"@id":"https:\/\/leisurepools.be\/de\/cookie-policy\/#breadcrumb"},"inLanguage":"de","potentialAction":[{"@type":"ReadAction","target":["https:\/\/leisurepools.be\/de\/cookie-policy\/"]}]},{"@type":"BreadcrumbList","@id":"https:\/\/leisurepools.be\/de\/cookie-policy\/#breadcrumb","itemListElement":[{"@type":"ListItem","position":1,"name":"Home","item":"https:\/\/leisurepools.be\/de\/"},{"@type":"ListItem","position":2,"name":"Cookie-Richtlinie Leisure Pools nv"}]},{"@type":"WebSite","@id":"https:\/\/leisurepools.be\/de\/#website","url":"https:\/\/leisurepools.be\/de\/","name":"Leisure Pools","description":"Op vakantie in je eigen tuin","publisher":{"@id":"https:\/\/leisurepools.be\/de\/#organization"},"potentialAction":[{"@type":"SearchAction","target":{"@type":"EntryPoint","urlTemplate":"https:\/\/leisurepools.be\/de\/?s={search_term_string}"},"query-input":{"@type":"PropertyValueSpecification","valueRequired":true,"valueName":"search_term_string"}}],"inLanguage":"de"},{"@type":"Organization","@id":"https:\/\/leisurepools.be\/de\/#organization","name":"Leisure Pools","url":"https:\/\/leisurepools.be\/de\/","logo":{"@type":"ImageObject","inLanguage":"de","@id":"https:\/\/leisurepools.be\/de\/#\/schema\/logo\/image\/","url":"https:\/\/leisurepools.be\/wp-content\/uploads\/2021\/03\/leisure-pools-blue.svg","contentUrl":"https:\/\/leisurepools.be\/wp-content\/uploads\/2021\/03\/leisure-pools-blue.svg","width":247,"height":97,"caption":"Leisure Pools"},"image":{"@id":"https:\/\/leisurepools.be\/de\/#\/schema\/logo\/image\/"}}]}},"_links":{"self":[{"href":"https:\/\/leisurepools.be\/de\/wp-json\/wp\/v2\/pages\/18150","targetHints":{"allow":["GET"]}}],"collection":[{"href":"https:\/\/leisurepools.be\/de\/wp-json\/wp\/v2\/pages"}],"about":[{"href":"https:\/\/leisurepools.be\/de\/wp-json\/wp\/v2\/types\/page"}],"author":[{"embeddable":true,"href":"https:\/\/leisurepools.be\/de\/wp-json\/wp\/v2\/users\/8"}],"replies":[{"embeddable":true,"href":"https:\/\/leisurepools.be\/de\/wp-json\/wp\/v2\/comments?post=18150"}],"version-history":[{"count":5,"href":"https:\/\/leisurepools.be\/de\/wp-json\/wp\/v2\/pages\/18150\/revisions"}],"predecessor-version":[{"id":18304,"href":"https:\/\/leisurepools.be\/de\/wp-json\/wp\/v2\/pages\/18150\/revisions\/18304"}],"wp:attachment":[{"href":"https:\/\/leisurepools.be\/de\/wp-json\/wp\/v2\/media?parent=18150"}],"curies":[{"name":"wp","href":"https:\/\/api.w.org\/{rel}","templated":true}]}}