{"id":27383,"date":"2024-07-05T18:36:02","date_gmt":"2024-07-05T16:36:02","guid":{"rendered":"https:\/\/leisurepools.be\/?page_id=27383"},"modified":"2024-09-11T16:07:21","modified_gmt":"2024-09-11T14:07:21","slug":"einbau-eines-pool","status":"publish","type":"page","link":"https:\/\/leisurepools.be\/de\/einbau-eines-pool\/","title":{"rendered":"Einbau eines Pool"},"content":{"rendered":"\t\t<div data-elementor-type=\"wp-page\" data-elementor-id=\"27383\" class=\"elementor elementor-27383 elementor-27382\" data-elementor-post-type=\"page\">\n\t\t\t\t\t\t<section class=\"elementor-section elementor-top-section elementor-element elementor-element-7191d8d4 elementor-section-boxed elementor-section-height-default elementor-section-height-default\" data-id=\"7191d8d4\" data-element_type=\"section\">\n\t\t\t\t\t\t<div class=\"elementor-container elementor-column-gap-default\">\n\t\t\t\t\t<div class=\"elementor-column elementor-col-33 elementor-top-column elementor-element elementor-element-2d517f09 elementor-hidden-tablet\" data-id=\"2d517f09\" data-element_type=\"column\">\n\t\t\t<div class=\"elementor-widget-wrap\">\n\t\t\t\t\t\t\t<\/div>\n\t\t<\/div>\n\t\t\t\t<div class=\"elementor-column elementor-col-33 elementor-top-column elementor-element elementor-element-662e1690\" data-id=\"662e1690\" data-element_type=\"column\">\n\t\t\t<div class=\"elementor-widget-wrap elementor-element-populated\">\n\t\t\t\t\t\t<div class=\"elementor-element elementor-element-1f87900e elementor-widget elementor-widget-heading\" data-id=\"1f87900e\" data-element_type=\"widget\" data-widget_type=\"heading.default\">\n\t\t\t\t<div class=\"elementor-widget-container\">\n\t\t\t\t\t<h2 class=\"elementor-heading-title elementor-size-default\">EINBAU EINES POOLS<\/h2>\t\t\t\t<\/div>\n\t\t\t\t<\/div>\n\t\t\t\t<div class=\"elementor-element elementor-element-45efc9f elementor-hidden-desktop elementor-hidden-tablet elementor-hidden-mobile elementor-widget-divider--view-line elementor-widget elementor-widget-divider\" data-id=\"45efc9f\" data-element_type=\"widget\" data-widget_type=\"divider.default\">\n\t\t\t\t<div class=\"elementor-widget-container\">\n\t\t\t\t\t\t\t<div class=\"elementor-divider\">\n\t\t\t<span class=\"elementor-divider-separator\">\n\t\t\t\t\t\t<\/span>\n\t\t<\/div>\n\t\t\t\t\t\t<\/div>\n\t\t\t\t<\/div>\n\t\t\t\t\t<\/div>\n\t\t<\/div>\n\t\t\t\t<div class=\"elementor-column elementor-col-33 elementor-top-column elementor-element elementor-element-763c94d2 elementor-hidden-tablet\" data-id=\"763c94d2\" data-element_type=\"column\">\n\t\t\t<div class=\"elementor-widget-wrap\">\n\t\t\t\t\t\t\t<\/div>\n\t\t<\/div>\n\t\t\t\t\t<\/div>\n\t\t<\/section>\n\t\t\t\t<section data-dce-background-image-url=\"http:\/\/leisurepools.be\/wp-content\/uploads\/2022\/10\/Picture.png\" class=\"elementor-section elementor-top-section elementor-element elementor-element-6b0f243f elementor-section-height-min-height elementor-section-boxed elementor-section-height-default elementor-section-items-middle\" data-id=\"6b0f243f\" data-element_type=\"section\" data-settings=\"{&quot;background_background&quot;:&quot;classic&quot;}\">\n\t\t\t\t\t\t<div class=\"elementor-container elementor-column-gap-default\">\n\t\t\t\t\t<div class=\"elementor-column elementor-col-100 elementor-top-column elementor-element elementor-element-36939ba9\" data-id=\"36939ba9\" data-element_type=\"column\">\n\t\t\t<div class=\"elementor-widget-wrap\">\n\t\t\t\t\t\t\t<\/div>\n\t\t<\/div>\n\t\t\t\t\t<\/div>\n\t\t<\/section>\n\t\t\t\t<section class=\"elementor-section elementor-top-section elementor-element elementor-element-70767b62 elementor-section-boxed elementor-section-height-default elementor-section-height-default\" data-id=\"70767b62\" data-element_type=\"section\">\n\t\t\t\t\t\t<div class=\"elementor-container elementor-column-gap-default\">\n\t\t\t\t\t<div class=\"elementor-column elementor-col-33 elementor-top-column elementor-element elementor-element-6ae70f3e elementor-hidden-tablet\" data-id=\"6ae70f3e\" data-element_type=\"column\">\n\t\t\t<div class=\"elementor-widget-wrap\">\n\t\t\t\t\t\t\t<\/div>\n\t\t<\/div>\n\t\t\t\t<div class=\"elementor-column elementor-col-33 elementor-top-column elementor-element elementor-element-922538d\" data-id=\"922538d\" data-element_type=\"column\">\n\t\t\t<div class=\"elementor-widget-wrap elementor-element-populated\">\n\t\t\t\t\t\t<section class=\"elementor-section elementor-inner-section elementor-element elementor-element-2bd98e2a elementor-section-boxed elementor-section-height-default elementor-section-height-default\" data-id=\"2bd98e2a\" data-element_type=\"section\">\n\t\t\t\t\t\t<div class=\"elementor-container elementor-column-gap-default\">\n\t\t\t\t\t<div class=\"elementor-column elementor-col-100 elementor-inner-column elementor-element elementor-element-72fa713a\" data-id=\"72fa713a\" data-element_type=\"column\">\n\t\t\t<div class=\"elementor-widget-wrap elementor-element-populated\">\n\t\t\t\t\t\t<div class=\"elementor-element elementor-element-2cf566a7 elementor-widget elementor-widget-heading\" data-id=\"2cf566a7\" data-element_type=\"widget\" data-widget_type=\"heading.default\">\n\t\t\t\t<div class=\"elementor-widget-container\">\n\t\t\t\t\t<h3 class=\"elementor-heading-title elementor-size-default\">Luxuri\u00f6s und \u00e4sthetisch<\/h3>\t\t\t\t<\/div>\n\t\t\t\t<\/div>\n\t\t\t\t<div class=\"elementor-element elementor-element-12149bcb elementor-widget elementor-widget-text-editor\" data-id=\"12149bcb\" data-element_type=\"widget\" data-widget_type=\"text-editor.default\">\n\t\t\t\t<div class=\"elementor-widget-container\">\n\t\t\t\t\t\t\t\t\t<p>Ein Einbaupool ist ein Pool, der fest in den Boden eingelassen ist. Diese Art von Pool bietet eine luxuri\u00f6se und \u00e4sthetische Option f\u00fcr Ihren Garten und ist ideal f\u00fcr diejenigen, die regelm\u00e4\u00dfig in ihrem eigenen Garten schwimmen oder entspannen m\u00f6chten.<\/p>\t\t\t\t\t\t\t\t<\/div>\n\t\t\t\t<\/div>\n\t\t\t\t\t<\/div>\n\t\t<\/div>\n\t\t\t\t\t<\/div>\n\t\t<\/section>\n\t\t\t\t<section class=\"elementor-section elementor-inner-section elementor-element elementor-element-30f33efb elementor-section-boxed elementor-section-height-default elementor-section-height-default\" data-id=\"30f33efb\" data-element_type=\"section\">\n\t\t\t\t\t\t<div class=\"elementor-container elementor-column-gap-default\">\n\t\t\t\t\t<div class=\"elementor-column elementor-col-100 elementor-inner-column elementor-element elementor-element-13b94f9a\" data-id=\"13b94f9a\" data-element_type=\"column\">\n\t\t\t<div class=\"elementor-widget-wrap elementor-element-populated\">\n\t\t\t\t\t\t<div class=\"elementor-element elementor-element-16d877c0 elementor-widget elementor-widget-heading\" data-id=\"16d877c0\" data-element_type=\"widget\" data-widget_type=\"heading.default\">\n\t\t\t\t<div class=\"elementor-widget-container\">\n\t\t\t\t\t<h3 class=\"elementor-heading-title elementor-size-default\">Vorteile eines eingebauten Pools<\/h3>\t\t\t\t<\/div>\n\t\t\t\t<\/div>\n\t\t\t\t<div class=\"elementor-element elementor-element-7dfd0a0e elementor-widget elementor-widget-text-editor\" data-id=\"7dfd0a0e\" data-element_type=\"widget\" data-widget_type=\"text-editor.default\">\n\t\t\t\t<div class=\"elementor-widget-container\">\n\t\t\t\t\t\t\t\t\t<ul><li>\u00c4sthetik: Ein Einbaubecken f\u00fcgt sich nahtlos in die Gartengestaltung ein.<\/li><li>Langlebigkeit: Aus hochwertigen Materialien wie Epoxid-Vinylester gefertigt, h\u00e4lt ein eingebauter Pool jahrelang.<\/li><li>Wertsteigerung: Ein eingebauter Pool kann den Wert Ihres Hauses erh\u00f6hen.<\/li><\/ul>\t\t\t\t\t\t\t\t<\/div>\n\t\t\t\t<\/div>\n\t\t\t\t\t<\/div>\n\t\t<\/div>\n\t\t\t\t\t<\/div>\n\t\t<\/section>\n\t\t\t\t<section class=\"elementor-section elementor-inner-section elementor-element elementor-element-6c18b8d7 elementor-section-boxed elementor-section-height-default elementor-section-height-default\" data-id=\"6c18b8d7\" data-element_type=\"section\">\n\t\t\t\t\t\t<div class=\"elementor-container elementor-column-gap-default\">\n\t\t\t\t\t<div class=\"elementor-column elementor-col-100 elementor-inner-column elementor-element elementor-element-5db75819\" data-id=\"5db75819\" data-element_type=\"column\">\n\t\t\t<div class=\"elementor-widget-wrap elementor-element-populated\">\n\t\t\t\t\t\t<div class=\"elementor-element elementor-element-55a137cb elementor-widget elementor-widget-heading\" data-id=\"55a137cb\" data-element_type=\"widget\" data-widget_type=\"heading.default\">\n\t\t\t\t<div class=\"elementor-widget-container\">\n\t\t\t\t\t<h3 class=\"elementor-heading-title elementor-size-default\">Ablauf der Installation<\/h3>\t\t\t\t<\/div>\n\t\t\t\t<\/div>\n\t\t\t\t<div class=\"elementor-element elementor-element-2656b01e elementor-widget elementor-widget-text-editor\" data-id=\"2656b01e\" data-element_type=\"widget\" data-widget_type=\"text-editor.default\">\n\t\t\t\t<div class=\"elementor-widget-container\">\n\t\t\t\t\t\t\t\t\t<ul><li>Entwurf und Planung: Bestimmen Sie den Standort und die Gr\u00f6\u00dfe Ihres Pools.<\/li><li>Aushub: Der Boden wird entsprechend dem Entwurf ausgehoben.<\/li><li>Konstruktion: Der Rahmen und die Struktur des Schwimmbeckens werden aufgestellt.<\/li><li>Fertigstellung: Fertigstellung der R\u00e4nder.<\/li><li>Bef\u00fcllung und Pr\u00fcfung: Der Pool wird mit Wasser gef\u00fcllt und alle Systeme werden getestet.<br \/>Wartung des eingebauten Pools. Bei Leisure Pools genie\u00dfen Sie einen reibungslosen Service, der Sie beruhigt.<\/li><\/ul>\t\t\t\t\t\t\t\t<\/div>\n\t\t\t\t<\/div>\n\t\t\t\t\t<\/div>\n\t\t<\/div>\n\t\t\t\t\t<\/div>\n\t\t<\/section>\n\t\t\t\t<section class=\"elementor-section elementor-inner-section elementor-element elementor-element-bd97023 elementor-section-boxed elementor-section-height-default elementor-section-height-default\" data-id=\"bd97023\" data-element_type=\"section\">\n\t\t\t\t\t\t<div class=\"elementor-container elementor-column-gap-default\">\n\t\t\t\t\t<div class=\"elementor-column elementor-col-100 elementor-inner-column elementor-element elementor-element-129a1a8\" data-id=\"129a1a8\" data-element_type=\"column\">\n\t\t\t<div class=\"elementor-widget-wrap elementor-element-populated\">\n\t\t\t\t\t\t<div class=\"elementor-element elementor-element-0826c74 elementor-widget elementor-widget-heading\" data-id=\"0826c74\" data-element_type=\"widget\" data-widget_type=\"heading.default\">\n\t\t\t\t<div class=\"elementor-widget-container\">\n\t\t\t\t\t<h3 class=\"elementor-heading-title elementor-size-default\">Kosten f\u00fcr einen eingebauten Pool<\/h3>\t\t\t\t<\/div>\n\t\t\t\t<\/div>\n\t\t\t\t<div class=\"elementor-element elementor-element-b48d7b5 elementor-widget elementor-widget-text-editor\" data-id=\"b48d7b5\" data-element_type=\"widget\" data-widget_type=\"text-editor.default\">\n\t\t\t\t<div class=\"elementor-widget-container\">\n\t\t\t\t\t\t\t\t\t<p>Die Kosten f\u00fcr einen Einbaupool k\u00f6nnen stark variieren, je nach Gr\u00f6\u00dfe, Material und gew\u00fcnschten Zusatzfunktionen. Ein Basismodell beginnt bei etwa 30 000 \u20ac, w\u00e4hrend luxuri\u00f6sere Optionen und Extras wie Heizung und Beleuchtung bis zu 50 000 \u20ac und mehr kosten k\u00f6nnen.<\/p>\t\t\t\t\t\t\t\t<\/div>\n\t\t\t\t<\/div>\n\t\t\t\t\t<\/div>\n\t\t<\/div>\n\t\t\t\t\t<\/div>\n\t\t<\/section>\n\t\t\t\t<section class=\"elementor-section elementor-inner-section elementor-element elementor-element-77510407 elementor-section-boxed elementor-section-height-default elementor-section-height-default\" data-id=\"77510407\" data-element_type=\"section\">\n\t\t\t\t\t\t<div class=\"elementor-container elementor-column-gap-default\">\n\t\t\t\t\t<div class=\"elementor-column elementor-col-100 elementor-inner-column elementor-element elementor-element-564cb238\" data-id=\"564cb238\" data-element_type=\"column\">\n\t\t\t<div class=\"elementor-widget-wrap elementor-element-populated\">\n\t\t\t\t\t\t<div class=\"elementor-element elementor-element-7e420534 elementor-widget elementor-widget-heading\" data-id=\"7e420534\" data-element_type=\"widget\" data-widget_type=\"heading.default\">\n\t\t\t\t<div class=\"elementor-widget-container\">\n\t\t\t\t\t<h3 class=\"elementor-heading-title elementor-size-default\">Ihre Angaben<\/h3>\t\t\t\t<\/div>\n\t\t\t\t<\/div>\n\t\t\t\t<div class=\"elementor-element elementor-element-688fffdd elementor-button-align-start elementor-widget elementor-widget-form\" data-id=\"688fffdd\" data-element_type=\"widget\" data-settings=\"{&quot;step_next_label&quot;:&quot;Weiter&quot;,&quot;step_previous_label&quot;:&quot;Vorherige&quot;,&quot;button_width&quot;:&quot;75&quot;,&quot;dce_confirm_dialog_enabled&quot;:&quot;no&quot;,&quot;step_type&quot;:&quot;number_text&quot;,&quot;step_icon_shape&quot;:&quot;circle&quot;,&quot;label_icon_size&quot;:{&quot;unit&quot;:&quot;px&quot;,&quot;size&quot;:&quot;&quot;,&quot;sizes&quot;:[]},&quot;field_icon_size&quot;:{&quot;unit&quot;:&quot;px&quot;,&quot;size&quot;:&quot;&quot;,&quot;sizes&quot;:[]}}\" data-widget_type=\"form.default\">\n\t\t\t\t<div class=\"elementor-widget-container\">\n\t\t\t\t\t\t\t<form class=\"elementor-form\" method=\"post\" name=\"Zeroenegypools_de\" aria-label=\"Zeroenegypools_de\">\n\t\t\t<input type=\"hidden\" name=\"post_id\" value=\"27383\"\/>\n\t\t\t<input type=\"hidden\" name=\"form_id\" value=\"688fffdd\"\/>\n\t\t\t<input type=\"hidden\" name=\"referer_title\" value=\"Einbau eines Pool - Leisure Pools\" \/>\n\n\t\t\t\t\t\t\t<input type=\"hidden\" name=\"queried_id\" value=\"27383\"\/>\n\t\t\t\n\t\t\t<div class=\"elementor-form-fields-wrapper elementor-labels-above\">\n\t\t\t\t\t\t\t\t<div class=\"elementor-field-type-text elementor-field-group elementor-column elementor-field-group-name elementor-col-100 elementor-field-required elementor-mark-required\">\n\t\t\t\t\t\t\t\t\t\t\t\t<label for=\"form-field-name\" class=\"elementor-field-label\">\n\t\t\t\t\t\t\t\tName\t\t\t\t\t\t\t<\/label>\n\t\t\t\t\t\t\t\t\t\t\t\t\t\t<input size=\"1\" type=\"text\" name=\"form_fields[name]\" id=\"form-field-name\" class=\"elementor-field elementor-size-sm  elementor-field-textual\" required=\"required\">\n\t\t\t\t\t\t\t\t\t\t\t<\/div>\n\t\t\t\t\t\t\t\t<div class=\"elementor-field-type-text elementor-field-group elementor-column elementor-field-group-field_7777f9c elementor-col-100 elementor-field-required elementor-mark-required\">\n\t\t\t\t\t\t\t\t\t\t\t\t<label for=\"form-field-field_7777f9c\" class=\"elementor-field-label\">\n\t\t\t\t\t\t\t\tStra\u00dfe und Hausnummer\t\t\t\t\t\t\t<\/label>\n\t\t\t\t\t\t\t\t\t\t\t\t\t\t<input size=\"1\" type=\"text\" name=\"form_fields[field_7777f9c]\" id=\"form-field-field_7777f9c\" class=\"elementor-field elementor-size-sm  elementor-field-textual\" required=\"required\">\n\t\t\t\t\t\t\t\t\t\t\t<\/div>\n\t\t\t\t\t\t\t\t<div class=\"elementor-field-type-text elementor-field-group elementor-column elementor-field-group-field_8ad579d elementor-col-100 elementor-field-required elementor-mark-required\">\n\t\t\t\t\t\t\t\t\t\t\t\t<label for=\"form-field-field_8ad579d\" class=\"elementor-field-label\">\n\t\t\t\t\t\t\t\tPostleitzahl und Gemeinde\t\t\t\t\t\t\t<\/label>\n\t\t\t\t\t\t\t\t\t\t\t\t\t\t<input size=\"1\" type=\"text\" name=\"form_fields[field_8ad579d]\" id=\"form-field-field_8ad579d\" class=\"elementor-field elementor-size-sm  elementor-field-textual\" required=\"required\">\n\t\t\t\t\t\t\t\t\t\t\t<\/div>\n\t\t\t\t\t\t\t\t<div class=\"elementor-field-type-email elementor-field-group elementor-column elementor-field-group-field_606e353 elementor-col-100 elementor-field-required elementor-mark-required\">\n\t\t\t\t\t\t\t\t\t\t\t\t<label for=\"form-field-field_606e353\" class=\"elementor-field-label\">\n\t\t\t\t\t\t\t\tE-Mail Adresse\t\t\t\t\t\t\t<\/label>\n\t\t\t\t\t\t\t\t\t\t\t\t\t\t<input size=\"1\" type=\"email\" name=\"form_fields[field_606e353]\" id=\"form-field-field_606e353\" class=\"elementor-field elementor-size-sm  elementor-field-textual\" required=\"required\">\n\t\t\t\t\t\t\t\t\t\t\t<\/div>\n\t\t\t\t\t\t\t\t<div class=\"elementor-field-type-tel elementor-field-group elementor-column elementor-field-group-field_d1dbd47 elementor-col-100 elementor-field-required elementor-mark-required\">\n\t\t\t\t\t\t\t\t\t\t\t\t<label for=\"form-field-field_d1dbd47\" class=\"elementor-field-label\">\n\t\t\t\t\t\t\t\tRufnummer\t\t\t\t\t\t\t<\/label>\n\t\t\t\t\t\t\t\t<input size=\"1\" type=\"tel\" name=\"form_fields[field_d1dbd47]\" id=\"form-field-field_d1dbd47\" class=\"elementor-field elementor-size-sm  elementor-field-textual\" required=\"required\" pattern=\"[0-9()#&amp;+*-=.]+\" title=\"Nur Nummern oder Telefon-Zeichen (#, -, *, etc) werden akzeptiert.\">\n\n\t\t\t\t\t\t<\/div>\n\t\t\t\t\t\t\t\t<div class=\"elementor-field-type-textarea elementor-field-group elementor-column elementor-field-group-field_893599f elementor-col-100\">\n\t\t\t\t\t\t\t\t\t\t\t\t<label for=\"form-field-field_893599f\" class=\"elementor-field-label\">\n\t\t\t\t\t\t\t\tKommentare\t\t\t\t\t\t\t<\/label>\n\t\t\t\t\t\t<textarea class=\"elementor-field-textual elementor-field  elementor-size-sm\" name=\"form_fields[field_893599f]\" id=\"form-field-field_893599f\" rows=\"4\"><\/textarea>\t\t\t\t<\/div>\n\t\t\t\t\t\t\t\t<div class=\"elementor-field-group elementor-column elementor-field-type-submit elementor-col-75 e-form__buttons\">\n\t\t\t\t\t<button class=\"elementor-button elementor-size-sm\" type=\"submit\" id=\"winteronderhoud\">\n\t\t\t\t\t\t<span class=\"elementor-button-content-wrapper\">\n\t\t\t\t\t\t\t\t\t\t\t\t\t\t\t\t\t\t\t\t\t\t<span class=\"elementor-button-text\">Versand<\/span>\n\t\t\t\t\t\t\t\t\t\t\t\t\t<\/span>\n\t\t\t\t\t<\/button>\n\t\t\t\t<\/div>\n\t\t\t<\/div>\n\t\t<\/form>\n\t\t\t\t\t\t<\/div>\n\t\t\t\t<\/div>\n\t\t\t\t\t<\/div>\n\t\t<\/div>\n\t\t\t\t\t<\/div>\n\t\t<\/section>\n\t\t\t\t\t<\/div>\n\t\t<\/div>\n\t\t\t\t<div class=\"elementor-column elementor-col-33 elementor-top-column elementor-element elementor-element-5cb12bdf elementor-hidden-tablet\" data-id=\"5cb12bdf\" data-element_type=\"column\">\n\t\t\t<div class=\"elementor-widget-wrap\">\n\t\t\t\t\t\t\t<\/div>\n\t\t<\/div>\n\t\t\t\t\t<\/div>\n\t\t<\/section>\n\t\t\t\t<\/div>\n\t\t","protected":false},"excerpt":{"rendered":"<p>EINBAU EINES POOLS Luxuri\u00f6s und \u00e4sthetisch Ein Einbaupool ist ein Pool, der fest in den Boden eingelassen ist. Diese Art von Pool bietet eine luxuri\u00f6se und \u00e4sthetische Option f\u00fcr Ihren Garten und ist ideal f\u00fcr diejenigen, die regelm\u00e4\u00dfig in ihrem eigenen Garten schwimmen oder entspannen m\u00f6chten. Vorteile eines eingebauten Pools \u00c4sthetik: Ein Einbaubecken f\u00fcgt sich [&hellip;]<\/p>\n","protected":false},"author":9,"featured_media":0,"parent":0,"menu_order":0,"comment_status":"closed","ping_status":"closed","template":"","meta":{"_monsterinsights_skip_tracking":false,"_monsterinsights_sitenote_active":false,"_monsterinsights_sitenote_note":"","_monsterinsights_sitenote_category":0,"footnotes":""},"class_list":["post-27383","page","type-page","status-publish","hentry"],"aioseo_notices":[],"yoast_head":"<!-- This site is optimized with the Yoast SEO plugin v24.1 - https:\/\/yoast.com\/wordpress\/plugins\/seo\/ -->\n<title>Einbau eines Pool - Leisure Pools<\/title>\n<meta name=\"robots\" content=\"index, follow, max-snippet:-1, max-image-preview:large, max-video-preview:-1\" \/>\n<link rel=\"canonical\" href=\"https:\/\/leisurepools.be\/de\/einbau-eines-pool\/\" \/>\n<meta property=\"og:locale\" content=\"de_DE\" \/>\n<meta property=\"og:type\" content=\"article\" \/>\n<meta property=\"og:title\" content=\"Einbau eines Pool - Leisure Pools\" \/>\n<meta property=\"og:description\" content=\"EINBAU EINES POOLS Luxuri\u00f6s und \u00e4sthetisch Ein Einbaupool ist ein Pool, der fest in den Boden eingelassen ist. Diese Art von Pool bietet eine luxuri\u00f6se und \u00e4sthetische Option f\u00fcr Ihren Garten und ist ideal f\u00fcr diejenigen, die regelm\u00e4\u00dfig in ihrem eigenen Garten schwimmen oder entspannen m\u00f6chten. Vorteile eines eingebauten Pools \u00c4sthetik: Ein Einbaubecken f\u00fcgt sich [&hellip;]\" \/>\n<meta property=\"og:url\" content=\"https:\/\/leisurepools.be\/de\/einbau-eines-pool\/\" \/>\n<meta property=\"og:site_name\" content=\"Leisure Pools\" \/>\n<meta property=\"article:modified_time\" content=\"2024-09-11T14:07:21+00:00\" \/>\n<meta name=\"twitter:card\" content=\"summary_large_image\" \/>\n<meta name=\"twitter:label1\" content=\"Gesch\u00e4tzte Lesezeit\" \/>\n\t<meta name=\"twitter:data1\" content=\"1\u00a0Minute\" \/>\n<script type=\"application\/ld+json\" class=\"yoast-schema-graph\">{\"@context\":\"https:\/\/schema.org\",\"@graph\":[{\"@type\":\"WebPage\",\"@id\":\"https:\/\/leisurepools.be\/de\/einbau-eines-pool\/\",\"url\":\"https:\/\/leisurepools.be\/de\/einbau-eines-pool\/\",\"name\":\"Einbau eines Pool - Leisure Pools\",\"isPartOf\":{\"@id\":\"https:\/\/leisurepools.be\/de\/#website\"},\"datePublished\":\"2024-07-05T16:36:02+00:00\",\"dateModified\":\"2024-09-11T14:07:21+00:00\",\"breadcrumb\":{\"@id\":\"https:\/\/leisurepools.be\/de\/einbau-eines-pool\/#breadcrumb\"},\"inLanguage\":\"de\",\"potentialAction\":[{\"@type\":\"ReadAction\",\"target\":[\"https:\/\/leisurepools.be\/de\/einbau-eines-pool\/\"]}]},{\"@type\":\"BreadcrumbList\",\"@id\":\"https:\/\/leisurepools.be\/de\/einbau-eines-pool\/#breadcrumb\",\"itemListElement\":[{\"@type\":\"ListItem\",\"position\":1,\"name\":\"Home\",\"item\":\"https:\/\/leisurepools.be\/de\/\"},{\"@type\":\"ListItem\",\"position\":2,\"name\":\"Einbau eines Pool\"}]},{\"@type\":\"WebSite\",\"@id\":\"https:\/\/leisurepools.be\/de\/#website\",\"url\":\"https:\/\/leisurepools.be\/de\/\",\"name\":\"Leisure Pools\",\"description\":\"Op vakantie in je eigen tuin\",\"publisher\":{\"@id\":\"https:\/\/leisurepools.be\/de\/#organization\"},\"potentialAction\":[{\"@type\":\"SearchAction\",\"target\":{\"@type\":\"EntryPoint\",\"urlTemplate\":\"https:\/\/leisurepools.be\/de\/?s={search_term_string}\"},\"query-input\":{\"@type\":\"PropertyValueSpecification\",\"valueRequired\":true,\"valueName\":\"search_term_string\"}}],\"inLanguage\":\"de\"},{\"@type\":\"Organization\",\"@id\":\"https:\/\/leisurepools.be\/de\/#organization\",\"name\":\"Leisure Pools\",\"url\":\"https:\/\/leisurepools.be\/de\/\",\"logo\":{\"@type\":\"ImageObject\",\"inLanguage\":\"de\",\"@id\":\"https:\/\/leisurepools.be\/de\/#\/schema\/logo\/image\/\",\"url\":\"https:\/\/leisurepools.be\/wp-content\/uploads\/2021\/03\/leisure-pools-blue.svg\",\"contentUrl\":\"https:\/\/leisurepools.be\/wp-content\/uploads\/2021\/03\/leisure-pools-blue.svg\",\"width\":247,\"height\":97,\"caption\":\"Leisure Pools\"},\"image\":{\"@id\":\"https:\/\/leisurepools.be\/de\/#\/schema\/logo\/image\/\"}}]}<\/script>\n<!-- \/ Yoast SEO plugin. -->","yoast_head_json":{"title":"Einbau eines Pool - Leisure Pools","robots":{"index":"index","follow":"follow","max-snippet":"max-snippet:-1","max-image-preview":"max-image-preview:large","max-video-preview":"max-video-preview:-1"},"canonical":"https:\/\/leisurepools.be\/de\/einbau-eines-pool\/","og_locale":"de_DE","og_type":"article","og_title":"Einbau eines Pool - Leisure Pools","og_description":"EINBAU EINES POOLS Luxuri\u00f6s und \u00e4sthetisch Ein Einbaupool ist ein Pool, der fest in den Boden eingelassen ist. Diese Art von Pool bietet eine luxuri\u00f6se und \u00e4sthetische Option f\u00fcr Ihren Garten und ist ideal f\u00fcr diejenigen, die regelm\u00e4\u00dfig in ihrem eigenen Garten schwimmen oder entspannen m\u00f6chten. Vorteile eines eingebauten Pools \u00c4sthetik: Ein Einbaubecken f\u00fcgt sich [&hellip;]","og_url":"https:\/\/leisurepools.be\/de\/einbau-eines-pool\/","og_site_name":"Leisure Pools","article_modified_time":"2024-09-11T14:07:21+00:00","twitter_card":"summary_large_image","twitter_misc":{"Gesch\u00e4tzte Lesezeit":"1\u00a0Minute"},"schema":{"@context":"https:\/\/schema.org","@graph":[{"@type":"WebPage","@id":"https:\/\/leisurepools.be\/de\/einbau-eines-pool\/","url":"https:\/\/leisurepools.be\/de\/einbau-eines-pool\/","name":"Einbau eines Pool - Leisure Pools","isPartOf":{"@id":"https:\/\/leisurepools.be\/de\/#website"},"datePublished":"2024-07-05T16:36:02+00:00","dateModified":"2024-09-11T14:07:21+00:00","breadcrumb":{"@id":"https:\/\/leisurepools.be\/de\/einbau-eines-pool\/#breadcrumb"},"inLanguage":"de","potentialAction":[{"@type":"ReadAction","target":["https:\/\/leisurepools.be\/de\/einbau-eines-pool\/"]}]},{"@type":"BreadcrumbList","@id":"https:\/\/leisurepools.be\/de\/einbau-eines-pool\/#breadcrumb","itemListElement":[{"@type":"ListItem","position":1,"name":"Home","item":"https:\/\/leisurepools.be\/de\/"},{"@type":"ListItem","position":2,"name":"Einbau eines Pool"}]},{"@type":"WebSite","@id":"https:\/\/leisurepools.be\/de\/#website","url":"https:\/\/leisurepools.be\/de\/","name":"Leisure Pools","description":"Op vakantie in je eigen tuin","publisher":{"@id":"https:\/\/leisurepools.be\/de\/#organization"},"potentialAction":[{"@type":"SearchAction","target":{"@type":"EntryPoint","urlTemplate":"https:\/\/leisurepools.be\/de\/?s={search_term_string}"},"query-input":{"@type":"PropertyValueSpecification","valueRequired":true,"valueName":"search_term_string"}}],"inLanguage":"de"},{"@type":"Organization","@id":"https:\/\/leisurepools.be\/de\/#organization","name":"Leisure Pools","url":"https:\/\/leisurepools.be\/de\/","logo":{"@type":"ImageObject","inLanguage":"de","@id":"https:\/\/leisurepools.be\/de\/#\/schema\/logo\/image\/","url":"https:\/\/leisurepools.be\/wp-content\/uploads\/2021\/03\/leisure-pools-blue.svg","contentUrl":"https:\/\/leisurepools.be\/wp-content\/uploads\/2021\/03\/leisure-pools-blue.svg","width":247,"height":97,"caption":"Leisure Pools"},"image":{"@id":"https:\/\/leisurepools.be\/de\/#\/schema\/logo\/image\/"}}]}},"_links":{"self":[{"href":"https:\/\/leisurepools.be\/de\/wp-json\/wp\/v2\/pages\/27383","targetHints":{"allow":["GET"]}}],"collection":[{"href":"https:\/\/leisurepools.be\/de\/wp-json\/wp\/v2\/pages"}],"about":[{"href":"https:\/\/leisurepools.be\/de\/wp-json\/wp\/v2\/types\/page"}],"author":[{"embeddable":true,"href":"https:\/\/leisurepools.be\/de\/wp-json\/wp\/v2\/users\/9"}],"replies":[{"embeddable":true,"href":"https:\/\/leisurepools.be\/de\/wp-json\/wp\/v2\/comments?post=27383"}],"version-history":[{"count":13,"href":"https:\/\/leisurepools.be\/de\/wp-json\/wp\/v2\/pages\/27383\/revisions"}],"predecessor-version":[{"id":27756,"href":"https:\/\/leisurepools.be\/de\/wp-json\/wp\/v2\/pages\/27383\/revisions\/27756"}],"wp:attachment":[{"href":"https:\/\/leisurepools.be\/de\/wp-json\/wp\/v2\/media?parent=27383"}],"curies":[{"name":"wp","href":"https:\/\/api.w.org\/{rel}","templated":true}]}}