{"id":16647,"date":"2023-01-10T15:34:26","date_gmt":"2023-01-10T15:34:26","guid":{"rendered":"https:\/\/leisurepools.be\/?page_id=16647"},"modified":"2024-07-05T17:54:53","modified_gmt":"2024-07-05T15:54:53","slug":"lancement-de-lete","status":"publish","type":"page","link":"https:\/\/leisurepools.be\/fr\/lancement-de-lete\/","title":{"rendered":"Entretien hivernal"},"content":{"rendered":"\t\t<div data-elementor-type=\"wp-page\" data-elementor-id=\"16647\" class=\"elementor elementor-16647 elementor-16644\" data-elementor-post-type=\"page\">\n\t\t\t\t\t\t<section class=\"elementor-section elementor-top-section elementor-element elementor-element-407fcb9a elementor-section-boxed elementor-section-height-default elementor-section-height-default\" data-id=\"407fcb9a\" data-element_type=\"section\">\n\t\t\t\t\t\t<div class=\"elementor-container elementor-column-gap-default\">\n\t\t\t\t\t<div class=\"elementor-column elementor-col-33 elementor-top-column elementor-element elementor-element-7435f064 elementor-hidden-tablet\" data-id=\"7435f064\" data-element_type=\"column\">\n\t\t\t<div class=\"elementor-widget-wrap\">\n\t\t\t\t\t\t\t<\/div>\n\t\t<\/div>\n\t\t\t\t<div class=\"elementor-column elementor-col-33 elementor-top-column elementor-element elementor-element-6b9d8679\" data-id=\"6b9d8679\" data-element_type=\"column\">\n\t\t\t<div class=\"elementor-widget-wrap elementor-element-populated\">\n\t\t\t\t\t\t<div class=\"elementor-element elementor-element-526f863d elementor-widget elementor-widget-heading\" data-id=\"526f863d\" data-element_type=\"widget\" data-widget_type=\"heading.default\">\n\t\t\t\t<div class=\"elementor-widget-container\">\n\t\t\t\t\t<h2 class=\"elementor-heading-title elementor-size-default\">Demandez l'entretien d'\u00e9t\u00e9 de votre piscine <\/h2>\t\t\t\t<\/div>\n\t\t\t\t<\/div>\n\t\t\t\t<div class=\"elementor-element elementor-element-b02bf36 elementor-widget-divider--view-line elementor-widget elementor-widget-divider\" data-id=\"b02bf36\" data-element_type=\"widget\" data-widget_type=\"divider.default\">\n\t\t\t\t<div class=\"elementor-widget-container\">\n\t\t\t\t\t\t\t<div class=\"elementor-divider\">\n\t\t\t<span class=\"elementor-divider-separator\">\n\t\t\t\t\t\t<\/span>\n\t\t<\/div>\n\t\t\t\t\t\t<\/div>\n\t\t\t\t<\/div>\n\t\t\t\t<div class=\"elementor-element elementor-element-6014222e elementor-button-align-start elementor-widget elementor-widget-form\" data-id=\"6014222e\" data-element_type=\"widget\" data-settings=\"{&quot;step_next_label&quot;:&quot;Prochain&quot;,&quot;step_previous_label&quot;:&quot;Pr\\u00e9c\\u00e9dent&quot;,&quot;button_width&quot;:&quot;75&quot;,&quot;dce_confirm_dialog_enabled&quot;:&quot;no&quot;,&quot;step_type&quot;:&quot;number_text&quot;,&quot;step_icon_shape&quot;:&quot;circle&quot;,&quot;label_icon_size&quot;:{&quot;unit&quot;:&quot;px&quot;,&quot;size&quot;:&quot;&quot;,&quot;sizes&quot;:[]},&quot;field_icon_size&quot;:{&quot;unit&quot;:&quot;px&quot;,&quot;size&quot;:&quot;&quot;,&quot;sizes&quot;:[]}}\" data-widget_type=\"form.default\">\n\t\t\t\t<div class=\"elementor-widget-container\">\n\t\t\t\t\t\t\t<form class=\"elementor-form\" method=\"post\" name=\"Entretien dete\" aria-label=\"Entretien dete\">\n\t\t\t<input type=\"hidden\" name=\"post_id\" value=\"16647\"\/>\n\t\t\t<input type=\"hidden\" name=\"form_id\" value=\"6014222e\"\/>\n\t\t\t<input type=\"hidden\" name=\"referer_title\" value=\"Leisure Pools\" \/>\n\n\t\t\t\n\t\t\t<div class=\"elementor-form-fields-wrapper elementor-labels-above\">\n\t\t\t\t\t\t\t\t<div class=\"elementor-field-type-html elementor-field-group elementor-column elementor-field-group-field_599b0dd elementor-col-100\">\n\t\t\t\t\t<h3 id=\"winter\" style=\"font-family:  \" jura=\"\" sans-serif=\"\" font-size:=\"\" font-weight:=\"\" margin-bottom:=\"\"> Vos coordonn\u00e9es <\/h3>\t\t\t\t<\/div>\n\t\t\t\t\t\t\t\t<div class=\"elementor-field-type-text elementor-field-group elementor-column elementor-field-group-name elementor-col-100 elementor-field-required elementor-mark-required\">\n\t\t\t\t\t\t\t\t\t\t\t\t<label for=\"form-field-name\" class=\"elementor-field-label\">\n\t\t\t\t\t\t\t\tNom\t\t\t\t\t\t\t<\/label>\n\t\t\t\t\t\t\t\t\t\t\t\t\t\t<input size=\"1\" type=\"text\" name=\"form_fields[name]\" id=\"form-field-name\" class=\"elementor-field elementor-size-sm  elementor-field-textual\" required=\"required\">\n\t\t\t\t\t\t\t\t\t\t\t<\/div>\n\t\t\t\t\t\t\t\t<div class=\"elementor-field-type-text elementor-field-group elementor-column elementor-field-group-field_7777f9c elementor-col-100 elementor-field-required elementor-mark-required\">\n\t\t\t\t\t\t\t\t\t\t\t\t<label for=\"form-field-field_7777f9c\" class=\"elementor-field-label\">\n\t\t\t\t\t\t\t\tRue et num\u00e9ro de maison\t\t\t\t\t\t\t<\/label>\n\t\t\t\t\t\t\t\t\t\t\t\t\t\t<input size=\"1\" type=\"text\" name=\"form_fields[field_7777f9c]\" id=\"form-field-field_7777f9c\" class=\"elementor-field elementor-size-sm  elementor-field-textual\" required=\"required\">\n\t\t\t\t\t\t\t\t\t\t\t<\/div>\n\t\t\t\t\t\t\t\t<div class=\"elementor-field-type-text elementor-field-group elementor-column elementor-field-group-field_8ad579d elementor-col-100 elementor-field-required elementor-mark-required\">\n\t\t\t\t\t\t\t\t\t\t\t\t<label for=\"form-field-field_8ad579d\" class=\"elementor-field-label\">\n\t\t\t\t\t\t\t\tCode postal et commune\t\t\t\t\t\t\t<\/label>\n\t\t\t\t\t\t\t\t\t\t\t\t\t\t<input size=\"1\" type=\"text\" name=\"form_fields[field_8ad579d]\" id=\"form-field-field_8ad579d\" class=\"elementor-field elementor-size-sm  elementor-field-textual\" required=\"required\">\n\t\t\t\t\t\t\t\t\t\t\t<\/div>\n\t\t\t\t\t\t\t\t<div class=\"elementor-field-type-email elementor-field-group elementor-column elementor-field-group-field_606e353 elementor-col-100 elementor-field-required elementor-mark-required\">\n\t\t\t\t\t\t\t\t\t\t\t\t<label for=\"form-field-field_606e353\" class=\"elementor-field-label\">\n\t\t\t\t\t\t\t\tAdresse \u00e9lectronique\t\t\t\t\t\t\t<\/label>\n\t\t\t\t\t\t\t\t\t\t\t\t\t\t<input size=\"1\" type=\"email\" name=\"form_fields[field_606e353]\" id=\"form-field-field_606e353\" class=\"elementor-field elementor-size-sm  elementor-field-textual\" required=\"required\">\n\t\t\t\t\t\t\t\t\t\t\t<\/div>\n\t\t\t\t\t\t\t\t<div class=\"elementor-field-type-tel elementor-field-group elementor-column elementor-field-group-field_d1dbd47 elementor-col-100 elementor-field-required elementor-mark-required\">\n\t\t\t\t\t\t\t\t\t\t\t\t<label for=\"form-field-field_d1dbd47\" class=\"elementor-field-label\">\n\t\t\t\t\t\t\t\tNum\u00e9ro de t\u00e9l\u00e9phone\t\t\t\t\t\t\t<\/label>\n\t\t\t\t\t\t\t\t<input size=\"1\" type=\"tel\" name=\"form_fields[field_d1dbd47]\" id=\"form-field-field_d1dbd47\" class=\"elementor-field elementor-size-sm  elementor-field-textual\" required=\"required\" pattern=\"[0-9()#&amp;+*-=.]+\" title=\"Seuls les caract\u00e8res de num\u00e9ros de t\u00e9l\u00e9phone (#, -, *, etc.) sont accept\u00e9s.\">\n\n\t\t\t\t\t\t<\/div>\n\t\t\t\t\t\t\t\t<div class=\"elementor-field-type-html elementor-field-group elementor-column elementor-field-group-field_10778fb elementor-col-100\">\n\t\t\t\t\t<h3 id=\"winter\" style=\"\" sans-serif=\"\" font-family:=\"\" font-size:=\"\" font-weight:=\"\" margin-bottom:5px=\"\"> Entretien d'\u00e9t\u00e9 <\/h3>\t\t\t\t<\/div>\n\t\t\t\t\t\t\t\t<div class=\"elementor-field-type-html elementor-field-group elementor-column elementor-field-group-field_0240b7c elementor-col-100\">\n\t\t\t\t\t<p style=\"margin-top:5px;\">L'entretien d'\u00e9t\u00e9 comprend :<\/p>\n\n<ol type=\"1\">\n    <\/ol><ul type=\"disc\">\n<li>Frais d'intervention\n<li>Contr\u00f4le de la qualit\u00e9 de l'eau et correction, si n\u00e9cessaire\n<li>Inspection de l'installation\n<li>V\u00e9rification de l'horloge, y compris le r\u00e9glage du r\u00e9gime d'hiver\n<li>Inspection des tuyaux, des vannes \u00e0 bille, des raccords et des joints d'\u00e9tanch\u00e9it\u00e9\n<li>Inspection de la pompe de circulation\n<li>Inspection du canal de trop-plein ou de l'\u00e9cumeur\n<li>Inspection du filtre \u00e0 granul\u00e9s, y compris le lavage \u00e0 contre-courant\n<li>Inspection de l'obturateur de s\u00e9curit\u00e9 automatique, y compris la commande \u00e0 distance t\u00e9l\u00e9commande<\/li>\n<li>Inspection de l'\u00e9clairage, y compris la t\u00e9l\u00e9commande\n    <\/ul>\n<\/LI>\n\n\n<p style=\"font-weight:bold;\"> Prix : 385 euros, hors TVA <\/p>\n\n<p style=\"margin-top:5px;\">Options suppl\u00e9mentaires \u00e0 \u20ac78 par heure par option suppl\u00e9mentaire, hors TVA : <\/p>\n\n<ol style=\"margin-bottom:30px;\" type=\"1\">\n    <\/ol><ul type=\"disc\">\n    <li>Installation de la couverture d'hiver\n    <li>Nettoyage du volet roulant\n    <li>Nettoyage du coffre du volet roulant\n    <li>Nettoyage de la piscine<\/li>\n  \n  \n   \n    <\/ul>\n<\/LI>\n\n\t\t\t\t<\/div>\n\t\t\t\t\t\t\t\t<div class=\"elementor-field-type-html elementor-field-group elementor-column elementor-field-group-field_735574a elementor-col-100\">\n\t\t\t\t\t<h3 id=\"winter\" style=\"\" sans-serif=\"\" font-family:=\"\" font-size:=\"\" font-weight:=\"\" margin-bottom:0px=\"\"> Autres commentaires ou questions ? <\/h3>\n<p>Vous avez des questions ou vous souhaitez ajouter des options suppl\u00e9mentaires \u00e0 l'entretien hivernal ? <br>Alors notez-les ici. Veuillez \u00e9galement indiquer ici 3 dates de rendez-vous pr\u00e9f\u00e9r\u00e9es.<\/p>\t\t\t\t<\/div>\n\t\t\t\t\t\t\t\t<div class=\"elementor-field-type-textarea elementor-field-group elementor-column elementor-field-group-field_893599f elementor-col-100\">\n\t\t\t\t\t\t\t\t\t\t\t\t<label for=\"form-field-field_893599f\" class=\"elementor-field-label\">\n\t\t\t\t\t\t\t\tCommentaires\t\t\t\t\t\t\t<\/label>\n\t\t\t\t\t\t<textarea class=\"elementor-field-textual elementor-field  elementor-size-sm\" name=\"form_fields[field_893599f]\" id=\"form-field-field_893599f\" rows=\"4\"><\/textarea>\t\t\t\t<\/div>\n\t\t\t\t\t\t\t\t<div class=\"elementor-field-type-html elementor-field-group elementor-column elementor-field-group-field_298cc08 elementor-col-100\">\n\t\t\t\t\t<h3 id=\"winter\" style=\"\" sans-serif=\"\" font-family:=\"\" font-size:=\"\" font-weight:=\"\" margin-bottom:5px=\"\">Produits pour la piscine\n <\/h3>\t\t\t\t<\/div>\n\t\t\t\t\t\t\t\t<div class=\"elementor-field-type-html elementor-field-group elementor-column elementor-field-group-field_29f0c4d elementor-col-100\">\n\t\t\t\t\t<p style=\"margin-top:5px;\">Vous avez encore besoin de produits pour votre piscine ? Commandez tout facilement en ligne via notre <a href=\"https:\/\/www.zwembadproductenkopen.be\/\" style=\"display: inline;clear:none;\"> boutique en ligne.<\/a> Nous livrons \u00e0 votre domicile dans les 36 heures.\n<\/p>\n\n\t\t\t\t<\/div>\n\t\t\t\t\t\t\t\t<div class=\"elementor-field-group elementor-column elementor-field-type-submit elementor-col-75 e-form__buttons\">\n\t\t\t\t\t<button class=\"elementor-button elementor-size-sm\" type=\"submit\" id=\"winteronderhoud\">\n\t\t\t\t\t\t<span class=\"elementor-button-content-wrapper\">\n\t\t\t\t\t\t\t\t\t\t\t\t\t\t\t\t\t\t\t\t\t\t<span class=\"elementor-button-text\">Envoyer<\/span>\n\t\t\t\t\t\t\t\t\t\t\t\t\t<\/span>\n\t\t\t\t\t<\/button>\n\t\t\t\t<\/div>\n\t\t\t<\/div>\n\t\t<\/form>\n\t\t\t\t\t\t<\/div>\n\t\t\t\t<\/div>\n\t\t\t\t\t<\/div>\n\t\t<\/div>\n\t\t\t\t<div class=\"elementor-column elementor-col-33 elementor-top-column elementor-element elementor-element-2973771f elementor-hidden-tablet\" data-id=\"2973771f\" data-element_type=\"column\">\n\t\t\t<div class=\"elementor-widget-wrap\">\n\t\t\t\t\t\t\t<\/div>\n\t\t<\/div>\n\t\t\t\t\t<\/div>\n\t\t<\/section>\n\t\t\t\t<\/div>\n\t\t","protected":false},"excerpt":{"rendered":"<p>Demandez l&rsquo;entretien d&rsquo;\u00e9t\u00e9 de votre piscine<\/p>\n","protected":false},"author":1,"featured_media":0,"parent":0,"menu_order":0,"comment_status":"closed","ping_status":"closed","template":"","meta":{"_monsterinsights_skip_tracking":false,"_monsterinsights_sitenote_active":false,"_monsterinsights_sitenote_note":"","_monsterinsights_sitenote_category":0,"footnotes":""},"class_list":["post-16647","page","type-page","status-publish","hentry"],"aioseo_notices":[],"yoast_head":"<!-- This site is optimized with the Yoast SEO plugin v24.1 - https:\/\/yoast.com\/wordpress\/plugins\/seo\/ -->\n<title>Entretien hivernal - Leisure Pools<\/title>\n<meta name=\"robots\" content=\"index, follow, max-snippet:-1, max-image-preview:large, max-video-preview:-1\" \/>\n<link rel=\"canonical\" href=\"https:\/\/leisurepools.be\/fr\/lancement-de-lete\/\" \/>\n<meta property=\"og:locale\" content=\"fr_FR\" \/>\n<meta property=\"og:type\" content=\"article\" \/>\n<meta property=\"og:title\" content=\"Entretien hivernal - Leisure Pools\" \/>\n<meta property=\"og:description\" content=\"Demandez l&rsquo;entretien d&rsquo;\u00e9t\u00e9 de votre piscine\" \/>\n<meta property=\"og:url\" content=\"https:\/\/leisurepools.be\/fr\/lancement-de-lete\/\" \/>\n<meta property=\"og:site_name\" content=\"Leisure Pools\" \/>\n<meta property=\"article:modified_time\" content=\"2024-07-05T15:54:53+00:00\" \/>\n<meta name=\"twitter:card\" content=\"summary_large_image\" \/>\n<meta name=\"twitter:label1\" content=\"Dur\u00e9e de lecture estim\u00e9e\" \/>\n\t<meta name=\"twitter:data1\" content=\"2 minutes\" \/>\n<script type=\"application\/ld+json\" class=\"yoast-schema-graph\">{\"@context\":\"https:\/\/schema.org\",\"@graph\":[{\"@type\":\"WebPage\",\"@id\":\"https:\/\/leisurepools.be\/fr\/lancement-de-lete\/\",\"url\":\"https:\/\/leisurepools.be\/fr\/lancement-de-lete\/\",\"name\":\"Entretien hivernal - Leisure Pools\",\"isPartOf\":{\"@id\":\"https:\/\/leisurepools.be\/fr\/#website\"},\"datePublished\":\"2023-01-10T15:34:26+00:00\",\"dateModified\":\"2024-07-05T15:54:53+00:00\",\"breadcrumb\":{\"@id\":\"https:\/\/leisurepools.be\/fr\/lancement-de-lete\/#breadcrumb\"},\"inLanguage\":\"fr-FR\",\"potentialAction\":[{\"@type\":\"ReadAction\",\"target\":[\"https:\/\/leisurepools.be\/fr\/lancement-de-lete\/\"]}]},{\"@type\":\"BreadcrumbList\",\"@id\":\"https:\/\/leisurepools.be\/fr\/lancement-de-lete\/#breadcrumb\",\"itemListElement\":[{\"@type\":\"ListItem\",\"position\":1,\"name\":\"Home\",\"item\":\"https:\/\/leisurepools.be\/fr\/\"},{\"@type\":\"ListItem\",\"position\":2,\"name\":\"Entretien hivernal\"}]},{\"@type\":\"WebSite\",\"@id\":\"https:\/\/leisurepools.be\/fr\/#website\",\"url\":\"https:\/\/leisurepools.be\/fr\/\",\"name\":\"Leisure Pools\",\"description\":\"Op vakantie in je eigen tuin\",\"publisher\":{\"@id\":\"https:\/\/leisurepools.be\/fr\/#organization\"},\"potentialAction\":[{\"@type\":\"SearchAction\",\"target\":{\"@type\":\"EntryPoint\",\"urlTemplate\":\"https:\/\/leisurepools.be\/fr\/?s={search_term_string}\"},\"query-input\":{\"@type\":\"PropertyValueSpecification\",\"valueRequired\":true,\"valueName\":\"search_term_string\"}}],\"inLanguage\":\"fr-FR\"},{\"@type\":\"Organization\",\"@id\":\"https:\/\/leisurepools.be\/fr\/#organization\",\"name\":\"Leisure Pools\",\"url\":\"https:\/\/leisurepools.be\/fr\/\",\"logo\":{\"@type\":\"ImageObject\",\"inLanguage\":\"fr-FR\",\"@id\":\"https:\/\/leisurepools.be\/fr\/#\/schema\/logo\/image\/\",\"url\":\"https:\/\/leisurepools.be\/wp-content\/uploads\/2021\/03\/leisure-pools-blue.svg\",\"contentUrl\":\"https:\/\/leisurepools.be\/wp-content\/uploads\/2021\/03\/leisure-pools-blue.svg\",\"width\":247,\"height\":97,\"caption\":\"Leisure Pools\"},\"image\":{\"@id\":\"https:\/\/leisurepools.be\/fr\/#\/schema\/logo\/image\/\"}}]}<\/script>\n<!-- \/ Yoast SEO plugin. -->","yoast_head_json":{"title":"Entretien hivernal - Leisure Pools","robots":{"index":"index","follow":"follow","max-snippet":"max-snippet:-1","max-image-preview":"max-image-preview:large","max-video-preview":"max-video-preview:-1"},"canonical":"https:\/\/leisurepools.be\/fr\/lancement-de-lete\/","og_locale":"fr_FR","og_type":"article","og_title":"Entretien hivernal - Leisure Pools","og_description":"Demandez l&rsquo;entretien d&rsquo;\u00e9t\u00e9 de votre piscine","og_url":"https:\/\/leisurepools.be\/fr\/lancement-de-lete\/","og_site_name":"Leisure Pools","article_modified_time":"2024-07-05T15:54:53+00:00","twitter_card":"summary_large_image","twitter_misc":{"Dur\u00e9e de lecture estim\u00e9e":"2 minutes"},"schema":{"@context":"https:\/\/schema.org","@graph":[{"@type":"WebPage","@id":"https:\/\/leisurepools.be\/fr\/lancement-de-lete\/","url":"https:\/\/leisurepools.be\/fr\/lancement-de-lete\/","name":"Entretien hivernal - Leisure Pools","isPartOf":{"@id":"https:\/\/leisurepools.be\/fr\/#website"},"datePublished":"2023-01-10T15:34:26+00:00","dateModified":"2024-07-05T15:54:53+00:00","breadcrumb":{"@id":"https:\/\/leisurepools.be\/fr\/lancement-de-lete\/#breadcrumb"},"inLanguage":"fr-FR","potentialAction":[{"@type":"ReadAction","target":["https:\/\/leisurepools.be\/fr\/lancement-de-lete\/"]}]},{"@type":"BreadcrumbList","@id":"https:\/\/leisurepools.be\/fr\/lancement-de-lete\/#breadcrumb","itemListElement":[{"@type":"ListItem","position":1,"name":"Home","item":"https:\/\/leisurepools.be\/fr\/"},{"@type":"ListItem","position":2,"name":"Entretien hivernal"}]},{"@type":"WebSite","@id":"https:\/\/leisurepools.be\/fr\/#website","url":"https:\/\/leisurepools.be\/fr\/","name":"Leisure Pools","description":"Op vakantie in je eigen tuin","publisher":{"@id":"https:\/\/leisurepools.be\/fr\/#organization"},"potentialAction":[{"@type":"SearchAction","target":{"@type":"EntryPoint","urlTemplate":"https:\/\/leisurepools.be\/fr\/?s={search_term_string}"},"query-input":{"@type":"PropertyValueSpecification","valueRequired":true,"valueName":"search_term_string"}}],"inLanguage":"fr-FR"},{"@type":"Organization","@id":"https:\/\/leisurepools.be\/fr\/#organization","name":"Leisure Pools","url":"https:\/\/leisurepools.be\/fr\/","logo":{"@type":"ImageObject","inLanguage":"fr-FR","@id":"https:\/\/leisurepools.be\/fr\/#\/schema\/logo\/image\/","url":"https:\/\/leisurepools.be\/wp-content\/uploads\/2021\/03\/leisure-pools-blue.svg","contentUrl":"https:\/\/leisurepools.be\/wp-content\/uploads\/2021\/03\/leisure-pools-blue.svg","width":247,"height":97,"caption":"Leisure Pools"},"image":{"@id":"https:\/\/leisurepools.be\/fr\/#\/schema\/logo\/image\/"}}]}},"_links":{"self":[{"href":"https:\/\/leisurepools.be\/fr\/wp-json\/wp\/v2\/pages\/16647","targetHints":{"allow":["GET"]}}],"collection":[{"href":"https:\/\/leisurepools.be\/fr\/wp-json\/wp\/v2\/pages"}],"about":[{"href":"https:\/\/leisurepools.be\/fr\/wp-json\/wp\/v2\/types\/page"}],"author":[{"embeddable":true,"href":"https:\/\/leisurepools.be\/fr\/wp-json\/wp\/v2\/users\/1"}],"replies":[{"embeddable":true,"href":"https:\/\/leisurepools.be\/fr\/wp-json\/wp\/v2\/comments?post=16647"}],"version-history":[{"count":81,"href":"https:\/\/leisurepools.be\/fr\/wp-json\/wp\/v2\/pages\/16647\/revisions"}],"predecessor-version":[{"id":27371,"href":"https:\/\/leisurepools.be\/fr\/wp-json\/wp\/v2\/pages\/16647\/revisions\/27371"}],"wp:attachment":[{"href":"https:\/\/leisurepools.be\/fr\/wp-json\/wp\/v2\/media?parent=16647"}],"curies":[{"name":"wp","href":"https:\/\/api.w.org\/{rel}","templated":true}]}}