{"id":18143,"date":"2022-08-12T10:13:50","date_gmt":"2022-08-12T10:13:50","guid":{"rendered":"https:\/\/leisurepools.be\/cookie-policy-nl\/"},"modified":"2022-08-24T15:33:43","modified_gmt":"2022-08-24T15:33:43","slug":"cookie-policy","status":"publish","type":"page","link":"https:\/\/leisurepools.be\/fr\/cookie-policy\/","title":{"rendered":"Politique de gestion des cookies Leisure Pools nv"},"content":{"rendered":"\n<h2 class=\"mt-4 wp-block-heading\" style=\"font-size:28px\">1 G\u00e9n\u00e9ralit\u00e9s<\/h2>\n\n\n\n<ol class=\"wp-block-list\"><li>Cette politique de gestion des cookies (\u00ab&nbsp;<strong>Politique de gestion des cookies<\/strong>&nbsp;\u00bb) r\u00e9gule l\u2019utilisation de cookies et technologies similaires en tant qu\u2019\u00e9l\u00e9ment de votre usage de notre site Web (le \u00ab&nbsp;<strong>site Web<\/strong>&nbsp;\u00bb). Ce traitement est effectu\u00e9 par Leisure Pools nv en tant que responsable du traitement, dont le si\u00e8ge social est sis \u00e0 Nieuwlandlaan 57, 3200 Aarschot (\u00ab&nbsp;<strong>nous<\/strong>&nbsp;\u00bb, \u00ab&nbsp;<strong>notre<\/strong>&nbsp;\u00bb), enregistr\u00e9e \u00e0 la BCE sous le num\u00e9ro 0526.828.477, conform\u00e9ment \u00e0 la l\u00e9gislation en vigueur en mati\u00e8re de protection des donn\u00e9es personnelles.&nbsp;<\/li><li>Les cookies sont des petits fichiers texte qui sont enregistr\u00e9s sur le disque dur de votre appareil et qui contiennent certaines informations, parmi lesquelles des donn\u00e9es personnelles. Lorsque vous utilisez notre site Web et\/ou Services, nous collectons et traitons \u00e9galement d\u2019autres informations personnelles que via des cookies et technologies similaires. Pour en savoir plus, lisez notre <a href=\"https:\/\/leisurepools.be\/fr\/politique-de-confidentialite\/\">Politique de confidentialit\u00e9<\/a>. Comme indiqu\u00e9 dans la pr\u00e9sente politique en mati\u00e8re de cookies, vous pouvez modifier vos pr\u00e9f\u00e9rences en mati\u00e8re de cookies \u00e0 tout moment.<\/li><li>Nous nous r\u00e9servons le droit de modifier, compl\u00e9ter ou remplacer cette Politique de gestion des cookies de temps en temps. De telles modifications, ajouts ou remplacements vous seront communiqu\u00e9s via notre site Web et si n\u00e9cessaire, votre consentement renouvel\u00e9 sera demand\u00e9.<\/li><\/ol>\n\n\n\n<p><\/p>\n\n\n\n<h2 class=\"wp-block-heading\" style=\"font-size:28px\">2 Quels cookies et pourquoi ?<\/h2>\n\n\n\n<p>Lorsque vous visitez et\/ou utilisez notre site Web, nous pla\u00e7ons des cookies ou utilisons des technologies similaires pour collecter et traiter les donn\u00e9es personnelles. De tels cookies et technologies similaires contiennent entre autres les \u00e9l\u00e9ments suivants&nbsp;:<\/p>\n\n\n\n<div class=\"cookiehub-declaration\"><\/div>\n\n\n\n<p>Vous pouvez emp\u00eacher que des cookies soient enregistr\u00e9s et vous pouvez supprimer des cookies d\u00e9j\u00e0 enregistr\u00e9s en modifiant les param\u00e8tres de votre navigateur. Vous trouverez de l\u2019aide concernant l\u2019adaptation de ces param\u00e8tres sur le site Web du navigateur que vous utilisez. Tenez compte du fait que la non-acceptation de cookies lors de la visite d\u2019un site Web peut entra\u00eener le dysfonctionnement de certaines (ou toutes les) fonctions du site Web.<\/p>\n\n\n\n<p><strong>Microsoft Edge\u00a0<\/strong>: <a href=\"https:\/\/privacy.microsoft.com\/fr-FR\/windows-10-microsoft-edge-and-privacy\">https:\/\/privacy.microsoft.com\/fr-FR\/windows-10-microsoft-edge-and-privacy<\/a>\u00a0<\/p>\n\n\n\n<p><strong>Chrome\u00a0<\/strong>: <a href=\"https:\/\/support.google.com\/chrome\/answer\/95647?hl=fr\">https:\/\/support.google.com\/chrome\/answer\/95647?hl=fr<\/a><\/p>\n\n\n\n<p><strong>Firefox<\/strong>\u00a0: <a href=\"https:\/\/support.mozilla.org\/en-US\/kb\/block-websites-storing-cookies-site-data-firefox\">https:\/\/support.mozilla.org\/en-US\/kb\/block-websites-storing-cookies-site-data-firefox<\/a>\u00a0\u00a0<\/p>\n\n\n\n<p><strong>Safari<\/strong>\u00a0: <a href=\"https:\/\/support.apple.com\/nl-be\/guide\/safari\/sfri11471\/mac\">https:\/\/support.apple.com\/nl-be\/guide\/safari\/sfri11471\/mac<\/a><\/p>\n\n\n\n<p><\/p>\n\n\n\n<p>Si vous avez une plainte concernant le traitement de vos donn\u00e9es personnelles par nos soins, vous pouvez toujours prendre contact avec nous via l\u2019adresse e-mail info@leisurepools.be. Si notre r\u00e9ponse est toujours insatisfaisante, vous \u00eates libre d\u2019introduire une plainte aupr\u00e8s des autorit\u00e9s comp\u00e9tentes en mati\u00e8re de protection des donn\u00e9es, L&rsquo;Autorit\u00e9 de protection des donn\u00e9es Belge, Rue de Drukpers 35, 1000 Brussel. Pour obtenir plus d&rsquo;informations, surfez sur <a href=\"http:\/\/www.autoriteprotectiondonnees.be\">www.autoriteprotectiondonnees.be<\/a>.&nbsp;<\/p>\n\n\n\n<p><\/p>\n","protected":false},"excerpt":{"rendered":"<p>1 G\u00e9n\u00e9ralit\u00e9s Cette politique de gestion des cookies (\u00ab&nbsp;Politique de gestion des cookies&nbsp;\u00bb) r\u00e9gule l\u2019utilisation de cookies et technologies similaires en tant qu\u2019\u00e9l\u00e9ment de votre usage de notre site Web (le \u00ab&nbsp;site Web&nbsp;\u00bb). Ce traitement est effectu\u00e9 par Leisure Pools nv en tant que responsable du traitement, dont le si\u00e8ge social est sis \u00e0 Nieuwlandlaan [&hellip;]<\/p>\n","protected":false},"author":8,"featured_media":0,"parent":0,"menu_order":0,"comment_status":"closed","ping_status":"closed","template":"","meta":{"_monsterinsights_skip_tracking":false,"_monsterinsights_sitenote_active":false,"_monsterinsights_sitenote_note":"","_monsterinsights_sitenote_category":0,"footnotes":""},"class_list":["post-18143","page","type-page","status-publish","hentry"],"aioseo_notices":[],"yoast_head":"<!-- This site is optimized with the Yoast SEO plugin v24.1 - https:\/\/yoast.com\/wordpress\/plugins\/seo\/ -->\n<title>Politique de gestion des cookies Leisure Pools nv - Leisure Pools<\/title>\n<meta name=\"robots\" content=\"index, follow, max-snippet:-1, max-image-preview:large, max-video-preview:-1\" \/>\n<link rel=\"canonical\" href=\"https:\/\/leisurepools.be\/fr\/cookie-policy\/\" \/>\n<meta property=\"og:locale\" content=\"fr_FR\" \/>\n<meta property=\"og:type\" content=\"article\" \/>\n<meta property=\"og:title\" content=\"Politique de gestion des cookies Leisure Pools nv - Leisure Pools\" \/>\n<meta property=\"og:description\" content=\"1 G\u00e9n\u00e9ralit\u00e9s Cette politique de gestion des cookies (\u00ab&nbsp;Politique de gestion des cookies&nbsp;\u00bb) r\u00e9gule l\u2019utilisation de cookies et technologies similaires en tant qu\u2019\u00e9l\u00e9ment de votre usage de notre site Web (le \u00ab&nbsp;site Web&nbsp;\u00bb). Ce traitement est effectu\u00e9 par Leisure Pools nv en tant que responsable du traitement, dont le si\u00e8ge social est sis \u00e0 Nieuwlandlaan [&hellip;]\" \/>\n<meta property=\"og:url\" content=\"https:\/\/leisurepools.be\/fr\/cookie-policy\/\" \/>\n<meta property=\"og:site_name\" content=\"Leisure Pools\" \/>\n<meta property=\"article:modified_time\" content=\"2022-08-24T15:33:43+00:00\" \/>\n<meta name=\"twitter:card\" content=\"summary_large_image\" \/>\n<meta name=\"twitter:label1\" content=\"Dur\u00e9e de lecture estim\u00e9e\" \/>\n\t<meta name=\"twitter:data1\" content=\"2 minutes\" \/>\n<script type=\"application\/ld+json\" class=\"yoast-schema-graph\">{\"@context\":\"https:\/\/schema.org\",\"@graph\":[{\"@type\":\"WebPage\",\"@id\":\"https:\/\/leisurepools.be\/fr\/cookie-policy\/\",\"url\":\"https:\/\/leisurepools.be\/fr\/cookie-policy\/\",\"name\":\"Politique de gestion des cookies Leisure Pools nv - Leisure Pools\",\"isPartOf\":{\"@id\":\"https:\/\/leisurepools.be\/fr\/#website\"},\"datePublished\":\"2022-08-12T10:13:50+00:00\",\"dateModified\":\"2022-08-24T15:33:43+00:00\",\"breadcrumb\":{\"@id\":\"https:\/\/leisurepools.be\/fr\/cookie-policy\/#breadcrumb\"},\"inLanguage\":\"fr-FR\",\"potentialAction\":[{\"@type\":\"ReadAction\",\"target\":[\"https:\/\/leisurepools.be\/fr\/cookie-policy\/\"]}]},{\"@type\":\"BreadcrumbList\",\"@id\":\"https:\/\/leisurepools.be\/fr\/cookie-policy\/#breadcrumb\",\"itemListElement\":[{\"@type\":\"ListItem\",\"position\":1,\"name\":\"Home\",\"item\":\"https:\/\/leisurepools.be\/fr\/\"},{\"@type\":\"ListItem\",\"position\":2,\"name\":\"Politique de gestion des cookies Leisure Pools nv\"}]},{\"@type\":\"WebSite\",\"@id\":\"https:\/\/leisurepools.be\/fr\/#website\",\"url\":\"https:\/\/leisurepools.be\/fr\/\",\"name\":\"Leisure Pools\",\"description\":\"Op vakantie in je eigen tuin\",\"publisher\":{\"@id\":\"https:\/\/leisurepools.be\/fr\/#organization\"},\"potentialAction\":[{\"@type\":\"SearchAction\",\"target\":{\"@type\":\"EntryPoint\",\"urlTemplate\":\"https:\/\/leisurepools.be\/fr\/?s={search_term_string}\"},\"query-input\":{\"@type\":\"PropertyValueSpecification\",\"valueRequired\":true,\"valueName\":\"search_term_string\"}}],\"inLanguage\":\"fr-FR\"},{\"@type\":\"Organization\",\"@id\":\"https:\/\/leisurepools.be\/fr\/#organization\",\"name\":\"Leisure Pools\",\"url\":\"https:\/\/leisurepools.be\/fr\/\",\"logo\":{\"@type\":\"ImageObject\",\"inLanguage\":\"fr-FR\",\"@id\":\"https:\/\/leisurepools.be\/fr\/#\/schema\/logo\/image\/\",\"url\":\"https:\/\/leisurepools.be\/wp-content\/uploads\/2021\/03\/leisure-pools-blue.svg\",\"contentUrl\":\"https:\/\/leisurepools.be\/wp-content\/uploads\/2021\/03\/leisure-pools-blue.svg\",\"width\":247,\"height\":97,\"caption\":\"Leisure Pools\"},\"image\":{\"@id\":\"https:\/\/leisurepools.be\/fr\/#\/schema\/logo\/image\/\"}}]}<\/script>\n<!-- \/ Yoast SEO plugin. -->","yoast_head_json":{"title":"Politique de gestion des cookies Leisure Pools nv - Leisure Pools","robots":{"index":"index","follow":"follow","max-snippet":"max-snippet:-1","max-image-preview":"max-image-preview:large","max-video-preview":"max-video-preview:-1"},"canonical":"https:\/\/leisurepools.be\/fr\/cookie-policy\/","og_locale":"fr_FR","og_type":"article","og_title":"Politique de gestion des cookies Leisure Pools nv - Leisure Pools","og_description":"1 G\u00e9n\u00e9ralit\u00e9s Cette politique de gestion des cookies (\u00ab&nbsp;Politique de gestion des cookies&nbsp;\u00bb) r\u00e9gule l\u2019utilisation de cookies et technologies similaires en tant qu\u2019\u00e9l\u00e9ment de votre usage de notre site Web (le \u00ab&nbsp;site Web&nbsp;\u00bb). Ce traitement est effectu\u00e9 par Leisure Pools nv en tant que responsable du traitement, dont le si\u00e8ge social est sis \u00e0 Nieuwlandlaan [&hellip;]","og_url":"https:\/\/leisurepools.be\/fr\/cookie-policy\/","og_site_name":"Leisure Pools","article_modified_time":"2022-08-24T15:33:43+00:00","twitter_card":"summary_large_image","twitter_misc":{"Dur\u00e9e de lecture estim\u00e9e":"2 minutes"},"schema":{"@context":"https:\/\/schema.org","@graph":[{"@type":"WebPage","@id":"https:\/\/leisurepools.be\/fr\/cookie-policy\/","url":"https:\/\/leisurepools.be\/fr\/cookie-policy\/","name":"Politique de gestion des cookies Leisure Pools nv - Leisure Pools","isPartOf":{"@id":"https:\/\/leisurepools.be\/fr\/#website"},"datePublished":"2022-08-12T10:13:50+00:00","dateModified":"2022-08-24T15:33:43+00:00","breadcrumb":{"@id":"https:\/\/leisurepools.be\/fr\/cookie-policy\/#breadcrumb"},"inLanguage":"fr-FR","potentialAction":[{"@type":"ReadAction","target":["https:\/\/leisurepools.be\/fr\/cookie-policy\/"]}]},{"@type":"BreadcrumbList","@id":"https:\/\/leisurepools.be\/fr\/cookie-policy\/#breadcrumb","itemListElement":[{"@type":"ListItem","position":1,"name":"Home","item":"https:\/\/leisurepools.be\/fr\/"},{"@type":"ListItem","position":2,"name":"Politique de gestion des cookies Leisure Pools nv"}]},{"@type":"WebSite","@id":"https:\/\/leisurepools.be\/fr\/#website","url":"https:\/\/leisurepools.be\/fr\/","name":"Leisure Pools","description":"Op vakantie in je eigen tuin","publisher":{"@id":"https:\/\/leisurepools.be\/fr\/#organization"},"potentialAction":[{"@type":"SearchAction","target":{"@type":"EntryPoint","urlTemplate":"https:\/\/leisurepools.be\/fr\/?s={search_term_string}"},"query-input":{"@type":"PropertyValueSpecification","valueRequired":true,"valueName":"search_term_string"}}],"inLanguage":"fr-FR"},{"@type":"Organization","@id":"https:\/\/leisurepools.be\/fr\/#organization","name":"Leisure Pools","url":"https:\/\/leisurepools.be\/fr\/","logo":{"@type":"ImageObject","inLanguage":"fr-FR","@id":"https:\/\/leisurepools.be\/fr\/#\/schema\/logo\/image\/","url":"https:\/\/leisurepools.be\/wp-content\/uploads\/2021\/03\/leisure-pools-blue.svg","contentUrl":"https:\/\/leisurepools.be\/wp-content\/uploads\/2021\/03\/leisure-pools-blue.svg","width":247,"height":97,"caption":"Leisure Pools"},"image":{"@id":"https:\/\/leisurepools.be\/fr\/#\/schema\/logo\/image\/"}}]}},"_links":{"self":[{"href":"https:\/\/leisurepools.be\/fr\/wp-json\/wp\/v2\/pages\/18143","targetHints":{"allow":["GET"]}}],"collection":[{"href":"https:\/\/leisurepools.be\/fr\/wp-json\/wp\/v2\/pages"}],"about":[{"href":"https:\/\/leisurepools.be\/fr\/wp-json\/wp\/v2\/types\/page"}],"author":[{"embeddable":true,"href":"https:\/\/leisurepools.be\/fr\/wp-json\/wp\/v2\/users\/8"}],"replies":[{"embeddable":true,"href":"https:\/\/leisurepools.be\/fr\/wp-json\/wp\/v2\/comments?post=18143"}],"version-history":[{"count":10,"href":"https:\/\/leisurepools.be\/fr\/wp-json\/wp\/v2\/pages\/18143\/revisions"}],"predecessor-version":[{"id":18319,"href":"https:\/\/leisurepools.be\/fr\/wp-json\/wp\/v2\/pages\/18143\/revisions\/18319"}],"wp:attachment":[{"href":"https:\/\/leisurepools.be\/fr\/wp-json\/wp\/v2\/media?parent=18143"}],"curies":[{"name":"wp","href":"https:\/\/api.w.org\/{rel}","templated":true}]}}