{"id":18508,"date":"2022-09-11T13:49:58","date_gmt":"2022-09-11T13:49:58","guid":{"rendered":"https:\/\/leisurepools.be\/?page_id=18508"},"modified":"2025-09-25T12:27:52","modified_gmt":"2025-09-25T10:27:52","slug":"demande-entretien-hivernal","status":"publish","type":"page","link":"https:\/\/leisurepools.be\/fr\/demande-entretien-hivernal\/","title":{"rendered":"Entretien hivernal"},"content":{"rendered":"\t\t<div data-elementor-type=\"wp-page\" data-elementor-id=\"18508\" class=\"elementor elementor-18508 elementor-18506\" data-elementor-post-type=\"page\">\n\t\t\t\t\t\t<section class=\"elementor-section elementor-top-section elementor-element elementor-element-22ba708 elementor-section-boxed elementor-section-height-default elementor-section-height-default\" data-id=\"22ba708\" data-element_type=\"section\">\n\t\t\t\t\t\t<div class=\"elementor-container elementor-column-gap-default\">\n\t\t\t\t\t<div class=\"elementor-column elementor-col-100 elementor-top-column elementor-element elementor-element-6172eea\" data-id=\"6172eea\" data-element_type=\"column\">\n\t\t\t<div class=\"elementor-widget-wrap elementor-element-populated\">\n\t\t\t\t\t\t<div class=\"elementor-element elementor-element-ff6c63a elementor-widget elementor-widget-heading\" data-id=\"ff6c63a\" data-element_type=\"widget\" data-widget_type=\"heading.default\">\n\t\t\t\t<div class=\"elementor-widget-container\">\n\t\t\t\t\t<h2 class=\"elementor-heading-title elementor-size-default\">Demandez l'entretien hivernal de votre piscine<\/h2>\t\t\t\t<\/div>\n\t\t\t\t<\/div>\n\t\t\t\t<div class=\"elementor-element elementor-element-f131a5e elementor-widget-divider--view-line elementor-widget elementor-widget-divider\" data-id=\"f131a5e\" data-element_type=\"widget\" data-widget_type=\"divider.default\">\n\t\t\t\t<div class=\"elementor-widget-container\">\n\t\t\t\t\t\t\t<div class=\"elementor-divider\">\n\t\t\t<span class=\"elementor-divider-separator\">\n\t\t\t\t\t\t<\/span>\n\t\t<\/div>\n\t\t\t\t\t\t<\/div>\n\t\t\t\t<\/div>\n\t\t\t\t\t<\/div>\n\t\t<\/div>\n\t\t\t\t\t<\/div>\n\t\t<\/section>\n\t\t\t\t<section class=\"elementor-section elementor-top-section elementor-element elementor-element-cae7802 elementor-section-stretched elementor-section-boxed elementor-section-height-default elementor-section-height-default\" data-id=\"cae7802\" data-element_type=\"section\" data-settings=\"{&quot;stretch_section&quot;:&quot;section-stretched&quot;}\">\n\t\t\t\t\t\t<div class=\"elementor-container elementor-column-gap-default\">\n\t\t\t\t\t<div class=\"elementor-column elementor-col-33 elementor-top-column elementor-element elementor-element-2ea71f2\" data-id=\"2ea71f2\" data-element_type=\"column\">\n\t\t\t<div class=\"elementor-widget-wrap\">\n\t\t\t\t\t\t\t<\/div>\n\t\t<\/div>\n\t\t\t\t<div class=\"elementor-column elementor-col-33 elementor-top-column elementor-element elementor-element-dabffbc\" data-id=\"dabffbc\" data-element_type=\"column\">\n\t\t\t<div class=\"elementor-widget-wrap elementor-element-populated\">\n\t\t\t\t\t\t<div class=\"elementor-element elementor-element-74941ec elementor-button-align-stretch elementor-widget elementor-widget-form\" data-id=\"74941ec\" data-element_type=\"widget\" data-settings=\"{&quot;step_next_label&quot;:&quot;Suivant&quot;,&quot;step_previous_label&quot;:&quot;Pr\\u00e9c\\u00e9dent&quot;,&quot;button_width&quot;:&quot;100&quot;,&quot;dce_confirm_dialog_enabled&quot;:&quot;no&quot;,&quot;step_type&quot;:&quot;number_text&quot;,&quot;step_icon_shape&quot;:&quot;circle&quot;,&quot;label_icon_size&quot;:{&quot;unit&quot;:&quot;px&quot;,&quot;size&quot;:&quot;&quot;,&quot;sizes&quot;:[]},&quot;field_icon_size&quot;:{&quot;unit&quot;:&quot;px&quot;,&quot;size&quot;:&quot;&quot;,&quot;sizes&quot;:[]}}\" data-widget_type=\"form.default\">\n\t\t\t\t<div class=\"elementor-widget-container\">\n\t\t\t\t\t\t\t<form class=\"elementor-form\" method=\"post\" name=\"Entretien hivernal\" aria-label=\"Entretien hivernal\">\n\t\t\t<input type=\"hidden\" name=\"post_id\" value=\"18508\"\/>\n\t\t\t<input type=\"hidden\" name=\"form_id\" value=\"74941ec\"\/>\n\t\t\t<input type=\"hidden\" name=\"referer_title\" value=\"Entretien hivernal - Leisure Pools\" \/>\n\n\t\t\t\t\t\t\t<input type=\"hidden\" name=\"queried_id\" value=\"18508\"\/>\n\t\t\t\n\t\t\t<div class=\"elementor-form-fields-wrapper elementor-labels-above\">\n\t\t\t\t\t\t\t\t<div class=\"elementor-field-type-html elementor-field-group elementor-column elementor-field-group-field_599b0dd elementor-col-100\">\n\t\t\t\t\t<h3 id=\"winter\" style=\"font-family: \" jura=\"\" sans-serif=\"\" font-size:=\"\" font-weight:=\"\" margin-bottom:=\"\"> Vos coordonn\u00e9es <\/h3>\t\t\t\t<\/div>\n\t\t\t\t\t\t\t\t<div class=\"elementor-field-type-text elementor-field-group elementor-column elementor-field-group-name elementor-col-100 elementor-field-required elementor-mark-required\">\n\t\t\t\t\t\t\t\t\t\t\t\t<label for=\"form-field-name\" class=\"elementor-field-label\">\n\t\t\t\t\t\t\t\tNom\t\t\t\t\t\t\t<\/label>\n\t\t\t\t\t\t\t\t\t\t\t\t\t\t<input size=\"1\" type=\"text\" name=\"form_fields[name]\" id=\"form-field-name\" class=\"elementor-field elementor-size-sm  elementor-field-textual\" required=\"required\">\n\t\t\t\t\t\t\t\t\t\t\t<\/div>\n\t\t\t\t\t\t\t\t<div class=\"elementor-field-type-text elementor-field-group elementor-column elementor-field-group-field_7777f9c elementor-col-100 elementor-field-required elementor-mark-required\">\n\t\t\t\t\t\t\t\t\t\t\t\t<label for=\"form-field-field_7777f9c\" class=\"elementor-field-label\">\n\t\t\t\t\t\t\t\tRue et num\u00e9ro de maison\t\t\t\t\t\t\t<\/label>\n\t\t\t\t\t\t\t\t\t\t\t\t\t\t<input size=\"1\" type=\"text\" name=\"form_fields[field_7777f9c]\" id=\"form-field-field_7777f9c\" class=\"elementor-field elementor-size-sm  elementor-field-textual\" required=\"required\">\n\t\t\t\t\t\t\t\t\t\t\t<\/div>\n\t\t\t\t\t\t\t\t<div class=\"elementor-field-type-text elementor-field-group elementor-column elementor-field-group-field_8ad579d elementor-col-100 elementor-field-required elementor-mark-required\">\n\t\t\t\t\t\t\t\t\t\t\t\t<label for=\"form-field-field_8ad579d\" class=\"elementor-field-label\">\n\t\t\t\t\t\t\t\tCode postal et commune\t\t\t\t\t\t\t<\/label>\n\t\t\t\t\t\t\t\t\t\t\t\t\t\t<input size=\"1\" type=\"text\" name=\"form_fields[field_8ad579d]\" id=\"form-field-field_8ad579d\" class=\"elementor-field elementor-size-sm  elementor-field-textual\" required=\"required\">\n\t\t\t\t\t\t\t\t\t\t\t<\/div>\n\t\t\t\t\t\t\t\t<div class=\"elementor-field-type-email elementor-field-group elementor-column elementor-field-group-field_606e353 elementor-col-100 elementor-field-required elementor-mark-required\">\n\t\t\t\t\t\t\t\t\t\t\t\t<label for=\"form-field-field_606e353\" class=\"elementor-field-label\">\n\t\t\t\t\t\t\t\tAdresse \u00e9lectronique\t\t\t\t\t\t\t<\/label>\n\t\t\t\t\t\t\t\t\t\t\t\t\t\t<input size=\"1\" type=\"email\" name=\"form_fields[field_606e353]\" id=\"form-field-field_606e353\" class=\"elementor-field elementor-size-sm  elementor-field-textual\" required=\"required\">\n\t\t\t\t\t\t\t\t\t\t\t<\/div>\n\t\t\t\t\t\t\t\t<div class=\"elementor-field-type-tel elementor-field-group elementor-column elementor-field-group-field_d1dbd47 elementor-col-100 elementor-field-required elementor-mark-required\">\n\t\t\t\t\t\t\t\t\t\t\t\t<label for=\"form-field-field_d1dbd47\" class=\"elementor-field-label\">\n\t\t\t\t\t\t\t\tNum\u00e9ro de t\u00e9l\u00e9phone\t\t\t\t\t\t\t<\/label>\n\t\t\t\t\t\t\t\t<input size=\"1\" type=\"tel\" name=\"form_fields[field_d1dbd47]\" id=\"form-field-field_d1dbd47\" class=\"elementor-field elementor-size-sm  elementor-field-textual\" required=\"required\" pattern=\"[0-9()#&amp;+*-=.]+\" title=\"Seuls les caract\u00e8res de num\u00e9ros de t\u00e9l\u00e9phone (#, -, *, etc.) sont accept\u00e9s.\">\n\n\t\t\t\t\t\t<\/div>\n\t\t\t\t\t\t\t\t<div class=\"elementor-field-type-html elementor-field-group elementor-column elementor-field-group-field_10778fb elementor-col-100\">\n\t\t\t\t\t<h3 id=\"winter\" style=\"\" sans-serif=\"\" font-family:=\"\" font-size:=\"\" font-weight:=\"\" margin-bottom:5px=\"\"> Entretien hivernal <\/h3>\t\t\t\t<\/div>\n\t\t\t\t\t\t\t\t<div class=\"elementor-field-type-html elementor-field-group elementor-column elementor-field-group-field_0240b7c elementor-col-100\">\n\t\t\t\t\t<p style=\"margin-top:5px;\">L'entretien hivernal inclut : <\/p>\n\n<ol type=\"1\">\n    <\/ol><ul type=\"disc\">\n    <li>Les frais de d\u00e9placement<\/li>\n    <li>La v\u00e9rification et l\u2019\u00e9ventuelle correction de la qualit\u00e9 de l'eau<\/li>\n    <li>La v\u00e9rification de l'installation<\/li>\n    <li>La v\u00e9rification de l'horloge, y compris le passage en mode hiver<\/li>\n    <li>La v\u00e9rification des tuyaux, des robinets, des raccords et des joints<\/li>\n    <li>La v\u00e9rification de la pompe de circulation<\/li>\n    <li>La v\u00e9rification de la goutti\u00e8re de d\u00e9bordement ou du skimmer<\/li>\n    <li>La v\u00e9rification du filtre \u00e0 granul\u00e9s, y compris le lavage \u00e0 contre-courant<\/li>\n    <li>La v\u00e9rification du volet roulant automatique de s\u00e9curit\u00e9, y compris la t\u00e9l\u00e9commande<\/li>\n    <li>La v\u00e9rification de l'\u00e9clairage, y compris la t\u00e9l\u00e9commande<\/li>\n <li>La d\u00e9connexion de la pompe \u00e0 chaleur<\/li>\n    <\/ul>\n<!-- wpml:html_fragment <\/LI> -->\n\n\n<p style=\"font-weight:bold;\"> Prix : 332,75 euros, TVA comprise. <\/p>\n\nEntretien d'hiver aux Pays-Bas: 408,98 euro incl btw.\n\n<p style=\"margin-top:5px;\">Options suppl\u00e9mentaires \u00e0 94,38 euro par heure, TVA comprise : <\/p>\n\n<ol style=\"margin-bottom:30px;\" type=\"1\">\n    <\/ol><ul type=\"disc\">\n    <li>Installation d'une b\u00e2che d'hiver<\/li>\n    <li>Nettoyage du volet roulant<\/li>\n    <li>Nettoyage du coffret du volet roulant\n<\/li>\n    <li>Nettoyage de la piscine<\/li>\n\n   \n    <\/ul>\n<!-- wpml:html_fragment <\/LI> -->\n\n<\/OL>\n<p style=\"font-weight:bold;\"> Die Winterwartung muss nach Erbringung der Dienstleistungen per QR-Code in bar bezahlt werden.<\/p>\n\t\t\t\t<\/div>\n\t\t\t\t\t\t\t\t<div class=\"elementor-field-type-html elementor-field-group elementor-column elementor-field-group-field_735574a elementor-col-100\">\n\t\t\t\t\t<h3 id=\"winter\" style=\"\" sans-serif=\"\" font-family:=\"\" font-size:=\"\" font-weight:=\"\" margin-bottom:0px=\"\"> D\u2019autres commentaires ou questions ? <\/h3>\n<p>Vous avez encore des questions ou vous souhaitez ajouter des options suppl\u00e9mentaires \u00e0 l'entretien hivernal ? Veuillez les indiquer ici. Veuillez \u00e9galement indiquer ici vos 3 dates pr\u00e9f\u00e9r\u00e9es pour un rendez-vous.<\/p>\t\t\t\t<\/div>\n\t\t\t\t\t\t\t\t<div class=\"elementor-field-type-textarea elementor-field-group elementor-column elementor-field-group-field_893599f elementor-col-100\">\n\t\t\t\t\t\t\t\t\t\t\t\t<label for=\"form-field-field_893599f\" class=\"elementor-field-label\">\n\t\t\t\t\t\t\t\tRemarques\t\t\t\t\t\t\t<\/label>\n\t\t\t\t\t\t<textarea class=\"elementor-field-textual elementor-field  elementor-size-sm\" name=\"form_fields[field_893599f]\" id=\"form-field-field_893599f\" rows=\"4\"><\/textarea>\t\t\t\t<\/div>\n\t\t\t\t\t\t\t\t<div class=\"elementor-field-type-html elementor-field-group elementor-column elementor-field-group-field_298cc08 elementor-col-100\">\n\t\t\t\t\t<h3 id=\"winter\" style=\"\" sans-serif=\"\" font-family:=\"\" font-size:=\"\" font-weight:=\"\" margin-bottom:5px=\"\">Produits pour la piscine\n <\/h3>\t\t\t\t<\/div>\n\t\t\t\t\t\t\t\t<div class=\"elementor-field-type-html elementor-field-group elementor-column elementor-field-group-field_29f0c4d elementor-col-100\">\n\t\t\t\t\t<p style=\"margin-top:5px;\">Avez-vous encore besoin de produits pour votre piscine ? Commandez tout facilement en ligne via notre <a href=\"https:\/\/www.zwembadproductenkopen.be\/\" style=\"display: inline;clear:none;\"> boutique en ligne.<\/a> Nous livrons \u00e0 votre domicile dans les 36 heures.\n<\/p>\n\n\t\t\t\t<\/div>\n\t\t\t\t\t\t\t\t<div class=\"elementor-field-type-recaptcha elementor-field-group elementor-column elementor-field-group-field_7b7121c elementor-col-100\">\n\t\t\t\t\t<div class=\"elementor-field\" id=\"form-field-field_7b7121c\"><div class=\"elementor-g-recaptcha\" data-sitekey=\"6LeLdvobAAAAACIGiMWica2FqMokmkFnPkvp140s\" data-type=\"v2_checkbox\" data-theme=\"light\" data-size=\"normal\"><\/div><\/div>\t\t\t\t<\/div>\n\t\t\t\t\t\t\t\t<div class=\"elementor-field-group elementor-column elementor-field-type-submit elementor-col-100 e-form__buttons\">\n\t\t\t\t\t<button class=\"elementor-button elementor-size-sm\" type=\"submit\" id=\"winteronderhoud\">\n\t\t\t\t\t\t<span class=\"elementor-button-content-wrapper\">\n\t\t\t\t\t\t\t\t\t\t\t\t\t\t\t\t\t\t\t\t\t\t<span class=\"elementor-button-text\">Envoyer<\/span>\n\t\t\t\t\t\t\t\t\t\t\t\t\t<\/span>\n\t\t\t\t\t<\/button>\n\t\t\t\t<\/div>\n\t\t\t<\/div>\n\t\t<\/form>\n\t\t\t\t\t\t<\/div>\n\t\t\t\t<\/div>\n\t\t\t\t\t<\/div>\n\t\t<\/div>\n\t\t\t\t<div class=\"elementor-column elementor-col-33 elementor-top-column elementor-element elementor-element-881a828\" data-id=\"881a828\" data-element_type=\"column\">\n\t\t\t<div class=\"elementor-widget-wrap\">\n\t\t\t\t\t\t\t<\/div>\n\t\t<\/div>\n\t\t\t\t\t<\/div>\n\t\t<\/section>\n\t\t\t\t<\/div>\n\t\t","protected":false},"excerpt":{"rendered":"<p>Demandez l&rsquo;entretien hivernal de votre piscine<\/p>\n","protected":false},"author":1,"featured_media":0,"parent":0,"menu_order":0,"comment_status":"closed","ping_status":"closed","template":"","meta":{"_monsterinsights_skip_tracking":false,"_monsterinsights_sitenote_active":false,"_monsterinsights_sitenote_note":"","_monsterinsights_sitenote_category":0,"footnotes":""},"class_list":["post-18508","page","type-page","status-publish","hentry"],"aioseo_notices":[],"yoast_head":"<!-- This site is optimized with the Yoast SEO plugin v24.1 - https:\/\/yoast.com\/wordpress\/plugins\/seo\/ -->\n<title>Entretien hivernal - Leisure Pools<\/title>\n<meta name=\"robots\" content=\"index, follow, max-snippet:-1, max-image-preview:large, max-video-preview:-1\" \/>\n<link rel=\"canonical\" href=\"https:\/\/leisurepools.be\/fr\/demande-entretien-hivernal\/\" \/>\n<meta property=\"og:locale\" content=\"fr_FR\" \/>\n<meta property=\"og:type\" content=\"article\" \/>\n<meta property=\"og:title\" content=\"Entretien hivernal - Leisure Pools\" \/>\n<meta property=\"og:description\" content=\"Demandez l&rsquo;entretien hivernal de votre piscine\" \/>\n<meta property=\"og:url\" content=\"https:\/\/leisurepools.be\/fr\/demande-entretien-hivernal\/\" \/>\n<meta property=\"og:site_name\" content=\"Leisure Pools\" \/>\n<meta property=\"article:modified_time\" content=\"2025-09-25T10:27:52+00:00\" \/>\n<meta name=\"twitter:card\" content=\"summary_large_image\" \/>\n<meta name=\"twitter:label1\" content=\"Dur\u00e9e de lecture estim\u00e9e\" \/>\n\t<meta name=\"twitter:data1\" content=\"2 minutes\" \/>\n<script type=\"application\/ld+json\" class=\"yoast-schema-graph\">{\"@context\":\"https:\/\/schema.org\",\"@graph\":[{\"@type\":\"WebPage\",\"@id\":\"https:\/\/leisurepools.be\/fr\/demande-entretien-hivernal\/\",\"url\":\"https:\/\/leisurepools.be\/fr\/demande-entretien-hivernal\/\",\"name\":\"Entretien hivernal - Leisure Pools\",\"isPartOf\":{\"@id\":\"https:\/\/leisurepools.be\/fr\/#website\"},\"datePublished\":\"2022-09-11T13:49:58+00:00\",\"dateModified\":\"2025-09-25T10:27:52+00:00\",\"breadcrumb\":{\"@id\":\"https:\/\/leisurepools.be\/fr\/demande-entretien-hivernal\/#breadcrumb\"},\"inLanguage\":\"fr-FR\",\"potentialAction\":[{\"@type\":\"ReadAction\",\"target\":[\"https:\/\/leisurepools.be\/fr\/demande-entretien-hivernal\/\"]}]},{\"@type\":\"BreadcrumbList\",\"@id\":\"https:\/\/leisurepools.be\/fr\/demande-entretien-hivernal\/#breadcrumb\",\"itemListElement\":[{\"@type\":\"ListItem\",\"position\":1,\"name\":\"Home\",\"item\":\"https:\/\/leisurepools.be\/fr\/\"},{\"@type\":\"ListItem\",\"position\":2,\"name\":\"Entretien hivernal\"}]},{\"@type\":\"WebSite\",\"@id\":\"https:\/\/leisurepools.be\/fr\/#website\",\"url\":\"https:\/\/leisurepools.be\/fr\/\",\"name\":\"Leisure Pools\",\"description\":\"Op vakantie in je eigen tuin\",\"publisher\":{\"@id\":\"https:\/\/leisurepools.be\/fr\/#organization\"},\"potentialAction\":[{\"@type\":\"SearchAction\",\"target\":{\"@type\":\"EntryPoint\",\"urlTemplate\":\"https:\/\/leisurepools.be\/fr\/?s={search_term_string}\"},\"query-input\":{\"@type\":\"PropertyValueSpecification\",\"valueRequired\":true,\"valueName\":\"search_term_string\"}}],\"inLanguage\":\"fr-FR\"},{\"@type\":\"Organization\",\"@id\":\"https:\/\/leisurepools.be\/fr\/#organization\",\"name\":\"Leisure Pools\",\"url\":\"https:\/\/leisurepools.be\/fr\/\",\"logo\":{\"@type\":\"ImageObject\",\"inLanguage\":\"fr-FR\",\"@id\":\"https:\/\/leisurepools.be\/fr\/#\/schema\/logo\/image\/\",\"url\":\"https:\/\/leisurepools.be\/wp-content\/uploads\/2021\/03\/leisure-pools-blue.svg\",\"contentUrl\":\"https:\/\/leisurepools.be\/wp-content\/uploads\/2021\/03\/leisure-pools-blue.svg\",\"width\":247,\"height\":97,\"caption\":\"Leisure Pools\"},\"image\":{\"@id\":\"https:\/\/leisurepools.be\/fr\/#\/schema\/logo\/image\/\"}}]}<\/script>\n<!-- \/ Yoast SEO plugin. -->","yoast_head_json":{"title":"Entretien hivernal - Leisure Pools","robots":{"index":"index","follow":"follow","max-snippet":"max-snippet:-1","max-image-preview":"max-image-preview:large","max-video-preview":"max-video-preview:-1"},"canonical":"https:\/\/leisurepools.be\/fr\/demande-entretien-hivernal\/","og_locale":"fr_FR","og_type":"article","og_title":"Entretien hivernal - Leisure Pools","og_description":"Demandez l&rsquo;entretien hivernal de votre piscine","og_url":"https:\/\/leisurepools.be\/fr\/demande-entretien-hivernal\/","og_site_name":"Leisure Pools","article_modified_time":"2025-09-25T10:27:52+00:00","twitter_card":"summary_large_image","twitter_misc":{"Dur\u00e9e de lecture estim\u00e9e":"2 minutes"},"schema":{"@context":"https:\/\/schema.org","@graph":[{"@type":"WebPage","@id":"https:\/\/leisurepools.be\/fr\/demande-entretien-hivernal\/","url":"https:\/\/leisurepools.be\/fr\/demande-entretien-hivernal\/","name":"Entretien hivernal - Leisure Pools","isPartOf":{"@id":"https:\/\/leisurepools.be\/fr\/#website"},"datePublished":"2022-09-11T13:49:58+00:00","dateModified":"2025-09-25T10:27:52+00:00","breadcrumb":{"@id":"https:\/\/leisurepools.be\/fr\/demande-entretien-hivernal\/#breadcrumb"},"inLanguage":"fr-FR","potentialAction":[{"@type":"ReadAction","target":["https:\/\/leisurepools.be\/fr\/demande-entretien-hivernal\/"]}]},{"@type":"BreadcrumbList","@id":"https:\/\/leisurepools.be\/fr\/demande-entretien-hivernal\/#breadcrumb","itemListElement":[{"@type":"ListItem","position":1,"name":"Home","item":"https:\/\/leisurepools.be\/fr\/"},{"@type":"ListItem","position":2,"name":"Entretien hivernal"}]},{"@type":"WebSite","@id":"https:\/\/leisurepools.be\/fr\/#website","url":"https:\/\/leisurepools.be\/fr\/","name":"Leisure Pools","description":"Op vakantie in je eigen tuin","publisher":{"@id":"https:\/\/leisurepools.be\/fr\/#organization"},"potentialAction":[{"@type":"SearchAction","target":{"@type":"EntryPoint","urlTemplate":"https:\/\/leisurepools.be\/fr\/?s={search_term_string}"},"query-input":{"@type":"PropertyValueSpecification","valueRequired":true,"valueName":"search_term_string"}}],"inLanguage":"fr-FR"},{"@type":"Organization","@id":"https:\/\/leisurepools.be\/fr\/#organization","name":"Leisure Pools","url":"https:\/\/leisurepools.be\/fr\/","logo":{"@type":"ImageObject","inLanguage":"fr-FR","@id":"https:\/\/leisurepools.be\/fr\/#\/schema\/logo\/image\/","url":"https:\/\/leisurepools.be\/wp-content\/uploads\/2021\/03\/leisure-pools-blue.svg","contentUrl":"https:\/\/leisurepools.be\/wp-content\/uploads\/2021\/03\/leisure-pools-blue.svg","width":247,"height":97,"caption":"Leisure Pools"},"image":{"@id":"https:\/\/leisurepools.be\/fr\/#\/schema\/logo\/image\/"}}]}},"_links":{"self":[{"href":"https:\/\/leisurepools.be\/fr\/wp-json\/wp\/v2\/pages\/18508","targetHints":{"allow":["GET"]}}],"collection":[{"href":"https:\/\/leisurepools.be\/fr\/wp-json\/wp\/v2\/pages"}],"about":[{"href":"https:\/\/leisurepools.be\/fr\/wp-json\/wp\/v2\/types\/page"}],"author":[{"embeddable":true,"href":"https:\/\/leisurepools.be\/fr\/wp-json\/wp\/v2\/users\/1"}],"replies":[{"embeddable":true,"href":"https:\/\/leisurepools.be\/fr\/wp-json\/wp\/v2\/comments?post=18508"}],"version-history":[{"count":36,"href":"https:\/\/leisurepools.be\/fr\/wp-json\/wp\/v2\/pages\/18508\/revisions"}],"predecessor-version":[{"id":28355,"href":"https:\/\/leisurepools.be\/fr\/wp-json\/wp\/v2\/pages\/18508\/revisions\/28355"}],"wp:attachment":[{"href":"https:\/\/leisurepools.be\/fr\/wp-json\/wp\/v2\/media?parent=18508"}],"curies":[{"name":"wp","href":"https:\/\/api.w.org\/{rel}","templated":true}]}}