{"id":27385,"date":"2024-09-11T13:57:57","date_gmt":"2024-09-11T11:57:57","guid":{"rendered":"https:\/\/leisurepools.be\/?page_id=27385"},"modified":"2024-09-11T14:06:12","modified_gmt":"2024-09-11T12:06:12","slug":"installation-dune-piscine-encastree","status":"publish","type":"page","link":"https:\/\/leisurepools.be\/fr\/installation-dune-piscine-encastree\/","title":{"rendered":"Installation d&rsquo;une piscine encastr\u00e9e"},"content":{"rendered":"\t\t<div data-elementor-type=\"wp-page\" data-elementor-id=\"27385\" class=\"elementor elementor-27385 elementor-27382\" data-elementor-post-type=\"page\">\n\t\t\t\t\t\t<section class=\"elementor-section elementor-top-section elementor-element elementor-element-1e624821 elementor-section-boxed elementor-section-height-default elementor-section-height-default\" data-id=\"1e624821\" data-element_type=\"section\">\n\t\t\t\t\t\t<div class=\"elementor-container elementor-column-gap-default\">\n\t\t\t\t\t<div class=\"elementor-column elementor-col-33 elementor-top-column elementor-element elementor-element-db37681 elementor-hidden-tablet\" data-id=\"db37681\" data-element_type=\"column\">\n\t\t\t<div class=\"elementor-widget-wrap\">\n\t\t\t\t\t\t\t<\/div>\n\t\t<\/div>\n\t\t\t\t<div class=\"elementor-column elementor-col-33 elementor-top-column elementor-element elementor-element-70b089db\" data-id=\"70b089db\" data-element_type=\"column\">\n\t\t\t<div class=\"elementor-widget-wrap elementor-element-populated\">\n\t\t\t\t\t\t<div class=\"elementor-element elementor-element-3aca2e77 elementor-widget elementor-widget-heading\" data-id=\"3aca2e77\" data-element_type=\"widget\" data-widget_type=\"heading.default\">\n\t\t\t\t<div class=\"elementor-widget-container\">\n\t\t\t\t\t<h2 class=\"elementor-heading-title elementor-size-default\">INSTALLATION D'UNE PISCINE ENCASTR\u00c9E<\/h2>\t\t\t\t<\/div>\n\t\t\t\t<\/div>\n\t\t\t\t<div class=\"elementor-element elementor-element-137d1cda elementor-hidden-desktop elementor-hidden-tablet elementor-hidden-mobile elementor-widget-divider--view-line elementor-widget elementor-widget-divider\" data-id=\"137d1cda\" data-element_type=\"widget\" data-widget_type=\"divider.default\">\n\t\t\t\t<div class=\"elementor-widget-container\">\n\t\t\t\t\t\t\t<div class=\"elementor-divider\">\n\t\t\t<span class=\"elementor-divider-separator\">\n\t\t\t\t\t\t<\/span>\n\t\t<\/div>\n\t\t\t\t\t\t<\/div>\n\t\t\t\t<\/div>\n\t\t\t\t\t<\/div>\n\t\t<\/div>\n\t\t\t\t<div class=\"elementor-column elementor-col-33 elementor-top-column elementor-element elementor-element-787985c5 elementor-hidden-tablet\" data-id=\"787985c5\" data-element_type=\"column\">\n\t\t\t<div class=\"elementor-widget-wrap\">\n\t\t\t\t\t\t\t<\/div>\n\t\t<\/div>\n\t\t\t\t\t<\/div>\n\t\t<\/section>\n\t\t\t\t<section data-dce-background-image-url=\"http:\/\/leisurepools.be\/wp-content\/uploads\/2022\/10\/Picture.png\" class=\"elementor-section elementor-top-section elementor-element elementor-element-2e44558f elementor-section-height-min-height elementor-section-boxed elementor-section-height-default elementor-section-items-middle\" data-id=\"2e44558f\" data-element_type=\"section\" data-settings=\"{&quot;background_background&quot;:&quot;classic&quot;}\">\n\t\t\t\t\t\t<div class=\"elementor-container elementor-column-gap-default\">\n\t\t\t\t\t<div class=\"elementor-column elementor-col-100 elementor-top-column elementor-element elementor-element-5b83f1f2\" data-id=\"5b83f1f2\" data-element_type=\"column\">\n\t\t\t<div class=\"elementor-widget-wrap\">\n\t\t\t\t\t\t\t<\/div>\n\t\t<\/div>\n\t\t\t\t\t<\/div>\n\t\t<\/section>\n\t\t\t\t<section class=\"elementor-section elementor-top-section elementor-element elementor-element-ee1d94b elementor-section-boxed elementor-section-height-default elementor-section-height-default\" data-id=\"ee1d94b\" data-element_type=\"section\">\n\t\t\t\t\t\t<div class=\"elementor-container elementor-column-gap-default\">\n\t\t\t\t\t<div class=\"elementor-column elementor-col-33 elementor-top-column elementor-element elementor-element-3da9709 elementor-hidden-tablet\" data-id=\"3da9709\" data-element_type=\"column\">\n\t\t\t<div class=\"elementor-widget-wrap\">\n\t\t\t\t\t\t\t<\/div>\n\t\t<\/div>\n\t\t\t\t<div class=\"elementor-column elementor-col-33 elementor-top-column elementor-element elementor-element-3d389f3b\" data-id=\"3d389f3b\" data-element_type=\"column\">\n\t\t\t<div class=\"elementor-widget-wrap elementor-element-populated\">\n\t\t\t\t\t\t<section class=\"elementor-section elementor-inner-section elementor-element elementor-element-25fe20b9 elementor-section-boxed elementor-section-height-default elementor-section-height-default\" data-id=\"25fe20b9\" data-element_type=\"section\">\n\t\t\t\t\t\t<div class=\"elementor-container elementor-column-gap-default\">\n\t\t\t\t\t<div class=\"elementor-column elementor-col-100 elementor-inner-column elementor-element elementor-element-46e10dba\" data-id=\"46e10dba\" data-element_type=\"column\">\n\t\t\t<div class=\"elementor-widget-wrap elementor-element-populated\">\n\t\t\t\t\t\t<div class=\"elementor-element elementor-element-7dd248d7 elementor-widget elementor-widget-heading\" data-id=\"7dd248d7\" data-element_type=\"widget\" data-widget_type=\"heading.default\">\n\t\t\t\t<div class=\"elementor-widget-container\">\n\t\t\t\t\t<h3 class=\"elementor-heading-title elementor-size-default\">\nLuxueuse et esth\u00e9tique<\/h3>\t\t\t\t<\/div>\n\t\t\t\t<\/div>\n\t\t\t\t<div class=\"elementor-element elementor-element-714acf1e elementor-widget elementor-widget-text-editor\" data-id=\"714acf1e\" data-element_type=\"widget\" data-widget_type=\"text-editor.default\">\n\t\t\t\t<div class=\"elementor-widget-container\">\n\t\t\t\t\t\t\t\t\t<p>Une piscine encastr\u00e9e est une piscine qui est install\u00e9e de mani\u00e8re permanente dans le sol. Ce type de piscine offre une option luxueuse et esth\u00e9tique pour votre jardin, et est id\u00e9al pour ceux qui veulent nager ou se d\u00e9tendre r\u00e9guli\u00e8rement dans leur propre jardin.<\/p>\t\t\t\t\t\t\t\t<\/div>\n\t\t\t\t<\/div>\n\t\t\t\t\t<\/div>\n\t\t<\/div>\n\t\t\t\t\t<\/div>\n\t\t<\/section>\n\t\t\t\t<section class=\"elementor-section elementor-inner-section elementor-element elementor-element-f7d2ff6 elementor-section-boxed elementor-section-height-default elementor-section-height-default\" data-id=\"f7d2ff6\" data-element_type=\"section\">\n\t\t\t\t\t\t<div class=\"elementor-container elementor-column-gap-default\">\n\t\t\t\t\t<div class=\"elementor-column elementor-col-100 elementor-inner-column elementor-element elementor-element-313067f1\" data-id=\"313067f1\" data-element_type=\"column\">\n\t\t\t<div class=\"elementor-widget-wrap elementor-element-populated\">\n\t\t\t\t\t\t<div class=\"elementor-element elementor-element-75261591 elementor-widget elementor-widget-heading\" data-id=\"75261591\" data-element_type=\"widget\" data-widget_type=\"heading.default\">\n\t\t\t\t<div class=\"elementor-widget-container\">\n\t\t\t\t\t<h3 class=\"elementor-heading-title elementor-size-default\">Avantages d'une piscine encastr\u00e9e<\/h3>\t\t\t\t<\/div>\n\t\t\t\t<\/div>\n\t\t\t\t<div class=\"elementor-element elementor-element-39afb2ee elementor-widget elementor-widget-text-editor\" data-id=\"39afb2ee\" data-element_type=\"widget\" data-widget_type=\"text-editor.default\">\n\t\t\t\t<div class=\"elementor-widget-container\">\n\t\t\t\t\t\t\t\t\t<ul><li>Esth\u00e9tique : une piscine encastr\u00e9e s&rsquo;int\u00e8gre parfaitement \u00e0 l&rsquo;am\u00e9nagement de votre jardin.<\/li><li>Durabilit\u00e9 : fabriqu\u00e9e avec des mat\u00e9riaux de haute qualit\u00e9 tels que l&rsquo;\u00e9poxy vinylester int\u00e9gral, une piscine encastr\u00e9e durera des ann\u00e9es.<\/li><li>Plus-value : une piscine encastr\u00e9e peut augmenter la valeur de votre maison.<\/li><\/ul>\t\t\t\t\t\t\t\t<\/div>\n\t\t\t\t<\/div>\n\t\t\t\t\t<\/div>\n\t\t<\/div>\n\t\t\t\t\t<\/div>\n\t\t<\/section>\n\t\t\t\t<section class=\"elementor-section elementor-inner-section elementor-element elementor-element-2fa0a326 elementor-section-boxed elementor-section-height-default elementor-section-height-default\" data-id=\"2fa0a326\" data-element_type=\"section\">\n\t\t\t\t\t\t<div class=\"elementor-container elementor-column-gap-default\">\n\t\t\t\t\t<div class=\"elementor-column elementor-col-100 elementor-inner-column elementor-element elementor-element-78ca66d2\" data-id=\"78ca66d2\" data-element_type=\"column\">\n\t\t\t<div class=\"elementor-widget-wrap elementor-element-populated\">\n\t\t\t\t\t\t<div class=\"elementor-element elementor-element-5cb8a87a elementor-widget elementor-widget-heading\" data-id=\"5cb8a87a\" data-element_type=\"widget\" data-widget_type=\"heading.default\">\n\t\t\t\t<div class=\"elementor-widget-container\">\n\t\t\t\t\t<h3 class=\"elementor-heading-title elementor-size-default\">Processus d'installation<\/h3>\t\t\t\t<\/div>\n\t\t\t\t<\/div>\n\t\t\t\t<div class=\"elementor-element elementor-element-1a948aa elementor-widget elementor-widget-text-editor\" data-id=\"1a948aa\" data-element_type=\"widget\" data-widget_type=\"text-editor.default\">\n\t\t\t\t<div class=\"elementor-widget-container\">\n\t\t\t\t\t\t\t\t\t<ul><li>Conception et planification : d\u00e9terminez l&#8217;emplacement et la taille de votre piscine.<\/li><li>Excavation : le sol est excav\u00e9 conform\u00e9ment au plan.<\/li><li>Construction : Le cadre et la structure de la piscine sont mis en place.<\/li><li>Finition : finition des bords.<\/li><li>Remplissage et test : La piscine est remplie d&rsquo;eau et tous les syst\u00e8mes sont test\u00e9s.<\/li><\/ul>\t\t\t\t\t\t\t\t<\/div>\n\t\t\t\t<\/div>\n\t\t\t\t\t<\/div>\n\t\t<\/div>\n\t\t\t\t\t<\/div>\n\t\t<\/section>\n\t\t\t\t<section class=\"elementor-section elementor-inner-section elementor-element elementor-element-047c762 elementor-section-boxed elementor-section-height-default elementor-section-height-default\" data-id=\"047c762\" data-element_type=\"section\">\n\t\t\t\t\t\t<div class=\"elementor-container elementor-column-gap-default\">\n\t\t\t\t\t<div class=\"elementor-column elementor-col-100 elementor-inner-column elementor-element elementor-element-709970d\" data-id=\"709970d\" data-element_type=\"column\">\n\t\t\t<div class=\"elementor-widget-wrap elementor-element-populated\">\n\t\t\t\t\t\t<div class=\"elementor-element elementor-element-15a392c elementor-widget elementor-widget-heading\" data-id=\"15a392c\" data-element_type=\"widget\" data-widget_type=\"heading.default\">\n\t\t\t\t<div class=\"elementor-widget-container\">\n\t\t\t\t\t<h3 class=\"elementor-heading-title elementor-size-default\">Entretien de la piscine int\u00e9gr\u00e9e<\/h3>\t\t\t\t<\/div>\n\t\t\t\t<\/div>\n\t\t\t\t<div class=\"elementor-element elementor-element-c114d74 elementor-widget elementor-widget-text-editor\" data-id=\"c114d74\" data-element_type=\"widget\" data-widget_type=\"text-editor.default\">\n\t\t\t\t<div class=\"elementor-widget-container\">\n\t\t\t\t\t\t\t\t\t<p>Le co\u00fbt d&rsquo;une piscine int\u00e9gr\u00e9e peut varier consid\u00e9rablement en fonction de la taille, des mat\u00e9riaux et des fonctions suppl\u00e9mentaires que vous souhaitez. Un mod\u00e8le de base peut commencer \u00e0 environ 30 000 euros, tandis que les options plus luxueuses et les suppl\u00e9ments tels que le chauffage et l&rsquo;\u00e9clairage peuvent atteindre 50 000 euros ou plus.<\/p>\t\t\t\t\t\t\t\t<\/div>\n\t\t\t\t<\/div>\n\t\t\t\t\t<\/div>\n\t\t<\/div>\n\t\t\t\t\t<\/div>\n\t\t<\/section>\n\t\t\t\t<section class=\"elementor-section elementor-inner-section elementor-element elementor-element-4993b75a elementor-section-boxed elementor-section-height-default elementor-section-height-default\" data-id=\"4993b75a\" data-element_type=\"section\">\n\t\t\t\t\t\t<div class=\"elementor-container elementor-column-gap-default\">\n\t\t\t\t\t<div class=\"elementor-column elementor-col-100 elementor-inner-column elementor-element elementor-element-55e1f58f\" data-id=\"55e1f58f\" data-element_type=\"column\">\n\t\t\t<div class=\"elementor-widget-wrap elementor-element-populated\">\n\t\t\t\t\t\t<div class=\"elementor-element elementor-element-de26105 elementor-widget elementor-widget-heading\" data-id=\"de26105\" data-element_type=\"widget\" data-widget_type=\"heading.default\">\n\t\t\t\t<div class=\"elementor-widget-container\">\n\t\t\t\t\t<h3 class=\"elementor-heading-title elementor-size-default\">Vos coordonn\u00e9es<\/h3>\t\t\t\t<\/div>\n\t\t\t\t<\/div>\n\t\t\t\t<div class=\"elementor-element elementor-element-ef6019f elementor-button-align-start elementor-widget elementor-widget-form\" data-id=\"ef6019f\" data-element_type=\"widget\" data-settings=\"{&quot;step_next_label&quot;:&quot;Suivant&quot;,&quot;step_previous_label&quot;:&quot;Pr\\u00e9c\\u00e9dent&quot;,&quot;button_width&quot;:&quot;75&quot;,&quot;dce_confirm_dialog_enabled&quot;:&quot;no&quot;,&quot;step_type&quot;:&quot;number_text&quot;,&quot;step_icon_shape&quot;:&quot;circle&quot;,&quot;label_icon_size&quot;:{&quot;unit&quot;:&quot;px&quot;,&quot;size&quot;:&quot;&quot;,&quot;sizes&quot;:[]},&quot;field_icon_size&quot;:{&quot;unit&quot;:&quot;px&quot;,&quot;size&quot;:&quot;&quot;,&quot;sizes&quot;:[]}}\" data-widget_type=\"form.default\">\n\t\t\t\t<div class=\"elementor-widget-container\">\n\t\t\t\t\t\t\t<form class=\"elementor-form\" method=\"post\" name=\"Zeroenegypools_fr\" aria-label=\"Zeroenegypools_fr\">\n\t\t\t<input type=\"hidden\" name=\"post_id\" value=\"27385\"\/>\n\t\t\t<input type=\"hidden\" name=\"form_id\" value=\"ef6019f\"\/>\n\t\t\t<input type=\"hidden\" name=\"referer_title\" value=\"Leisure Pools\" \/>\n\n\t\t\t\n\t\t\t<div class=\"elementor-form-fields-wrapper elementor-labels-above\">\n\t\t\t\t\t\t\t\t<div class=\"elementor-field-type-text elementor-field-group elementor-column elementor-field-group-name elementor-col-100 elementor-field-required elementor-mark-required\">\n\t\t\t\t\t\t\t\t\t\t\t\t<label for=\"form-field-name\" class=\"elementor-field-label\">\n\t\t\t\t\t\t\t\tNom\t\t\t\t\t\t\t<\/label>\n\t\t\t\t\t\t\t\t\t\t\t\t\t\t<input size=\"1\" type=\"text\" name=\"form_fields[name]\" id=\"form-field-name\" class=\"elementor-field elementor-size-sm  elementor-field-textual\" required=\"required\">\n\t\t\t\t\t\t\t\t\t\t\t<\/div>\n\t\t\t\t\t\t\t\t<div class=\"elementor-field-type-text elementor-field-group elementor-column elementor-field-group-field_7777f9c elementor-col-100 elementor-field-required elementor-mark-required\">\n\t\t\t\t\t\t\t\t\t\t\t\t<label for=\"form-field-field_7777f9c\" class=\"elementor-field-label\">\n\t\t\t\t\t\t\t\tRue et num\u00e9ro de maison\t\t\t\t\t\t\t<\/label>\n\t\t\t\t\t\t\t\t\t\t\t\t\t\t<input size=\"1\" type=\"text\" name=\"form_fields[field_7777f9c]\" id=\"form-field-field_7777f9c\" class=\"elementor-field elementor-size-sm  elementor-field-textual\" required=\"required\">\n\t\t\t\t\t\t\t\t\t\t\t<\/div>\n\t\t\t\t\t\t\t\t<div class=\"elementor-field-type-text elementor-field-group elementor-column elementor-field-group-field_8ad579d elementor-col-100 elementor-field-required elementor-mark-required\">\n\t\t\t\t\t\t\t\t\t\t\t\t<label for=\"form-field-field_8ad579d\" class=\"elementor-field-label\">\n\t\t\t\t\t\t\t\tCode postal et commune\t\t\t\t\t\t\t<\/label>\n\t\t\t\t\t\t\t\t\t\t\t\t\t\t<input size=\"1\" type=\"text\" name=\"form_fields[field_8ad579d]\" id=\"form-field-field_8ad579d\" class=\"elementor-field elementor-size-sm  elementor-field-textual\" required=\"required\">\n\t\t\t\t\t\t\t\t\t\t\t<\/div>\n\t\t\t\t\t\t\t\t<div class=\"elementor-field-type-email elementor-field-group elementor-column elementor-field-group-field_606e353 elementor-col-100 elementor-field-required elementor-mark-required\">\n\t\t\t\t\t\t\t\t\t\t\t\t<label for=\"form-field-field_606e353\" class=\"elementor-field-label\">\n\t\t\t\t\t\t\t\tAdresse \u00e9lectronique\t\t\t\t\t\t\t<\/label>\n\t\t\t\t\t\t\t\t\t\t\t\t\t\t<input size=\"1\" type=\"email\" name=\"form_fields[field_606e353]\" id=\"form-field-field_606e353\" class=\"elementor-field elementor-size-sm  elementor-field-textual\" required=\"required\">\n\t\t\t\t\t\t\t\t\t\t\t<\/div>\n\t\t\t\t\t\t\t\t<div class=\"elementor-field-type-tel elementor-field-group elementor-column elementor-field-group-field_d1dbd47 elementor-col-100 elementor-field-required elementor-mark-required\">\n\t\t\t\t\t\t\t\t\t\t\t\t<label for=\"form-field-field_d1dbd47\" class=\"elementor-field-label\">\n\t\t\t\t\t\t\t\tNum\u00e9ro de t\u00e9l\u00e9phone\t\t\t\t\t\t\t<\/label>\n\t\t\t\t\t\t\t\t<input size=\"1\" type=\"tel\" name=\"form_fields[field_d1dbd47]\" id=\"form-field-field_d1dbd47\" class=\"elementor-field elementor-size-sm  elementor-field-textual\" required=\"required\" pattern=\"[0-9()#&amp;+*-=.]+\" title=\"Seuls les caract\u00e8res de num\u00e9ros de t\u00e9l\u00e9phone (#, -, *, etc.) sont accept\u00e9s.\">\n\n\t\t\t\t\t\t<\/div>\n\t\t\t\t\t\t\t\t<div class=\"elementor-field-type-textarea elementor-field-group elementor-column elementor-field-group-field_893599f elementor-col-100\">\n\t\t\t\t\t\t\t\t\t\t\t\t<label for=\"form-field-field_893599f\" class=\"elementor-field-label\">\n\t\t\t\t\t\t\t\tCommentaires\t\t\t\t\t\t\t<\/label>\n\t\t\t\t\t\t<textarea class=\"elementor-field-textual elementor-field  elementor-size-sm\" name=\"form_fields[field_893599f]\" id=\"form-field-field_893599f\" rows=\"4\"><\/textarea>\t\t\t\t<\/div>\n\t\t\t\t\t\t\t\t<div class=\"elementor-field-group elementor-column elementor-field-type-submit elementor-col-75 e-form__buttons\">\n\t\t\t\t\t<button class=\"elementor-button elementor-size-sm\" type=\"submit\" id=\"winteronderhoud\">\n\t\t\t\t\t\t<span class=\"elementor-button-content-wrapper\">\n\t\t\t\t\t\t\t\t\t\t\t\t\t\t\t\t\t\t\t\t\t\t<span class=\"elementor-button-text\">Envoyez<\/span>\n\t\t\t\t\t\t\t\t\t\t\t\t\t<\/span>\n\t\t\t\t\t<\/button>\n\t\t\t\t<\/div>\n\t\t\t<\/div>\n\t\t<\/form>\n\t\t\t\t\t\t<\/div>\n\t\t\t\t<\/div>\n\t\t\t\t\t<\/div>\n\t\t<\/div>\n\t\t\t\t\t<\/div>\n\t\t<\/section>\n\t\t\t\t\t<\/div>\n\t\t<\/div>\n\t\t\t\t<div class=\"elementor-column elementor-col-33 elementor-top-column elementor-element elementor-element-1ba4663b elementor-hidden-tablet\" data-id=\"1ba4663b\" data-element_type=\"column\">\n\t\t\t<div class=\"elementor-widget-wrap\">\n\t\t\t\t\t\t\t<\/div>\n\t\t<\/div>\n\t\t\t\t\t<\/div>\n\t\t<\/section>\n\t\t\t\t<\/div>\n\t\t","protected":false},"excerpt":{"rendered":"<p>INSTALLATION D&rsquo;UNE PISCINE ENCASTR\u00c9E Luxueuse et esth\u00e9tique Une piscine encastr\u00e9e est une piscine qui est install\u00e9e de mani\u00e8re permanente dans le sol. Ce type de piscine offre une option luxueuse et esth\u00e9tique pour votre jardin, et est id\u00e9al pour ceux qui veulent nager ou se d\u00e9tendre r\u00e9guli\u00e8rement dans leur propre jardin. Avantages d&rsquo;une piscine encastr\u00e9e [&hellip;]<\/p>\n","protected":false},"author":9,"featured_media":0,"parent":0,"menu_order":0,"comment_status":"closed","ping_status":"closed","template":"","meta":{"_monsterinsights_skip_tracking":false,"_monsterinsights_sitenote_active":false,"_monsterinsights_sitenote_note":"","_monsterinsights_sitenote_category":0,"footnotes":""},"class_list":["post-27385","page","type-page","status-publish","hentry"],"aioseo_notices":[],"yoast_head":"<!-- This site is optimized with the Yoast SEO plugin v24.1 - https:\/\/yoast.com\/wordpress\/plugins\/seo\/ -->\n<title>Installation d&#039;une piscine encastr\u00e9e - Leisure Pools<\/title>\n<meta name=\"robots\" content=\"index, follow, max-snippet:-1, max-image-preview:large, max-video-preview:-1\" \/>\n<link rel=\"canonical\" href=\"https:\/\/leisurepools.be\/fr\/installation-dune-piscine-encastree\/\" \/>\n<meta property=\"og:locale\" content=\"fr_FR\" \/>\n<meta property=\"og:type\" content=\"article\" \/>\n<meta property=\"og:title\" content=\"Installation d&#039;une piscine encastr\u00e9e - Leisure Pools\" \/>\n<meta property=\"og:description\" content=\"INSTALLATION D&rsquo;UNE PISCINE ENCASTR\u00c9E Luxueuse et esth\u00e9tique Une piscine encastr\u00e9e est une piscine qui est install\u00e9e de mani\u00e8re permanente dans le sol. Ce type de piscine offre une option luxueuse et esth\u00e9tique pour votre jardin, et est id\u00e9al pour ceux qui veulent nager ou se d\u00e9tendre r\u00e9guli\u00e8rement dans leur propre jardin. Avantages d&rsquo;une piscine encastr\u00e9e [&hellip;]\" \/>\n<meta property=\"og:url\" content=\"https:\/\/leisurepools.be\/fr\/installation-dune-piscine-encastree\/\" \/>\n<meta property=\"og:site_name\" content=\"Leisure Pools\" \/>\n<meta property=\"article:modified_time\" content=\"2024-09-11T12:06:12+00:00\" \/>\n<meta name=\"twitter:card\" content=\"summary_large_image\" \/>\n<meta name=\"twitter:label1\" content=\"Dur\u00e9e de lecture estim\u00e9e\" \/>\n\t<meta name=\"twitter:data1\" content=\"3 minutes\" \/>\n<script type=\"application\/ld+json\" class=\"yoast-schema-graph\">{\"@context\":\"https:\/\/schema.org\",\"@graph\":[{\"@type\":\"WebPage\",\"@id\":\"https:\/\/leisurepools.be\/fr\/installation-dune-piscine-encastree\/\",\"url\":\"https:\/\/leisurepools.be\/fr\/installation-dune-piscine-encastree\/\",\"name\":\"Installation d'une piscine encastr\u00e9e - Leisure Pools\",\"isPartOf\":{\"@id\":\"https:\/\/leisurepools.be\/fr\/#website\"},\"datePublished\":\"2024-09-11T11:57:57+00:00\",\"dateModified\":\"2024-09-11T12:06:12+00:00\",\"breadcrumb\":{\"@id\":\"https:\/\/leisurepools.be\/fr\/installation-dune-piscine-encastree\/#breadcrumb\"},\"inLanguage\":\"fr-FR\",\"potentialAction\":[{\"@type\":\"ReadAction\",\"target\":[\"https:\/\/leisurepools.be\/fr\/installation-dune-piscine-encastree\/\"]}]},{\"@type\":\"BreadcrumbList\",\"@id\":\"https:\/\/leisurepools.be\/fr\/installation-dune-piscine-encastree\/#breadcrumb\",\"itemListElement\":[{\"@type\":\"ListItem\",\"position\":1,\"name\":\"Home\",\"item\":\"https:\/\/leisurepools.be\/fr\/\"},{\"@type\":\"ListItem\",\"position\":2,\"name\":\"Installation d&#8217;une piscine encastr\u00e9e\"}]},{\"@type\":\"WebSite\",\"@id\":\"https:\/\/leisurepools.be\/fr\/#website\",\"url\":\"https:\/\/leisurepools.be\/fr\/\",\"name\":\"Leisure Pools\",\"description\":\"Op vakantie in je eigen tuin\",\"publisher\":{\"@id\":\"https:\/\/leisurepools.be\/fr\/#organization\"},\"potentialAction\":[{\"@type\":\"SearchAction\",\"target\":{\"@type\":\"EntryPoint\",\"urlTemplate\":\"https:\/\/leisurepools.be\/fr\/?s={search_term_string}\"},\"query-input\":{\"@type\":\"PropertyValueSpecification\",\"valueRequired\":true,\"valueName\":\"search_term_string\"}}],\"inLanguage\":\"fr-FR\"},{\"@type\":\"Organization\",\"@id\":\"https:\/\/leisurepools.be\/fr\/#organization\",\"name\":\"Leisure Pools\",\"url\":\"https:\/\/leisurepools.be\/fr\/\",\"logo\":{\"@type\":\"ImageObject\",\"inLanguage\":\"fr-FR\",\"@id\":\"https:\/\/leisurepools.be\/fr\/#\/schema\/logo\/image\/\",\"url\":\"https:\/\/leisurepools.be\/wp-content\/uploads\/2021\/03\/leisure-pools-blue.svg\",\"contentUrl\":\"https:\/\/leisurepools.be\/wp-content\/uploads\/2021\/03\/leisure-pools-blue.svg\",\"width\":247,\"height\":97,\"caption\":\"Leisure Pools\"},\"image\":{\"@id\":\"https:\/\/leisurepools.be\/fr\/#\/schema\/logo\/image\/\"}}]}<\/script>\n<!-- \/ Yoast SEO plugin. -->","yoast_head_json":{"title":"Installation d'une piscine encastr\u00e9e - Leisure Pools","robots":{"index":"index","follow":"follow","max-snippet":"max-snippet:-1","max-image-preview":"max-image-preview:large","max-video-preview":"max-video-preview:-1"},"canonical":"https:\/\/leisurepools.be\/fr\/installation-dune-piscine-encastree\/","og_locale":"fr_FR","og_type":"article","og_title":"Installation d'une piscine encastr\u00e9e - Leisure Pools","og_description":"INSTALLATION D&rsquo;UNE PISCINE ENCASTR\u00c9E Luxueuse et esth\u00e9tique Une piscine encastr\u00e9e est une piscine qui est install\u00e9e de mani\u00e8re permanente dans le sol. Ce type de piscine offre une option luxueuse et esth\u00e9tique pour votre jardin, et est id\u00e9al pour ceux qui veulent nager ou se d\u00e9tendre r\u00e9guli\u00e8rement dans leur propre jardin. Avantages d&rsquo;une piscine encastr\u00e9e [&hellip;]","og_url":"https:\/\/leisurepools.be\/fr\/installation-dune-piscine-encastree\/","og_site_name":"Leisure Pools","article_modified_time":"2024-09-11T12:06:12+00:00","twitter_card":"summary_large_image","twitter_misc":{"Dur\u00e9e de lecture estim\u00e9e":"3 minutes"},"schema":{"@context":"https:\/\/schema.org","@graph":[{"@type":"WebPage","@id":"https:\/\/leisurepools.be\/fr\/installation-dune-piscine-encastree\/","url":"https:\/\/leisurepools.be\/fr\/installation-dune-piscine-encastree\/","name":"Installation d'une piscine encastr\u00e9e - Leisure Pools","isPartOf":{"@id":"https:\/\/leisurepools.be\/fr\/#website"},"datePublished":"2024-09-11T11:57:57+00:00","dateModified":"2024-09-11T12:06:12+00:00","breadcrumb":{"@id":"https:\/\/leisurepools.be\/fr\/installation-dune-piscine-encastree\/#breadcrumb"},"inLanguage":"fr-FR","potentialAction":[{"@type":"ReadAction","target":["https:\/\/leisurepools.be\/fr\/installation-dune-piscine-encastree\/"]}]},{"@type":"BreadcrumbList","@id":"https:\/\/leisurepools.be\/fr\/installation-dune-piscine-encastree\/#breadcrumb","itemListElement":[{"@type":"ListItem","position":1,"name":"Home","item":"https:\/\/leisurepools.be\/fr\/"},{"@type":"ListItem","position":2,"name":"Installation d&#8217;une piscine encastr\u00e9e"}]},{"@type":"WebSite","@id":"https:\/\/leisurepools.be\/fr\/#website","url":"https:\/\/leisurepools.be\/fr\/","name":"Leisure Pools","description":"Op vakantie in je eigen tuin","publisher":{"@id":"https:\/\/leisurepools.be\/fr\/#organization"},"potentialAction":[{"@type":"SearchAction","target":{"@type":"EntryPoint","urlTemplate":"https:\/\/leisurepools.be\/fr\/?s={search_term_string}"},"query-input":{"@type":"PropertyValueSpecification","valueRequired":true,"valueName":"search_term_string"}}],"inLanguage":"fr-FR"},{"@type":"Organization","@id":"https:\/\/leisurepools.be\/fr\/#organization","name":"Leisure Pools","url":"https:\/\/leisurepools.be\/fr\/","logo":{"@type":"ImageObject","inLanguage":"fr-FR","@id":"https:\/\/leisurepools.be\/fr\/#\/schema\/logo\/image\/","url":"https:\/\/leisurepools.be\/wp-content\/uploads\/2021\/03\/leisure-pools-blue.svg","contentUrl":"https:\/\/leisurepools.be\/wp-content\/uploads\/2021\/03\/leisure-pools-blue.svg","width":247,"height":97,"caption":"Leisure Pools"},"image":{"@id":"https:\/\/leisurepools.be\/fr\/#\/schema\/logo\/image\/"}}]}},"_links":{"self":[{"href":"https:\/\/leisurepools.be\/fr\/wp-json\/wp\/v2\/pages\/27385","targetHints":{"allow":["GET"]}}],"collection":[{"href":"https:\/\/leisurepools.be\/fr\/wp-json\/wp\/v2\/pages"}],"about":[{"href":"https:\/\/leisurepools.be\/fr\/wp-json\/wp\/v2\/types\/page"}],"author":[{"embeddable":true,"href":"https:\/\/leisurepools.be\/fr\/wp-json\/wp\/v2\/users\/9"}],"replies":[{"embeddable":true,"href":"https:\/\/leisurepools.be\/fr\/wp-json\/wp\/v2\/comments?post=27385"}],"version-history":[{"count":13,"href":"https:\/\/leisurepools.be\/fr\/wp-json\/wp\/v2\/pages\/27385\/revisions"}],"predecessor-version":[{"id":27742,"href":"https:\/\/leisurepools.be\/fr\/wp-json\/wp\/v2\/pages\/27385\/revisions\/27742"}],"wp:attachment":[{"href":"https:\/\/leisurepools.be\/fr\/wp-json\/wp\/v2\/media?parent=27385"}],"curies":[{"name":"wp","href":"https:\/\/api.w.org\/{rel}","templated":true}]}}