{"id":28279,"date":"2025-06-19T09:05:37","date_gmt":"2025-06-19T07:05:37","guid":{"rendered":"https:\/\/leisurepools.be\/?page_id=28279"},"modified":"2025-06-19T09:13:14","modified_gmt":"2025-06-19T07:13:14","slug":"le-manuel-de-demande-de-permis","status":"publish","type":"page","link":"https:\/\/leisurepools.be\/fr\/le-manuel-de-demande-de-permis\/","title":{"rendered":"Manuel de demande de permis"},"content":{"rendered":"\t\t<div data-elementor-type=\"wp-page\" data-elementor-id=\"28279\" class=\"elementor elementor-28279 elementor-28247\" data-elementor-post-type=\"page\">\n\t\t\t\t\t\t<section class=\"elementor-section elementor-top-section elementor-element elementor-element-cae7802 elementor-section-boxed elementor-section-height-default elementor-section-height-default\" data-id=\"cae7802\" data-element_type=\"section\">\n\t\t\t\t\t\t<div class=\"elementor-container elementor-column-gap-default\">\n\t\t\t\t\t<div class=\"elementor-column elementor-col-33 elementor-top-column elementor-element elementor-element-2ea71f2 elementor-hidden-tablet\" data-id=\"2ea71f2\" data-element_type=\"column\">\n\t\t\t<div class=\"elementor-widget-wrap\">\n\t\t\t\t\t\t\t<\/div>\n\t\t<\/div>\n\t\t\t\t<div class=\"elementor-column elementor-col-33 elementor-top-column elementor-element elementor-element-dabffbc\" data-id=\"dabffbc\" data-element_type=\"column\">\n\t\t\t<div class=\"elementor-widget-wrap elementor-element-populated\">\n\t\t\t\t\t\t<div class=\"elementor-element elementor-element-88764a8 elementor-widget elementor-widget-heading\" data-id=\"88764a8\" data-element_type=\"widget\" data-widget_type=\"heading.default\">\n\t\t\t\t<div class=\"elementor-widget-container\">\n\t\t\t\t\t<h2 class=\"elementor-heading-title elementor-size-default\">demande de permis de piscine<\/h2>\t\t\t\t<\/div>\n\t\t\t\t<\/div>\n\t\t\t\t<div class=\"elementor-element elementor-element-89c8fcc elementor-hidden-desktop elementor-hidden-tablet elementor-hidden-mobile elementor-widget-divider--view-line elementor-widget elementor-widget-divider\" data-id=\"89c8fcc\" data-element_type=\"widget\" data-widget_type=\"divider.default\">\n\t\t\t\t<div class=\"elementor-widget-container\">\n\t\t\t\t\t\t\t<div class=\"elementor-divider\">\n\t\t\t<span class=\"elementor-divider-separator\">\n\t\t\t\t\t\t<\/span>\n\t\t<\/div>\n\t\t\t\t\t\t<\/div>\n\t\t\t\t<\/div>\n\t\t\t\t\t<\/div>\n\t\t<\/div>\n\t\t\t\t<div class=\"elementor-column elementor-col-33 elementor-top-column elementor-element elementor-element-881a828 elementor-hidden-tablet\" data-id=\"881a828\" data-element_type=\"column\">\n\t\t\t<div class=\"elementor-widget-wrap\">\n\t\t\t\t\t\t\t<\/div>\n\t\t<\/div>\n\t\t\t\t\t<\/div>\n\t\t<\/section>\n\t\t\t\t<section data-dce-background-image-url=\"http:\/\/leisurepools.be\/wp-content\/uploads\/2022\/10\/Picture.png\" class=\"elementor-section elementor-top-section elementor-element elementor-element-2c6da34 elementor-section-height-min-height elementor-section-boxed elementor-section-height-default elementor-section-items-middle\" data-id=\"2c6da34\" data-element_type=\"section\" data-settings=\"{&quot;background_background&quot;:&quot;classic&quot;}\">\n\t\t\t\t\t\t<div class=\"elementor-container elementor-column-gap-default\">\n\t\t\t\t\t<div class=\"elementor-column elementor-col-100 elementor-top-column elementor-element elementor-element-38f9987\" data-id=\"38f9987\" data-element_type=\"column\">\n\t\t\t<div class=\"elementor-widget-wrap\">\n\t\t\t\t\t\t\t<\/div>\n\t\t<\/div>\n\t\t\t\t\t<\/div>\n\t\t<\/section>\n\t\t\t\t<section class=\"elementor-section elementor-top-section elementor-element elementor-element-33cee95 elementor-section-boxed elementor-section-height-default elementor-section-height-default\" data-id=\"33cee95\" data-element_type=\"section\">\n\t\t\t\t\t\t<div class=\"elementor-container elementor-column-gap-default\">\n\t\t\t\t\t<div class=\"elementor-column elementor-col-33 elementor-top-column elementor-element elementor-element-f20c30c elementor-hidden-tablet\" data-id=\"f20c30c\" data-element_type=\"column\">\n\t\t\t<div class=\"elementor-widget-wrap\">\n\t\t\t\t\t\t\t<\/div>\n\t\t<\/div>\n\t\t\t\t<div class=\"elementor-column elementor-col-33 elementor-top-column elementor-element elementor-element-ecc9805\" data-id=\"ecc9805\" data-element_type=\"column\">\n\t\t\t<div class=\"elementor-widget-wrap elementor-element-populated\">\n\t\t\t\t\t\t<section class=\"elementor-section elementor-inner-section elementor-element elementor-element-8c3246f elementor-section-boxed elementor-section-height-default elementor-section-height-default\" data-id=\"8c3246f\" data-element_type=\"section\">\n\t\t\t\t\t\t<div class=\"elementor-container elementor-column-gap-default\">\n\t\t\t\t\t<div class=\"elementor-column elementor-col-100 elementor-inner-column elementor-element elementor-element-200db5b\" data-id=\"200db5b\" data-element_type=\"column\">\n\t\t\t<div class=\"elementor-widget-wrap elementor-element-populated\">\n\t\t\t\t\t\t<div class=\"elementor-element elementor-element-7b33f2f elementor-widget elementor-widget-heading\" data-id=\"7b33f2f\" data-element_type=\"widget\" data-widget_type=\"heading.default\">\n\t\t\t\t<div class=\"elementor-widget-container\">\n\t\t\t\t\t<h3 class=\"elementor-heading-title elementor-size-default\">Assistance pour votre demande de permis de piscine<\/h3>\t\t\t\t<\/div>\n\t\t\t\t<\/div>\n\t\t\t\t<div class=\"elementor-element elementor-element-a185e0c elementor-widget elementor-widget-text-editor\" data-id=\"a185e0c\" data-element_type=\"widget\" data-widget_type=\"text-editor.default\">\n\t\t\t\t<div class=\"elementor-widget-container\">\n\t\t\t\t\t\t\t\t\t<p>F\u00e9licitations pour votre choix de Leisure Pools ! Avant de pouvoir d\u00e9buter les travaux d&rsquo;installation de votre piscine de r\u00eave, quelques d\u00e9marches administratives peuvent \u00eatre n\u00e9cessaires. Nous vous accompagnons volontiers dans les \u00e9tapes de votre demande de permis.<\/p><p><strong>Avez-vous besoin d\u2019un permis ?<\/strong><\/p><p>En Belgique, il est souvent possible d\u2019installer une piscine sans permis. Tout d\u00e9pend de plusieurs facteurs, notamment :<\/p><ul><li>La superficie totale des constructions non couvertes dans votre jardin (maximum 80 m\u00b2).<\/li><li>La hauteur de la piscine (maximum 1,5 m\u00e8tre au-dessus du niveau du sol).<\/li><li>La distance par rapport aux limites de propri\u00e9t\u00e9 (minimum 1 m\u00e8tre) et \u00e0 votre habitation (maximum 30 m\u00e8tres).<\/li><li>La localisation de votre terrain (pas en zone sensible ni prot\u00e9g\u00e9e).<\/li><li>Les \u00e9ventuelles prescriptions communales ou plans sp\u00e9cifiques (BPA, RUP, r\u00e8glementation r\u00e9gionale sur les eaux pluviales).<\/li><\/ul><p>Si votre projet respecte ces conditions, aucune demande de permis n&rsquo;est g\u00e9n\u00e9ralement requise. Dans le cas contraire, un permis est n\u00e9cessaire.<\/p><p><strong>Comment introduire une demande de permis ?<\/strong><\/p><p>Si un permis est requis, vous devrez en g\u00e9n\u00e9ral fournir les documents suivants :<\/p><p><strong>Documents obligatoires :<\/strong><\/p><ul><li>Plan d\u2019implantation : localisation de la piscine sur le terrain.<\/li><li>Plan de construction : fiche technique de la piscine (disponible aupr\u00e8s de Leisure Pools).<\/li><li>Trois photos r\u00e9centes du site o\u00f9 les travaux auront lieu.<\/li><\/ul><p><strong>Documents \u00e9ventuellement requis :<\/strong><\/p><ul><li>Preuve de paiement des frais de dossier communaux (preuve de redevance).<\/li><li>Description des travaux pr\u00e9vus et des mat\u00e9riaux utilis\u00e9s.<\/li><\/ul><p>Tous les documents doivent \u00eatre fournis sous forme de fichiers PDF s\u00e9par\u00e9s. La demande se fait g\u00e9n\u00e9ralement en ligne via le portail d\u2019environnement (omgevingsloket) de votre commune.<\/p><p><img decoding=\"async\" class=\"emoji\" role=\"img\" draggable=\"false\" src=\"https:\/\/s.w.org\/images\/core\/emoji\/15.1.0\/svg\/1f449.svg\" alt=\"\ud83d\udc49\" \/> <strong>Consultez ici une vid\u00e9o explicative sur l\u2019introduction de la demande via le Omgevingsloket :<\/strong><\/p><p><a href=\"https:\/\/www.google.com\/search?q=omgevingsloket%20filmpje&amp;source=sh\/x\/gs\/m2\/5#cobssid=s\">Vid\u00e9o Demande de permis<\/a><\/p><p><strong>Nous sommes \u00e0 votre disposition !<\/strong><\/p><p>Des questions concernant la proc\u00e9dure de demande de permis ou les documents n\u00e9cessaires ? Notre \u00e9quipe est \u00e0 votre disposition pour vous accompagner pas \u00e0 pas, afin que vous puissiez envisager l\u2019installation de votre Leisure Pool en toute s\u00e9r\u00e9nit\u00e9.<\/p><p><a href=\"http:\/\/leisurepools.be\/wp-content\/uploads\/2025\/06\/Handleiding-vergunningsaanvraag-FR-1.pdf\">T\u00e9l\u00e9charger le manuel de demande de permis ici<\/a><\/p><p>\u00a0<\/p>\t\t\t\t\t\t\t\t<\/div>\n\t\t\t\t<\/div>\n\t\t\t\t\t<\/div>\n\t\t<\/div>\n\t\t\t\t\t<\/div>\n\t\t<\/section>\n\t\t\t\t\t<\/div>\n\t\t<\/div>\n\t\t\t\t<div class=\"elementor-column elementor-col-33 elementor-top-column elementor-element elementor-element-43f1140 elementor-hidden-tablet\" data-id=\"43f1140\" data-element_type=\"column\">\n\t\t\t<div class=\"elementor-widget-wrap\">\n\t\t\t\t\t\t\t<\/div>\n\t\t<\/div>\n\t\t\t\t\t<\/div>\n\t\t<\/section>\n\t\t\t\t<\/div>\n\t\t","protected":false},"excerpt":{"rendered":"<p>demande de permis de piscine Assistance pour votre demande de permis de piscine F\u00e9licitations pour votre choix de Leisure Pools ! Avant de pouvoir d\u00e9buter les travaux d&rsquo;installation de votre piscine de r\u00eave, quelques d\u00e9marches administratives peuvent \u00eatre n\u00e9cessaires. Nous vous accompagnons volontiers dans les \u00e9tapes de votre demande de permis. Avez-vous besoin d\u2019un permis [&hellip;]<\/p>\n","protected":false},"author":9,"featured_media":0,"parent":0,"menu_order":0,"comment_status":"closed","ping_status":"closed","template":"","meta":{"_monsterinsights_skip_tracking":false,"_monsterinsights_sitenote_active":false,"_monsterinsights_sitenote_note":"","_monsterinsights_sitenote_category":0,"footnotes":""},"class_list":["post-28279","page","type-page","status-publish","hentry"],"aioseo_notices":[],"yoast_head":"<!-- This site is optimized with the Yoast SEO plugin v24.1 - https:\/\/yoast.com\/wordpress\/plugins\/seo\/ -->\n<title>Manuel de demande de permis - Leisure Pools<\/title>\n<meta name=\"robots\" content=\"index, follow, max-snippet:-1, max-image-preview:large, max-video-preview:-1\" \/>\n<link rel=\"canonical\" href=\"https:\/\/leisurepools.be\/fr\/le-manuel-de-demande-de-permis\/\" \/>\n<meta property=\"og:locale\" content=\"fr_FR\" \/>\n<meta property=\"og:type\" content=\"article\" \/>\n<meta property=\"og:title\" content=\"Manuel de demande de permis - Leisure Pools\" \/>\n<meta property=\"og:description\" content=\"demande de permis de piscine Assistance pour votre demande de permis de piscine F\u00e9licitations pour votre choix de Leisure Pools ! Avant de pouvoir d\u00e9buter les travaux d&rsquo;installation de votre piscine de r\u00eave, quelques d\u00e9marches administratives peuvent \u00eatre n\u00e9cessaires. Nous vous accompagnons volontiers dans les \u00e9tapes de votre demande de permis. Avez-vous besoin d\u2019un permis [&hellip;]\" \/>\n<meta property=\"og:url\" content=\"https:\/\/leisurepools.be\/fr\/le-manuel-de-demande-de-permis\/\" \/>\n<meta property=\"og:site_name\" content=\"Leisure Pools\" \/>\n<meta property=\"article:modified_time\" content=\"2025-06-19T07:13:14+00:00\" \/>\n<meta property=\"og:image\" content=\"https:\/\/s.w.org\/images\/core\/emoji\/15.1.0\/svg\/1f449.svg\" \/>\n<meta name=\"twitter:card\" content=\"summary_large_image\" \/>\n<meta name=\"twitter:label1\" content=\"Dur\u00e9e de lecture estim\u00e9e\" \/>\n\t<meta name=\"twitter:data1\" content=\"3 minutes\" \/>\n<script type=\"application\/ld+json\" class=\"yoast-schema-graph\">{\"@context\":\"https:\/\/schema.org\",\"@graph\":[{\"@type\":\"WebPage\",\"@id\":\"https:\/\/leisurepools.be\/fr\/le-manuel-de-demande-de-permis\/\",\"url\":\"https:\/\/leisurepools.be\/fr\/le-manuel-de-demande-de-permis\/\",\"name\":\"Manuel de demande de permis - Leisure Pools\",\"isPartOf\":{\"@id\":\"https:\/\/leisurepools.be\/fr\/#website\"},\"primaryImageOfPage\":{\"@id\":\"https:\/\/leisurepools.be\/fr\/le-manuel-de-demande-de-permis\/#primaryimage\"},\"image\":{\"@id\":\"https:\/\/leisurepools.be\/fr\/le-manuel-de-demande-de-permis\/#primaryimage\"},\"thumbnailUrl\":\"https:\/\/s.w.org\/images\/core\/emoji\/15.1.0\/svg\/1f449.svg\",\"datePublished\":\"2025-06-19T07:05:37+00:00\",\"dateModified\":\"2025-06-19T07:13:14+00:00\",\"breadcrumb\":{\"@id\":\"https:\/\/leisurepools.be\/fr\/le-manuel-de-demande-de-permis\/#breadcrumb\"},\"inLanguage\":\"fr-FR\",\"potentialAction\":[{\"@type\":\"ReadAction\",\"target\":[\"https:\/\/leisurepools.be\/fr\/le-manuel-de-demande-de-permis\/\"]}]},{\"@type\":\"ImageObject\",\"inLanguage\":\"fr-FR\",\"@id\":\"https:\/\/leisurepools.be\/fr\/le-manuel-de-demande-de-permis\/#primaryimage\",\"url\":\"https:\/\/s.w.org\/images\/core\/emoji\/15.1.0\/svg\/1f449.svg\",\"contentUrl\":\"https:\/\/s.w.org\/images\/core\/emoji\/15.1.0\/svg\/1f449.svg\"},{\"@type\":\"BreadcrumbList\",\"@id\":\"https:\/\/leisurepools.be\/fr\/le-manuel-de-demande-de-permis\/#breadcrumb\",\"itemListElement\":[{\"@type\":\"ListItem\",\"position\":1,\"name\":\"Home\",\"item\":\"https:\/\/leisurepools.be\/fr\/\"},{\"@type\":\"ListItem\",\"position\":2,\"name\":\"Manuel de demande de permis\"}]},{\"@type\":\"WebSite\",\"@id\":\"https:\/\/leisurepools.be\/fr\/#website\",\"url\":\"https:\/\/leisurepools.be\/fr\/\",\"name\":\"Leisure Pools\",\"description\":\"Op vakantie in je eigen tuin\",\"publisher\":{\"@id\":\"https:\/\/leisurepools.be\/fr\/#organization\"},\"potentialAction\":[{\"@type\":\"SearchAction\",\"target\":{\"@type\":\"EntryPoint\",\"urlTemplate\":\"https:\/\/leisurepools.be\/fr\/?s={search_term_string}\"},\"query-input\":{\"@type\":\"PropertyValueSpecification\",\"valueRequired\":true,\"valueName\":\"search_term_string\"}}],\"inLanguage\":\"fr-FR\"},{\"@type\":\"Organization\",\"@id\":\"https:\/\/leisurepools.be\/fr\/#organization\",\"name\":\"Leisure Pools\",\"url\":\"https:\/\/leisurepools.be\/fr\/\",\"logo\":{\"@type\":\"ImageObject\",\"inLanguage\":\"fr-FR\",\"@id\":\"https:\/\/leisurepools.be\/fr\/#\/schema\/logo\/image\/\",\"url\":\"https:\/\/leisurepools.be\/wp-content\/uploads\/2021\/03\/leisure-pools-blue.svg\",\"contentUrl\":\"https:\/\/leisurepools.be\/wp-content\/uploads\/2021\/03\/leisure-pools-blue.svg\",\"width\":247,\"height\":97,\"caption\":\"Leisure Pools\"},\"image\":{\"@id\":\"https:\/\/leisurepools.be\/fr\/#\/schema\/logo\/image\/\"}}]}<\/script>\n<!-- \/ Yoast SEO plugin. -->","yoast_head_json":{"title":"Manuel de demande de permis - Leisure Pools","robots":{"index":"index","follow":"follow","max-snippet":"max-snippet:-1","max-image-preview":"max-image-preview:large","max-video-preview":"max-video-preview:-1"},"canonical":"https:\/\/leisurepools.be\/fr\/le-manuel-de-demande-de-permis\/","og_locale":"fr_FR","og_type":"article","og_title":"Manuel de demande de permis - Leisure Pools","og_description":"demande de permis de piscine Assistance pour votre demande de permis de piscine F\u00e9licitations pour votre choix de Leisure Pools ! Avant de pouvoir d\u00e9buter les travaux d&rsquo;installation de votre piscine de r\u00eave, quelques d\u00e9marches administratives peuvent \u00eatre n\u00e9cessaires. Nous vous accompagnons volontiers dans les \u00e9tapes de votre demande de permis. Avez-vous besoin d\u2019un permis [&hellip;]","og_url":"https:\/\/leisurepools.be\/fr\/le-manuel-de-demande-de-permis\/","og_site_name":"Leisure Pools","article_modified_time":"2025-06-19T07:13:14+00:00","og_image":[{"url":"https:\/\/s.w.org\/images\/core\/emoji\/15.1.0\/svg\/1f449.svg","type":"","width":"","height":""}],"twitter_card":"summary_large_image","twitter_misc":{"Dur\u00e9e de lecture estim\u00e9e":"3 minutes"},"schema":{"@context":"https:\/\/schema.org","@graph":[{"@type":"WebPage","@id":"https:\/\/leisurepools.be\/fr\/le-manuel-de-demande-de-permis\/","url":"https:\/\/leisurepools.be\/fr\/le-manuel-de-demande-de-permis\/","name":"Manuel de demande de permis - Leisure Pools","isPartOf":{"@id":"https:\/\/leisurepools.be\/fr\/#website"},"primaryImageOfPage":{"@id":"https:\/\/leisurepools.be\/fr\/le-manuel-de-demande-de-permis\/#primaryimage"},"image":{"@id":"https:\/\/leisurepools.be\/fr\/le-manuel-de-demande-de-permis\/#primaryimage"},"thumbnailUrl":"https:\/\/s.w.org\/images\/core\/emoji\/15.1.0\/svg\/1f449.svg","datePublished":"2025-06-19T07:05:37+00:00","dateModified":"2025-06-19T07:13:14+00:00","breadcrumb":{"@id":"https:\/\/leisurepools.be\/fr\/le-manuel-de-demande-de-permis\/#breadcrumb"},"inLanguage":"fr-FR","potentialAction":[{"@type":"ReadAction","target":["https:\/\/leisurepools.be\/fr\/le-manuel-de-demande-de-permis\/"]}]},{"@type":"ImageObject","inLanguage":"fr-FR","@id":"https:\/\/leisurepools.be\/fr\/le-manuel-de-demande-de-permis\/#primaryimage","url":"https:\/\/s.w.org\/images\/core\/emoji\/15.1.0\/svg\/1f449.svg","contentUrl":"https:\/\/s.w.org\/images\/core\/emoji\/15.1.0\/svg\/1f449.svg"},{"@type":"BreadcrumbList","@id":"https:\/\/leisurepools.be\/fr\/le-manuel-de-demande-de-permis\/#breadcrumb","itemListElement":[{"@type":"ListItem","position":1,"name":"Home","item":"https:\/\/leisurepools.be\/fr\/"},{"@type":"ListItem","position":2,"name":"Manuel de demande de permis"}]},{"@type":"WebSite","@id":"https:\/\/leisurepools.be\/fr\/#website","url":"https:\/\/leisurepools.be\/fr\/","name":"Leisure Pools","description":"Op vakantie in je eigen tuin","publisher":{"@id":"https:\/\/leisurepools.be\/fr\/#organization"},"potentialAction":[{"@type":"SearchAction","target":{"@type":"EntryPoint","urlTemplate":"https:\/\/leisurepools.be\/fr\/?s={search_term_string}"},"query-input":{"@type":"PropertyValueSpecification","valueRequired":true,"valueName":"search_term_string"}}],"inLanguage":"fr-FR"},{"@type":"Organization","@id":"https:\/\/leisurepools.be\/fr\/#organization","name":"Leisure Pools","url":"https:\/\/leisurepools.be\/fr\/","logo":{"@type":"ImageObject","inLanguage":"fr-FR","@id":"https:\/\/leisurepools.be\/fr\/#\/schema\/logo\/image\/","url":"https:\/\/leisurepools.be\/wp-content\/uploads\/2021\/03\/leisure-pools-blue.svg","contentUrl":"https:\/\/leisurepools.be\/wp-content\/uploads\/2021\/03\/leisure-pools-blue.svg","width":247,"height":97,"caption":"Leisure Pools"},"image":{"@id":"https:\/\/leisurepools.be\/fr\/#\/schema\/logo\/image\/"}}]}},"_links":{"self":[{"href":"https:\/\/leisurepools.be\/fr\/wp-json\/wp\/v2\/pages\/28279","targetHints":{"allow":["GET"]}}],"collection":[{"href":"https:\/\/leisurepools.be\/fr\/wp-json\/wp\/v2\/pages"}],"about":[{"href":"https:\/\/leisurepools.be\/fr\/wp-json\/wp\/v2\/types\/page"}],"author":[{"embeddable":true,"href":"https:\/\/leisurepools.be\/fr\/wp-json\/wp\/v2\/users\/9"}],"replies":[{"embeddable":true,"href":"https:\/\/leisurepools.be\/fr\/wp-json\/wp\/v2\/comments?post=28279"}],"version-history":[{"count":6,"href":"https:\/\/leisurepools.be\/fr\/wp-json\/wp\/v2\/pages\/28279\/revisions"}],"predecessor-version":[{"id":28289,"href":"https:\/\/leisurepools.be\/fr\/wp-json\/wp\/v2\/pages\/28279\/revisions\/28289"}],"wp:attachment":[{"href":"https:\/\/leisurepools.be\/fr\/wp-json\/wp\/v2\/media?parent=28279"}],"curies":[{"name":"wp","href":"https:\/\/api.w.org\/{rel}","templated":true}]}}